{"id":2352,"date":"2021-12-04T22:26:53","date_gmt":"2021-12-04T21:26:53","guid":{"rendered":"https:\/\/autodeclaro.es\/?post_type=product&#038;p=2352"},"modified":"2024-02-22T11:41:32","modified_gmt":"2024-02-22T10:41:32","slug":"test-auto-d6","status":"publish","type":"product","link":"https:\/\/autodeclaro.es\/fr\/produit\/test-auto-d6\/","title":{"rendered":"Auto D6"},"content":{"rendered":"<p>G\u00e9n\u00e9rer votre mod\u00e8le D6 \u00e0 partir des portefeuilles de courtiers que vous nous fournissez.<br \/>\n<strong>Remarque :<\/strong> La version \"gratuite\" ne g\u00e9n\u00e8re qu'un mod\u00e8le D6 \u00e0 3 positions.<\/p>\n<p>Actuellement, \"Auto D6\" prend en charge les courtiers suivants :<\/p>\n<ul>\n<li>DeGiro<\/li>\n<li>IBKR<\/li>\n<li>Revolut<\/li>\n<li>XTB<\/li>\n<li>N\u00e9gociation 212<\/li>\n<\/ul>\n<p><strong>Comment obtenir le portefeuille dans DeGiro, IBKR, Revolut et Trading 212 ?<\/strong><\/p>\n<p>Vous pouvez voir comment t\u00e9l\u00e9charger votre portefeuille pour DeGiro, IBKR, Revolut, XTB et Trading.\u00a0 <a href=\"https:\/\/autodeclaro.es\/fr\/comment-obtenir-des-extraits-dauto-720\/\">ici<\/a><\/p>\n<p><strong>Puis-je g\u00e9n\u00e9rer le mod\u00e8le D6 pour les portefeuilles de plusieurs courtiers ?<\/strong><\/p>\n<p>Oui, pour ce faire, comprimez au format .ZIP les fichiers des courtiers pour lesquels vous souhaitez obtenir le formulaire D6 compl\u00e9t\u00e9.<\/p>\n<p><strong>Quand le fichier CSV est-il joint pour g\u00e9n\u00e9rer le mod\u00e8le D6 ?<\/strong><\/p>\n<p>A la fin de l'achat, vous aurez la possibilit\u00e9 de joindre le fichier avec le portefeuille d'actions afin de g\u00e9n\u00e9rer votre mod\u00e8le D6.<br \/>\nUne fois la proc\u00e9dure termin\u00e9e, vous recevrez votre mod\u00e8le D6 compl\u00e9t\u00e9 au format .AFORIXM, pr\u00eat \u00e0 \u00eatre soumis.<\/p>\n<p><strong>Vous n'avez pas de portefeuille d'actions DeGiro, IBKR, Revolut ou Trading 212 ?<\/strong><\/p>\n<p>Vous pouvez t\u00e9l\u00e9charger ci-dessous des portefeuilles d'essai \u00e0 utiliser dans la version DEMO.<\/p>\n<ul>\n<li>Portefeuille DeGiro -&gt; <a href=\"https:\/\/autodeclaro.es\/wp-content\/uploads\/2021\/11\/Portfolio_DeGiro.csv\" target=\"_blank\" rel=\"noopener\">T\u00e9l\u00e9charger<\/a><\/li>\n<li>Portefeuille IBKR -&gt; <a href=\"https:\/\/autodeclaro.es\/wp-content\/uploads\/2021\/11\/Portfolio_IBKR.csv\" target=\"_blank\" rel=\"noopener\">T\u00e9l\u00e9charger<\/a><\/li>\n<\/ul>","protected":false},"excerpt":{"rendered":"<p>G\u00e9n\u00e9rez votre mod\u00e8le D6 \u00e0 partir des portefeuilles de courtiers que vous fournissez. Remarque : la version \u2018gratuite\u2019 ne g\u00e9n\u00e8re qu'un mod\u00e8le D6 avec 3 positions. Actuellement, \u2018Auto D6\u2019 supporte les courtiers suivants : DeGiro IBKR Revolut XTB Trading 212 Comment puis-je obtenir le portefeuille dans DeGiro, IBKR, Revolut et Trading 212 ? Vous pouvez voir comment t\u00e9l\u00e9charger votre portefeuille ... <a title=\"Auto D6\" class=\"read-more\" href=\"https:\/\/autodeclaro.es\/fr\/produit\/test-auto-d6\/\" aria-label=\"En savoir plus sur Auto D6\">Lire la suite<\/a><\/p>","protected":false},"featured_media":1481,"template":"","meta":[],"product_brand":[],"product_cat":[16],"product_tag":[],"class_list":{"0":"post-2352","1":"product","2":"type-product","3":"status-publish","4":"has-post-thumbnail","6":"product_cat-herramientas","7":"sales-flash-overlay","8":"woocommerce-text-align-center","9":"woocommerce-image-align-center","10":"do-quantity-buttons","12":"first","13":"instock","14":"sale","15":"sold-individually","16":"taxable","17":"shipping-taxable","18":"purchasable","19":"product-type-variable"},"_links":{"self":[{"href":"https:\/\/autodeclaro.es\/fr\/wp-json\/wp\/v2\/product\/2352","targetHints":{"allow":["GET"]}}],"collection":[{"href":"https:\/\/autodeclaro.es\/fr\/wp-json\/wp\/v2\/product"}],"about":[{"href":"https:\/\/autodeclaro.es\/fr\/wp-json\/wp\/v2\/types\/product"}],"wp:featuredmedia":[{"embeddable":true,"href":"https:\/\/autodeclaro.es\/fr\/wp-json\/wp\/v2\/media\/1481"}],"wp:attachment":[{"href":"https:\/\/autodeclaro.es\/fr\/wp-json\/wp\/v2\/media?parent=2352"}],"wp:term":[{"taxonomy":"product_brand","embeddable":true,"href":"https:\/\/autodeclaro.es\/fr\/wp-json\/wp\/v2\/product_brand?post=2352"},{"taxonomy":"product_cat","embeddable":true,"href":"https:\/\/autodeclaro.es\/fr\/wp-json\/wp\/v2\/product_cat?post=2352"},{"taxonomy":"product_tag","embeddable":true,"href":"https:\/\/autodeclaro.es\/fr\/wp-json\/wp\/v2\/product_tag?post=2352"}],"curies":[{"name":"wp","href":"https:\/\/api.w.org\/{rel}","templated":true}]}}