{"id":274,"date":"2021-10-05T10:36:41","date_gmt":"2021-10-05T10:36:41","guid":{"rendered":"https:\/\/autodeclaro.es\/?page_id=274"},"modified":"2025-01-03T09:33:54","modified_gmt":"2025-01-03T08:33:54","slug":"a-propos-de","status":"publish","type":"page","link":"https:\/\/autodeclaro.es\/fr\/a-propos-de\/","title":{"rendered":"A propos de"},"content":{"rendered":"<div class=\"gb-container gb-container-7f130edc\"><div class=\"gb-inside-container\">\n<div class=\"gb-grid-wrapper gb-grid-wrapper-5d4b0693\">\n<div class=\"gb-grid-column gb-grid-column-de025579\"><div class=\"gb-container gb-container-de025579\"><div class=\"gb-inside-container\">\n<div class=\"wp-block-image photo-shadow img\">\n<figure class=\"aligncenter size-full is-resized\"><img decoding=\"async\" width=\"444\" height=\"444\" src=\"https:\/\/autodeclaro.es\/wp-content\/uploads\/2021\/09\/1516370285028.jpeg\" alt=\"Daniel Zapar\" class=\"wp-image-30\" style=\"width:222px;height:222px\" srcset=\"https:\/\/autodeclaro.es\/wp-content\/uploads\/2021\/09\/1516370285028.jpeg 444w, https:\/\/autodeclaro.es\/wp-content\/uploads\/2021\/09\/1516370285028-100x100.jpeg 100w, https:\/\/autodeclaro.es\/wp-content\/uploads\/2021\/09\/1516370285028-300x300.jpeg 300w, https:\/\/autodeclaro.es\/wp-content\/uploads\/2021\/09\/1516370285028-150x150.jpeg 150w\" sizes=\"(max-width: 444px) 100vw, 444px\" \/><\/figure>\n<\/div>\n\n<div class=\"gb-button-wrapper gb-button-wrapper-d893e101\">\n\n<a class=\"gb-button gb-button-6c868c8a\" href=\"https:\/\/es.linkedin.com\/in\/dzapardiel?trk=people-guest_people_search-card\" target=\"_blank\" rel=\"nofollow noopener noreferrer\"><span class=\"gb-icon\"><svg xmlns=\"http:\/\/www.w3.org\/2000\/svg\" viewbox=\"0 0 448 512\" width=\"1em\" height=\"1em\" aria-hidden=\"true\"><path d=\"M100.28 448H7.4V148.9h92.88zM53.79 108.1C24.09 108.1 0 83.5 0 53.8a53.79 53.79 0 0 1 107.58 0c0 29.7-24.1 54.3-53.79 54.3zM447.9 448h-92.68V302.4c0-34.7-.7-79.2-48.29-79.2-48.29 0-55.69 37.7-55.69 76.7V448h-92.78V148.9h89.08v40.8h1.3c12.4-23.5 42.69-48.3 87.88-48.3 94 0 111.28 61.9 111.28 142.3V448z\" fill=\"currentColor\"><\/path><\/svg><\/span><\/a>\n\n\n\n<a class=\"gb-button gb-button-184c5aa1\" href=\"https:\/\/twitter.com\/dzapardiel\" target=\"_blank\" rel=\"nofollow noopener noreferrer\"><span class=\"gb-icon\"><svg xmlns=\"http:\/\/www.w3.org\/2000\/svg\" viewbox=\"0 0 512 512\" width=\"1em\" height=\"1em\" aria-hidden=\"true\"><path d=\"M459.37 151.716c.325 4.548.325 9.097.325 13.645 0 138.72-105.583 298.558-298.558 298.558-59.452 0-114.68-17.219-161.137-47.106 8.447.974 16.568 1.299 25.34 1.299 49.055 0 94.213-16.568 130.274-44.832-46.132-.975-84.792-31.188-98.112-72.772 6.498.974 12.995 1.624 19.818 1.624 9.421 0 18.843-1.3 27.614-3.573-48.081-9.747-84.143-51.98-84.143-102.985v-1.299c13.969 7.797 30.214 12.67 47.431 13.319-28.264-18.843-46.781-51.005-46.781-87.391 0-19.492 5.197-37.36 14.294-52.954 51.655 63.675 129.3 105.258 216.365 109.807-1.624-7.797-2.599-15.918-2.599-24.04 0-57.828 46.782-104.934 104.934-104.934 30.213 0 57.502 12.67 76.67 33.137 23.715-4.548 46.456-13.32 66.599-25.34-7.798 24.366-24.366 44.833-46.132 57.827 21.117-2.273 41.584-8.122 60.426-16.243-14.292 20.791-32.161 39.308-52.628 54.253z\" fill=\"currentColor\"><\/path><\/svg><\/span><\/a>\n\n<\/div>\n<\/div><\/div><\/div>\n\n<div class=\"gb-grid-column gb-grid-column-63372328\"><div class=\"gb-container gb-container-63372328\"><div class=\"gb-inside-container\">\n\n<p>Bonjour, je m'appelle Daniel, je suis p\u00e8re de famille, j'ai 40 ans et j'ai \u00e9tudi\u00e9 l'informatique dans mes jeunes ann\u00e9es. Et oui, je suis la personne derri\u00e8re <strong>AutoDeclaro.es<\/strong>.<\/p>\n\n\n\n<p>J'aime r\u00e9soudre des probl\u00e8mes qui me permettent de consacrer du temps \u00e0 ce qui est vraiment important. Ma famille. <\/p>\n\n\n\n<p>C'est pourquoi j'ai concentr\u00e9 mes efforts sur la cr\u00e9ation de <strong>AutoDeclaro.es<\/strong>et pourquoi pas, que <strong>vous pouvez vous aussi b\u00e9n\u00e9ficier de ses avantages<\/strong>.<\/p>\n\n\n\n<p>Test <strong>gratuit<\/strong> sans engagement nos services pour commencer<strong> \u00e9conomiser du temps et de l'argent<\/strong>.<\/p>\n\n\n<div class=\"gb-button-wrapper gb-button-wrapper-4a7daf2e\">\n\n<a class=\"gb-button gb-button-2ac27447 gb-button-text\" href=\"https:\/\/autodeclaro.es\/fr\/#servicios\">Quels sont les services que nous proposons ?<\/a>\n\n<\/div>\n<\/div><\/div><\/div>\n<\/div>\n<\/div><\/div>\n\n<div class=\"gb-container gb-container-043d8b14\"><div class=\"gb-inside-container\">\n\n<p class=\"has-text-align-center\">Si vous souhaitez en savoir plus sur la <strong>Projet Autodeclaro<\/strong>Nous vous encourageons \u00e0 regarder les interviews. <mark style=\"background-color:rgba(0, 0, 0, 0)\" class=\"has-inline-color has-contrast-color\">que l'on nous a accord\u00e9 <strong>Jordi Garcia<\/strong>, <strong>Josean Paunero<\/strong>, <strong>Investissement en dividendes<\/strong>, <strong>Requins de Fintwit<\/strong>, <strong>Santiago Trigo<\/strong><\/mark> et <strong>Pablo Nogales<\/strong>.<\/p>\n\n\n\n\n<div class=\"gb-grid-wrapper gb-grid-wrapper-86a351e6\">\n<div class=\"gb-grid-column gb-grid-column-2c0d7b42\"><div class=\"gb-container gb-container-2c0d7b42\"><div class=\"gb-inside-container\">\n<div class=\"gb-container gb-container-eb8c13cf\"><div class=\"gb-inside-container\">\n<div class=\"wp-block-image\">\n<figure class=\"aligncenter size-large is-resized\"><a href=\"https:\/\/dinerobolsa.com\/experto-habla-fiscalidad-inversiones\/\" target=\"_blank\" rel=\" noreferrer noopener\"><img decoding=\"async\" width=\"1024\" height=\"576\" src=\"https:\/\/autodeclaro.es\/wp-content\/uploads\/2025\/01\/image-2-1024x576.png\" alt=\"\" class=\"wp-image-19972\" style=\"object-fit:cover;width:400px;height:235px\" srcset=\"https:\/\/autodeclaro.es\/wp-content\/uploads\/2025\/01\/image-2-1024x576.png 1024w, https:\/\/autodeclaro.es\/wp-content\/uploads\/2025\/01\/image-2-300x169.png 300w, https:\/\/autodeclaro.es\/wp-content\/uploads\/2025\/01\/image-2-768x432.png 768w, https:\/\/autodeclaro.es\/wp-content\/uploads\/2025\/01\/image-2-18x10.png 18w, https:\/\/autodeclaro.es\/wp-content\/uploads\/2025\/01\/image-2-100x56.png 100w, https:\/\/autodeclaro.es\/wp-content\/uploads\/2025\/01\/image-2-1000x563.png 1000w, https:\/\/autodeclaro.es\/wp-content\/uploads\/2025\/01\/image-2.png 1280w\" sizes=\"(max-width: 1024px) 100vw, 1024px\" \/><\/a><\/figure>\n<\/div>\n<\/div><\/div>\n<\/div><\/div><\/div>\n\n<div class=\"gb-grid-column gb-grid-column-f9f31817\"><div class=\"gb-container gb-container-f9f31817\"><div class=\"gb-inside-container\">\n<div class=\"gb-container gb-container-fb239367\"><div class=\"gb-inside-container\">\n\n<iframe width=\"400\" height=\"235\" src=\"https:\/\/www.youtube-nocookie.com\/embed\/CAnFePr24M0\" title=\"Lecteur vid\u00e9o YouTube\" frameborder=\"0\" allow=\"accelerometer; autoplay; clipboard-write; encrypted-media; gyroscope; picture-in-picture\" allowfullscreen=\"\"><\/iframe>\n\n<\/div><\/div>\n<\/div><\/div><\/div>\n<\/div>\n\n<div class=\"gb-grid-wrapper gb-grid-wrapper-59ee63b9\">\n<div class=\"gb-grid-column gb-grid-column-55aeb87e\"><div class=\"gb-container gb-container-55aeb87e\"><div class=\"gb-inside-container\">\n<div class=\"gb-container gb-container-d978a8d6\"><div class=\"gb-inside-container\">\n\n<iframe width=\"400\" height=\"235\" src=\"https:\/\/www.youtube-nocookie.com\/embed\/PTQE7PgyTko\" title=\"Lecteur vid\u00e9o YouTube\" frameborder=\"0\" allow=\"accelerometer; autoplay; clipboard-write; encrypted-media; gyroscope; picture-in-picture\" allowfullscreen=\"\"><\/iframe>\n\n<\/div><\/div>\n<\/div><\/div><\/div>\n\n<div class=\"gb-grid-column gb-grid-column-e61f9850\"><div class=\"gb-container gb-container-e61f9850\"><div class=\"gb-inside-container\">\n<div class=\"gb-container gb-container-7dc18b60\"><div class=\"gb-inside-container\">\n\n<iframe width=\"400\" height=\"235\" src=\"https:\/\/www.youtube-nocookie.com\/embed\/pkEd07oSnUg\" title=\"Lecteur vid\u00e9o YouTube\" frameborder=\"0\" allow=\"accelerometer; autoplay; clipboard-write; encrypted-media; gyroscope; picture-in-picture\" allowfullscreen=\"\"><\/iframe>\n\n<\/div><\/div>\n<\/div><\/div><\/div>\n<\/div>\n\n<div class=\"gb-grid-wrapper gb-grid-wrapper-f61c3b8b\">\n<div class=\"gb-grid-column gb-grid-column-a1ff4025\"><div class=\"gb-container gb-container-a1ff4025\"><div class=\"gb-inside-container\">\n<div class=\"gb-container gb-container-1e162b3c\"><div class=\"gb-inside-container\">\n\n<iframe width=\"400\" height=\"235\" src=\"https:\/\/www.youtube-nocookie.com\/embed\/obfiOLNfmLo\" title=\"Lecteur vid\u00e9o YouTube\" frameborder=\"0\" allow=\"accelerometer; autoplay; clipboard-write; encrypted-media; gyroscope; picture-in-picture\" allowfullscreen=\"\"><\/iframe>\n\n<\/div><\/div>\n<\/div><\/div><\/div>\n\n<div class=\"gb-grid-column gb-grid-column-7601da21\"><div class=\"gb-container gb-container-7601da21\"><div class=\"gb-inside-container\">\n<div class=\"gb-container gb-container-d01548d2\"><div class=\"gb-inside-container\">\n\n<iframe width=\"400\" height=\"235\" src=\"https:\/\/www.youtube-nocookie.com\/embed\/Z0DhY7Z6itg\" title=\"Lecteur vid\u00e9o YouTube\" frameborder=\"0\" allow=\"accelerometer; autoplay; clipboard-write; encrypted-media; gyroscope; picture-in-picture\" allowfullscreen=\"\"><\/iframe>\n\n<\/div><\/div>\n<\/div><\/div><\/div>\n<\/div>\n<\/div><\/div>\n\n<div class=\"gb-container gb-container-c5c9641c\"><div class=\"gb-inside-container\">\n<div class=\"gb-grid-wrapper gb-grid-wrapper-14e2587a\">\n<div class=\"gb-grid-column gb-grid-column-5eb1af50\"><div class=\"gb-container gb-container-5eb1af50\"><div class=\"gb-inside-container\">\n\n<h2 class=\"gb-headline gb-headline-08ae848a gb-headline-text\">Mais il ne s'agit pas de moi. <br>Cette page vous concerne \u00e9galement. <br>Vous verrez... <br><\/h2>\n\n\n\n<p>La r\u00e9alit\u00e9 actuelle est que, lorsque nous devons remplir un formulaire fiscal, l'option de d\u00e9l\u00e9guer cette t\u00e2che \u00e0 notre conseiller fiscal ou de rechercher un cabinet de conseil peut nous venir \u00e0 l'esprit.<\/p>\n\n\n\n<p>Grosse erreur.&nbsp;<\/p>\n\n\n\n<p>Ces services sont toujours disponibles, mais tout le monde n'a pas les moyens de payer leurs frais \u00e9lev\u00e9s ou vous ne souhaitez tout simplement pas qu'un tiers ait connaissance de votre portefeuille.<\/p>\n\n\n\n<p>Et puis, bien s\u00fbr, nous entreprenons de remplir ces mod\u00e8les nous-m\u00eames, et nous nous retrouvons avec une&nbsp;<strong>t\u00e2che manuelle ardue.<\/strong><\/p>\n\n\n\n<p>Il en r\u00e9sulte que, surtout pour ceux qui ont un portefeuille diversifi\u00e9 de courtiers et un grand nombre d'entreprises, cela prend des heures, voire des jours de travail.&nbsp;<\/p>\n\n\n\n<p>Honn\u00eatement, chaque fois que j'ai eu \u00e0 subir cette proc\u00e9dure, j'ai toujours voulu y consacrer le moins de temps possible, car le temps, c'est de l'argent.<\/p>\n\n\n\n<p>Regardez.<\/p>\n\n\n\n<p>Je ne vais pas vous tromper, je ne suis pas un expert en finance, ni en courtage. Je suis simplement quelqu'un qui a r\u00e9ussi \u00e0 automatiser le processus de g\u00e9n\u00e9ration de certains mod\u00e8les fiscaux.&nbsp;<\/p>\n\n\n\n<p>Je suis passionn\u00e9 par l'\u00e9nergie <strong>gagner du temps<\/strong>Je dois me concentrer sur ce qui est important, que ce soit ma famille ou mon domaine professionnel, et ne pas utiliser mon temps limit\u00e9 pour des t\u00e2ches r\u00e9p\u00e9titives qui ne m'apportent rien.<\/p>\n\n\n\n<p>Et vous savez quoi ?<\/p>\n\n\n\n<p>Vous trouverez ici des outils en ligne exclusifs qui vous permettent de remplir vos obligations fiscales de mani\u00e8re automatique et totalement anonyme.<\/p>\n\n\n\n<p><strong><strong>AutoDeclaro.es<\/strong><\/strong>&nbsp;est la r\u00e9ponse \u00e0 l'int\u00e9r\u00eat que, comme moi, des milliers de personnes ont lorsqu'elles d\u00e9tiennent un portefeuille aupr\u00e8s de courtiers \u00e9trangers, en gagnant du temps, en remplissant leurs obligations l\u00e9gales et aussi de mani\u00e8re confidentielle et s\u00e9curis\u00e9e.<\/p>\n\n\n<div class=\"gb-button-wrapper gb-button-wrapper-a18de71a\">\n\n<a class=\"gb-button gb-button-e3c6c443 gb-button-text\" href=\"https:\/\/autodeclaro.es\/fr\/#servicios\">Conna\u00eetre nos services<\/a>\n\n<\/div>\n<\/div><\/div><\/div>\n<\/div>\n<\/div><\/div>\n\n<div class=\"gb-container gb-container-dec1d26e\"><div class=\"gb-inside-container\">\n<div class=\"gb-container gb-container-392bdfa1\"><div class=\"gb-inside-container\">\n<div class=\"gb-grid-wrapper gb-grid-wrapper-3bd61556\">\n<div class=\"gb-grid-column gb-grid-column-4ed7e94d\"><div class=\"gb-container gb-container-4ed7e94d\"><div class=\"gb-inside-container\">\n\n<h2 class=\"gb-headline gb-headline-857db351 gb-headline-text\">Aide<\/h2>\n\n\n<div class=\"gb-button-wrapper gb-button-wrapper-5233a7a8\">\n\n<a class=\"gb-button gb-button-84968700 gb-button-text\" href=\"https:\/\/autodeclaro.es\/fr\/contact\/\"><strong>CONTACT<\/strong><\/a>\n\n\n\n<a class=\"gb-button gb-button-47af23a3 gb-button-text\" href=\"https:\/\/autodeclaro.es\/fr\/securite\/\" target=\"_blank\" rel=\"noopener noreferrer\"><strong>S\u00c9CURIT\u00c9<\/strong><\/a>\n\n\n\n<a class=\"gb-button gb-button-908f69d2 gb-button-text\" href=\"https:\/\/autodeclaro.es\/fr\/a-propos-de\/\" target=\"_blank\" rel=\"noopener noreferrer\"><strong>A propos de moi<\/strong><\/a>\n\n\n\n<a class=\"gb-button gb-button-26ce780f gb-button-text\" href=\"https:\/\/modelorenta.com\" target=\"_blank\" rel=\"noopener noreferrer\"><strong>MOD\u00c8LE DE REVENU<\/strong><\/a>\n\n<\/div>\n<\/div><\/div><\/div>\n\n<div class=\"gb-grid-column gb-grid-column-02729e6c\"><div class=\"gb-container gb-container-02729e6c\"><div class=\"gb-inside-container\">\n\n<h2 class=\"gb-headline gb-headline-cf7354d8 gb-headline-text\">Navigation<\/h2>\n\n\n<div class=\"gb-button-wrapper gb-button-wrapper-efa19db8\">\n\n<a class=\"gb-button gb-button-23858bbd gb-button-text\" href=\"https:\/\/autodeclaro.es\/fr\/\"><strong>AUTODECLARO.ES<\/strong><\/a>\n\n\n\n<a class=\"gb-button gb-button-70a90825 gb-button-text\" href=\"https:\/\/autodeclaro.es\/fr\/comment-obtenir-les-extraits\/\"><strong>INSTRUCTIONS<\/strong><\/a>\n\n\n\n<a class=\"gb-button gb-button-79e93945 gb-button-text\" href=\"https:\/\/autodeclaro.es\/fr\/location-dautomobiles\/\"><strong>mod\u00e8le 100<\/strong><\/a>\n\n\n\n<a class=\"gb-button gb-button-3935bfe8 gb-button-text\" href=\"https:\/\/autodeclaro.es\/fr\/location-dautomobiles-2\/\"><strong>CRIPTOMONEDAS<\/strong><\/a>\n\n\n\n<a class=\"gb-button gb-button-1530f8e0 gb-button-text\" href=\"https:\/\/autodeclaro.es\/fr\/auto-720\/\"><strong>mod\u00e8le 720<\/strong><\/a>\n\n\n\n<a class=\"gb-button gb-button-a7800d52 gb-button-text\" href=\"https:\/\/autodeclaro.es\/fr\/voiture-721\/\"><strong>mod\u00e8le 721<\/strong><\/a>\n\n\n\n<a class=\"gb-button gb-button-86e6e154 gb-button-text\" href=\"https:\/\/autodeclaro.es\/fr\/auto-210\/\" target=\"_blank\" rel=\"noopener noreferrer\"><strong>MOD\u00c8LE 210<\/strong><\/a>\n\n\n\n<a class=\"gb-button gb-button-99c10d57 gb-button-text\" href=\"https:\/\/autodeclaro.es\/fr\/caracteristiques-3\/\"><strong>caract\u00e9ristiques<\/strong><\/a>\n\n\n\n<a class=\"gb-button gb-button-702d9b27 gb-button-text\" href=\"https:\/\/autodeclaro.es\/fr\/parler-de-nous\/\"><strong>PARLEZ DE NOUS<\/strong><\/a>\n\n\n\n<a class=\"gb-button gb-button-133699ef gb-button-text\" href=\"https:\/\/autodeclaro.es\/fr\/la-tarification\/\"><strong>TAUX<\/strong><\/a>\n\n<\/div>\n<\/div><\/div><\/div>\n\n<div class=\"gb-grid-column gb-grid-column-e97c2f8a\"><div class=\"gb-container gb-container-e97c2f8a\"><div class=\"gb-inside-container\">\n\n<h2 class=\"gb-headline gb-headline-9d7b1b26 gb-headline-text\">Juridique<\/h2>\n\n\n<div class=\"gb-button-wrapper gb-button-wrapper-da2420ec\">\n\n<a class=\"gb-button gb-button-364f54fc gb-button-text\" href=\"https:\/\/autodeclaro.es\/fr\/avis-juridique\/\">AVIS <strong>juridique<\/strong><\/a>\n\n\n\n<a class=\"gb-button gb-button-b2a6a2fc gb-button-text\" href=\"https:\/\/autodeclaro.es\/fr\/politique-de-confidentialite\/\"><strong>POLITIQUE DE CONFIDENTIALIT\u00c9<\/strong><\/a>\n\n\n\n<a class=\"gb-button gb-button-eb678b04 gb-button-text\" href=\"https:\/\/autodeclaro.es\/fr\/politique-en-matiere-de-cookies\/\"><strong>COOKIES<\/strong><\/a>\n\n\n\n<a class=\"gb-button gb-button-8850486f gb-button-text\" href=\"https:\/\/autodeclaro.es\/fr\/conditions-demploi\/\"><strong>CONDITIONS D'EMPLOI<\/strong><\/a>\n\n\n\n<a class=\"gb-button gb-button-88b4c17c gb-button-text\" href=\"https:\/\/autodeclaro.es\/fr\/programme-daffiliation\/\" target=\"_blank\" rel=\"noopener noreferrer\">DEVENIR AFFILI\u00c9<\/a>\n\n\n\n<a class=\"gb-button gb-button-12381714 gb-button-text\" href=\"\/fr\/#gdpr_cookie_modal\"><strong>pr\u00e9f\u00e9rence en mati\u00e8re de cookies<\/strong><\/a>\n\n<\/div>\n<\/div><\/div><\/div>\n\n<div class=\"gb-grid-column gb-grid-column-ca367b27\"><div class=\"gb-container gb-container-ca367b27\"><div class=\"gb-inside-container\">\n\n<h2 class=\"gb-headline gb-headline-65e0fe6e gb-headline-text\">Suivez-nous sur<\/h2>\n\n\n<div class=\"gb-button-wrapper gb-button-wrapper-7a42ce51\">\n\n<a class=\"gb-button gb-button-da71ac4d\" href=\"https:\/\/twitter.com\/autodeclaro\" target=\"_blank\" rel=\"nofollow noopener noreferrer\"><span class=\"gb-icon\"><svg width=\"1200\" height=\"1227\" viewbox=\"0 0 1200 1227\" fill=\"none\" xmlns=\"http:\/\/www.w3.org\/2000\/svg\"> <path d=\"M714.163 519.284L1160.89 0H1055.03L667.137 450.887L357.328 0H0L468.492 681.821L0 1226.37H105.866L515.491 750.218L842.672 1226.37H1200L714.137 519.284H714.163ZM569.165 687.828L521.697 619.934L144.011 79.6944H306.615L611.412 515.685L658.88 583.579L1055.08 1150.3H892.476L569.165 687.854V687.828Z\" fill=\"white\"><\/path><\/svg><\/span><\/a>\n\n\n\n<a class=\"gb-button gb-button-f531bb1b\" href=\"https:\/\/www.youtube.com\/channel\/UC47sIi2BOg2v8-IKUX5PVtg\" target=\"_blank\" rel=\"nofollow noopener noreferrer\"><span class=\"gb-icon\"><svg aria-hidden=\"true\" role=\"img\" height=\"1em\" width=\"1em\" viewbox=\"0 0 576 512\" xmlns=\"http:\/\/www.w3.org\/2000\/svg\"><path fill=\"currentColor\" d=\"M549.655 124.083c-6.281-23.65-24.787-42.276-48.284-48.597C458.781 64 288 64 288 64S117.22 64 74.629 75.486c-23.497 6.322-42.003 24.947-48.284 48.597-11.412 42.867-11.412 132.305-11.412 132.305s0 89.438 11.412 132.305c6.281 23.65 24.787 41.5 48.284 47.821C117.22 448 288 448 288 448s170.78 0 213.371-11.486c23.497-6.321 42.003-24.171 48.284-47.821 11.412-42.867 11.412-132.305 11.412-132.305s0-89.438-11.412-132.305zm-317.51 213.508V175.185l142.739 81.205-142.739 81.201z\"><\/path><\/svg><\/span><\/a>\n\n\n\n<a class=\"gb-button gb-button-b9a9c37c\" href=\"https:\/\/www.facebook.com\/autodeclaro\" target=\"_blank\" rel=\"nofollow noopener noreferrer\"><span class=\"gb-icon\"><svg xmlns=\"http:\/\/www.w3.org\/2000\/svg\" viewbox=\"0 0 320 512\" width=\"1em\" height=\"1em\" aria-hidden=\"true\"><path d=\"M279.14 288l14.22-92.66h-88.91v-60.13c0-25.35 12.42-50.06 52.24-50.06h40.42V6.26S260.43 0 225.36 0c-73.22 0-121.08 44.38-121.08 124.72v70.62H22.89V288h81.39v224h100.17V288z\" fill=\"currentColor\"><\/path><\/svg><\/span><\/a>\n\n\n\n<a class=\"gb-button gb-button-76c47084\" href=\"https:\/\/www.linkedin.com\/company\/autodeclaro\" target=\"_blank\" rel=\"nofollow noopener noreferrer\"><span class=\"gb-icon\"><svg xmlns=\"http:\/\/www.w3.org\/2000\/svg\" viewbox=\"0 0 448 512\" width=\"1em\" height=\"1em\" aria-hidden=\"true\"><path d=\"M100.28 448H7.4V148.9h92.88zM53.79 108.1C24.09 108.1 0 83.5 0 53.8a53.79 53.79 0 0 1 107.58 0c0 29.7-24.1 54.3-53.79 54.3zM447.9 448h-92.68V302.4c0-34.7-.7-79.2-48.29-79.2-48.29 0-55.69 37.7-55.69 76.7V448h-92.78V148.9h89.08v40.8h1.3c12.4-23.5 42.69-48.3 87.88-48.3 94 0 111.28 61.9 111.28 142.3V448z\" fill=\"currentColor\"><\/path><\/svg><\/span><\/a>\n\n\n\n<a class=\"gb-button gb-button-682f573a\" href=\"https:\/\/www.instagram.com\/autodeclaro\" target=\"_blank\" rel=\"nofollow noopener noreferrer\"><span class=\"gb-icon\"><svg xmlns=\"http:\/\/www.w3.org\/2000\/svg\" viewbox=\"0 0 448 512\" width=\"1em\" height=\"1em\" aria-hidden=\"true\"><path d=\"M224.1 141c-63.6 0-114.9 51.3-114.9 114.9s51.3 114.9 114.9 114.9S339 319.5 339 255.9 287.7 141 224.1 141zm0 189.6c-41.1 0-74.7-33.5-74.7-74.7s33.5-74.7 74.7-74.7 74.7 33.5 74.7 74.7-33.6 74.7-74.7 74.7zm146.4-194.3c0 14.9-12 26.8-26.8 26.8-14.9 0-26.8-12-26.8-26.8s12-26.8 26.8-26.8 26.8 12 26.8 26.8zm76.1 27.2c-1.7-35.9-9.9-67.7-36.2-93.9-26.2-26.2-58-34.4-93.9-36.2-37-2.1-147.9-2.1-184.9 0-35.8 1.7-67.6 9.9-93.9 36.1s-34.4 58-36.2 93.9c-2.1 37-2.1 147.9 0 184.9 1.7 35.9 9.9 67.7 36.2 93.9s58 34.4 93.9 36.2c37 2.1 147.9 2.1 184.9 0 35.9-1.7 67.7-9.9 93.9-36.2 26.2-26.2 34.4-58 36.2-93.9 2.1-37 2.1-147.8 0-184.8zM398.8 388c-7.8 19.6-22.9 34.7-42.6 42.6-29.5 11.7-99.5 9-132.1 9s-102.7 2.6-132.1-9c-19.6-7.8-34.7-22.9-42.6-42.6-11.7-29.5-9-99.5-9-132.1s-2.6-102.7 9-132.1c7.8-19.6 22.9-34.7 42.6-42.6 29.5-11.7 99.5-9 132.1-9s102.7-2.6 132.1 9c19.6 7.8 34.7 22.9 42.6 42.6 11.7 29.5 9 99.5 9 132.1s2.7 102.7-9 132.1z\" fill=\"currentColor\"><\/path><\/svg><\/span><\/a>\n\n<\/div>\n\n<div class=\"gb-container gb-container-2f03eff6\"><div class=\"gb-inside-container\">\n\n<p class=\"has-text-align-center\">Voir nos commentaires sur : <strong><a href=\"https:\/\/es.trustpilot.com\/review\/autodeclaro.es\" target=\"_blank\" data-type=\"link\" data-id=\"https:\/\/es.trustpilot.com\/review\/autodeclaro.es\" rel=\"noreferrer noopener\">TrustPilot<\/a><\/strong> et <strong><a href=\"https:\/\/goo.gl\/maps\/wsvLCavB38e2db5L7\" target=\"_blank\" data-type=\"link\" data-id=\"https:\/\/goo.gl\/maps\/wsvLCavB38e2db5L7\" rel=\"noreferrer noopener\">Google<\/a><\/strong><\/p>\n\n<\/div><\/div>\n<\/div><\/div><\/div>\n<\/div>\n<\/div><\/div>\n\n<div class=\"gb-grid-wrapper gb-grid-wrapper-8d2f1c2d\">\n<div class=\"gb-grid-column gb-grid-column-143d0181\"><div class=\"gb-container gb-container-143d0181\"><div class=\"gb-inside-container\">\n\n<p class=\"gb-headline gb-headline-1d654ec7 gb-headline-text\">\u00a9 2021 AUTODECLARO.ES - Tous droits r\u00e9serv\u00e9s<\/p>\n\n<\/div><\/div><\/div>\n\n<div class=\"gb-grid-column gb-grid-column-9df10302\"><div class=\"gb-container gb-container-9df10302\"><div class=\"gb-inside-container\">\n\n<p class=\"gb-headline gb-headline-e92cec68 gb-headline-text\"> LOGICIEL D\u00c9VELOPP\u00c9 EN ESPAGNE<\/p>\n\n<\/div><\/div><\/div>\n<\/div>\n<\/div><\/div>","protected":false},"excerpt":{"rendered":"<p>Si vous souhaitez en savoir plus sur le projet Autodeclaro, nous vous encourageons \u00e0 regarder les interviews de Jordi Garc\u00eda, Josean Paunero, Inversi\u00f3n en Dividendos, Tiburones del Fintwit, Santiago Trigo et Pablo Nogales.<\/p>","protected":false},"author":1,"featured_media":0,"parent":0,"menu_order":0,"comment_status":"closed","ping_status":"closed","template":"","meta":{"footnotes":""},"class_list":["post-274","page","type-page","status-publish"],"_links":{"self":[{"href":"https:\/\/autodeclaro.es\/fr\/wp-json\/wp\/v2\/pages\/274","targetHints":{"allow":["GET"]}}],"collection":[{"href":"https:\/\/autodeclaro.es\/fr\/wp-json\/wp\/v2\/pages"}],"about":[{"href":"https:\/\/autodeclaro.es\/fr\/wp-json\/wp\/v2\/types\/page"}],"author":[{"embeddable":true,"href":"https:\/\/autodeclaro.es\/fr\/wp-json\/wp\/v2\/users\/1"}],"replies":[{"embeddable":true,"href":"https:\/\/autodeclaro.es\/fr\/wp-json\/wp\/v2\/comments?post=274"}],"version-history":[{"count":12,"href":"https:\/\/autodeclaro.es\/fr\/wp-json\/wp\/v2\/pages\/274\/revisions"}],"predecessor-version":[{"id":19977,"href":"https:\/\/autodeclaro.es\/fr\/wp-json\/wp\/v2\/pages\/274\/revisions\/19977"}],"wp:attachment":[{"href":"https:\/\/autodeclaro.es\/fr\/wp-json\/wp\/v2\/media?parent=274"}],"curies":[{"name":"wp","href":"https:\/\/api.w.org\/{rel}","templated":true}]}}