{"id":2307,"date":"2021-12-02T13:03:50","date_gmt":"2021-12-02T12:03:50","guid":{"rendered":"https:\/\/autodeclaro.es\/?page_id=2307"},"modified":"2026-03-06T14:56:35","modified_gmt":"2026-03-06T13:56:35","slug":"presentation-du-modele-d6","status":"publish","type":"page","link":"https:\/\/autodeclaro.es\/fr\/presentation-du-modele-d6\/","title":{"rendered":"Pr\u00e9sentation du mod\u00e8le D6"},"content":{"rendered":"<div class=\"gb-container gb-container-7856c198\"><div class=\"gb-inside-container\">\n<div class=\"gb-container gb-container-5586d971\"><div class=\"gb-inside-container\">\n\n<h1 class=\"wp-block-heading\">Pr\u00e9sentation du mod\u00e8le D6<\/h1>\n\n\n\n<p>Une fois que le mod\u00e8le D6 a \u00e9t\u00e9 automatiquement compl\u00e9t\u00e9 par les \u00e9l\u00e9ments suivants <a href=\"https:\/\/autodeclaro.es\/fr\/auto-d6-2\/\">\"Auto D6<\/a>Vous avez trois possibilit\u00e9s pour soumettre votre candidature :<\/p>\n\n\n\n<ul class=\"wp-block-list\">\n<li><strong>Courrier postal ou ordinaire : <\/strong>Uniquement pour les particuliers. Le formulaire D6 peut \u00eatre rempli et imprim\u00e9 \u00e0 l'aide du programme AFORIX ou vous pouvez demander le formulaire papier au minist\u00e8re de l'industrie ou aux directions territoriales ou provinciales du commerce. Veuillez noter que vous devez le signer \u00e0 la main.<\/li>\n<\/ul>\n\n\n\n<div class=\"wp-block-group\"><div class=\"wp-block-group__inner-container is-layout-flow wp-block-group-is-layout-flow\">\n<pre class=\"wp-block-preformatted\">Indiquer le destinataire :\n\n\"Att : Secretar\u00eda General de Comercio Internacional de Servicios e Inversiones\". Minist\u00e8re de l'industrie, du commerce et du tourisme\nRegistre g\u00e9n\u00e9ral\n\nP\u00ba Castellana, 162, 28046 Madrid\n\nT\u00e9l\u00e9phone : 91 349 24 31\n\nCourriel : registro@mincotur.es<\/pre>\n<\/div><\/div>\n\n\n\n<ul class=\"wp-block-list\">\n<li><strong>Par enregistrement ou pr\u00e9sentation physique : <\/strong>Vous pouvez vous rendre dans n'importe quel bureau d'enregistrement de l'administration centrale pour d\u00e9poser votre demande.<\/li>\n<\/ul>\n\n\n\n<ul class=\"wp-block-list\">\n<li><strong>Par voie t\u00e9l\u00e9matique :<\/strong> Vous devez disposer d'un certificat num\u00e9rique. Le formulaire D6 est rempli \u00e0 l'aide du programme AFORIX, sign\u00e9 \u00e9lectroniquement et soumis via Internet dans le formulaire D6. <a href=\"https:\/\/oficinavirtual.comercio.gob.es\/eAFORIX\/\" target=\"_blank\" rel=\"noreferrer noopener\">si\u00e8ge \u00e9lectronique du secr\u00e9tariat d'\u00c9tat au commerce<\/a>. Vous pouvez \u00e9galement acc\u00e9der \u00e0 la page de d\u00e9p\u00f4t directement \u00e0 partir d'AFORIX (la page de d\u00e9p\u00f4t virtuel du formulaire D6 s'ouvrira directement dans votre navigateur lorsque vous tenterez d'y acc\u00e9der \u00e0 partir du programme).<\/li>\n<\/ul>\n\n\n\n<p>Vous trouverez ci-dessous un guide \u00e9tape par \u00e9tape sur cette derni\u00e8re option de d\u00e9p\u00f4t \u00e9lectronique.<\/p>\n\n\n\n<h2 class=\"wp-block-heading\">D\u00e9p\u00f4t \u00e9lectronique du mod\u00e8le D6 - Pas \u00e0 pas<\/h2>\n\n\n\n<ol class=\"wp-block-list\">\n<li>Une fois le formulaire D6 compl\u00e9t\u00e9, vous devez ouvrir l'application AFORIX, aller dans \"Formulaire\" et ouvrir le fichier *.aforixm\" que vous avez re\u00e7u par la poste. <\/li>\n\n\n\n<li>Ensuite, allez dans \"Soumission t\u00e9l\u00e9matique\" -&gt; \"Signature \u00e9lectronique\" -&gt; \"Signer \u00e9lectroniquement\".  Cette action g\u00e9n\u00e9rera un fichier avec l'extension <strong>\".aforixd\"<\/strong><\/li>\n<\/ol>\n\n\n<div class=\"wp-block-image\">\n<figure class=\"aligncenter\"><img decoding=\"async\" src=\"https:\/\/lh6.googleusercontent.com\/Zh08rsWetwFKKX-t9tNUA83GUUvFUwDzQiN0FIYZsoVn2iPZA2TdseY_7WYF3EoObNLf2S26U0Fu59WlsOgxJfxNSaCgKsgopZZt1irbIm7U7INJus9_Zm_Nk43bkUGQHTqYyASI\" alt=\"Ensuite, allez dans &quot;Pr\u00e9sentation t\u00e9l\u00e9matique&quot; --&gt; &quot;Signature \u00e9lectronique&quot; --&gt; &quot;Signer \u00e9lectroniquement&quot;.  Cette action g\u00e9n\u00e9rera un fichier avec l&#039;extension &quot;.aforixd&quot;.\"\/><\/figure>\n<\/div>\n\n\n<ol class=\"wp-block-list\" start=\"3\">\n<li>D\u00e9poser la d\u00e9claration dans <a href=\"https:\/\/oficinavirtual.comercio.gob.es\/eAFORIX\/\" target=\"_blank\" rel=\"noreferrer noopener\">https:\/\/oficinavirtual.comercio.gob.es\/eAFORIX\/<\/a><\/li>\n<\/ol>\n\n\n<div class=\"wp-block-image\">\n<figure class=\"aligncenter\"><img decoding=\"async\" src=\"https:\/\/lh4.googleusercontent.com\/aMLWiFtqv9HkRPYBHHzwkpgItXH3eDI0SOYlHw3m1Mm4AFUSGnmfzKQUrnLuYftI6pL8qgz986xEwPsJRCYeEvEQuF1jrShQaoHc0M-Ko4YktqzsuQQc3TqBJlWy0FHFJUcP7viq\" alt=\"Soumettre la d\u00e9claration \u00e0 l&#039;adresse suivante : https:\/\/oficinavirtual.comercio.gob.es\/eAFORIX\/\"\/><\/figure>\n<\/div>\n\n\n<p>S\u00e9lectionnez le mod\u00e8le D6 (fichier avec l'extension \".aforixd\") et cliquez sur suivant.<\/p>\n\n\n\n<ol class=\"wp-block-list\" start=\"4\">\n<li>Validation du dossier et de la documentation jointe<\/li>\n<\/ol>\n\n\n\n<p>Si le fichier envoy\u00e9 est valide. La fen\u00eatre suivante appara\u00eet. Vous devez alors fournir la carte d'identit\u00e9 scann\u00e9e ainsi que les d\u00e9clarations des courtiers avec les valeurs soumises.&nbsp;<\/p>\n\n\n<div class=\"wp-block-image\">\n<figure class=\"aligncenter\"><img decoding=\"async\" src=\"https:\/\/lh3.googleusercontent.com\/vpFWeKn9KF1YWFLvrpmN7x_-qYeizgNtTAvFxv32v0A0HRjlivvD3Ksk3KG38aMaT6J7zeWsVIqQ1cu7g7xXfufI2L1Z0Vp8thL_1R5vqKY_kUZqyreOOdFW3L-A_260ZlYiAc9S\" alt=\"Si le fichier envoy\u00e9 est valide. La fen\u00eatre suivante appara\u00eet. Vous devez alors fournir la carte d&#039;identit\u00e9 scann\u00e9e ainsi que les d\u00e9clarations des courtiers avec les valeurs soumises.\u00a0\"\/><\/figure>\n<\/div>\n\n\n<ol class=\"wp-block-list\" start=\"5\">\n<li>R\u00e9sultat de la d\u00e9claration pr\u00e9sent\u00e9e<\/li>\n<\/ol>\n\n\n<div class=\"wp-block-image\">\n<figure class=\"aligncenter\"><img decoding=\"async\" src=\"https:\/\/lh5.googleusercontent.com\/s5Q5B2VwjXTafKnWm0OYL2LoYdjyMJxUJ0tZdNVnTNYyi5q8lXTMWRjxafopQ7h0NJM73bTjIQOtxLH-z-I21mkX2GeiSThHozoblW--ivyiUANXzNu0fh4n_hzKlXBtD4OJceiu\" alt=\"R\u00e9sultat de la d\u00e9claration pr\u00e9sent\u00e9e\"\/><\/figure>\n<\/div>\n\n\n<p><strong>Source :<\/strong><a href=\"https:\/\/oficinavirtual.comercio.gob.es\/eAFORIX\/AforixPresentacionTelematica.pdf\" target=\"_blank\" rel=\"noreferrer noopener\"> Guide de l'utilisateur pour la soumission t\u00e9l\u00e9matique de la d\u00e9claration d'investissement \u00e9tranger du Minist\u00e8re des Finances<\/a>.<\/p>\n\n<\/div><\/div>\n<\/div><\/div>\n\n<div class=\"gb-container gb-container-dec1d26e\"><div class=\"gb-inside-container\">\n<div class=\"gb-container gb-container-392bdfa1\"><div class=\"gb-inside-container\">\n<div class=\"gb-grid-wrapper gb-grid-wrapper-3bd61556\">\n<div class=\"gb-grid-column gb-grid-column-4ed7e94d\"><div class=\"gb-container gb-container-4ed7e94d\"><div class=\"gb-inside-container\">\n\n<h2 class=\"gb-headline gb-headline-857db351 gb-headline-text\">Aide<\/h2>\n\n\n<div class=\"gb-button-wrapper gb-button-wrapper-5233a7a8\">\n\n<a class=\"gb-button gb-button-84968700 gb-button-text\" href=\"https:\/\/autodeclaro.es\/fr\/contact\/\"><strong>CONTACT<\/strong><\/a>\n\n\n\n<a class=\"gb-button gb-button-47af23a3 gb-button-text\" href=\"https:\/\/autodeclaro.es\/fr\/securite\/\" target=\"_blank\" rel=\"noopener noreferrer\"><strong>S\u00c9CURIT\u00c9<\/strong><\/a>\n\n\n\n<a class=\"gb-button gb-button-908f69d2 gb-button-text\" href=\"https:\/\/autodeclaro.es\/fr\/a-propos-de\/\" target=\"_blank\" rel=\"noopener noreferrer\"><strong>A propos de moi<\/strong><\/a>\n\n\n\n<a class=\"gb-button gb-button-26ce780f gb-button-text\" href=\"https:\/\/modelorenta.com\" target=\"_blank\" rel=\"noopener noreferrer\"><strong>MOD\u00c8LE DE REVENU<\/strong><\/a>\n\n<\/div>\n<\/div><\/div><\/div>\n\n<div class=\"gb-grid-column gb-grid-column-02729e6c\"><div class=\"gb-container gb-container-02729e6c\"><div class=\"gb-inside-container\">\n\n<h2 class=\"gb-headline gb-headline-cf7354d8 gb-headline-text\">Navigation<\/h2>\n\n\n<div class=\"gb-button-wrapper gb-button-wrapper-efa19db8\">\n\n<a class=\"gb-button gb-button-23858bbd gb-button-text\" href=\"https:\/\/autodeclaro.es\/fr\/\"><strong>AUTODECLARO.ES<\/strong><\/a>\n\n\n\n<a class=\"gb-button gb-button-70a90825 gb-button-text\" href=\"https:\/\/autodeclaro.es\/fr\/comment-obtenir-les-extraits\/\"><strong>INSTRUCTIONS<\/strong><\/a>\n\n\n\n<a class=\"gb-button gb-button-79e93945 gb-button-text\" href=\"https:\/\/autodeclaro.es\/fr\/location-dautomobiles\/\"><strong>mod\u00e8le 100<\/strong><\/a>\n\n\n\n<a class=\"gb-button gb-button-3935bfe8 gb-button-text\" href=\"https:\/\/autodeclaro.es\/fr\/location-dautomobiles-2\/\"><strong>CRIPTOMONEDAS<\/strong><\/a>\n\n\n\n<a class=\"gb-button gb-button-1530f8e0 gb-button-text\" href=\"https:\/\/autodeclaro.es\/fr\/auto-720\/\"><strong>mod\u00e8le 720<\/strong><\/a>\n\n\n\n<a class=\"gb-button gb-button-a7800d52 gb-button-text\" href=\"https:\/\/autodeclaro.es\/fr\/voiture-721\/\"><strong>mod\u00e8le 721<\/strong><\/a>\n\n\n\n<a class=\"gb-button gb-button-86e6e154 gb-button-text\" href=\"https:\/\/autodeclaro.es\/fr\/auto-210\/\" target=\"_blank\" rel=\"noopener noreferrer\"><strong>MOD\u00c8LE 210<\/strong><\/a>\n\n\n\n<a class=\"gb-button gb-button-99c10d57 gb-button-text\" href=\"https:\/\/autodeclaro.es\/fr\/caracteristiques-3\/\"><strong>caract\u00e9ristiques<\/strong><\/a>\n\n\n\n<a class=\"gb-button gb-button-702d9b27 gb-button-text\" href=\"https:\/\/autodeclaro.es\/fr\/parler-de-nous\/\"><strong>PARLEZ DE NOUS<\/strong><\/a>\n\n\n\n<a class=\"gb-button gb-button-133699ef gb-button-text\" href=\"https:\/\/autodeclaro.es\/fr\/la-tarification\/\"><strong>TAUX<\/strong><\/a>\n\n<\/div>\n<\/div><\/div><\/div>\n\n<div class=\"gb-grid-column gb-grid-column-e97c2f8a\"><div class=\"gb-container gb-container-e97c2f8a\"><div class=\"gb-inside-container\">\n\n<h2 class=\"gb-headline gb-headline-9d7b1b26 gb-headline-text\">Juridique<\/h2>\n\n\n<div class=\"gb-button-wrapper gb-button-wrapper-da2420ec\">\n\n<a class=\"gb-button gb-button-364f54fc gb-button-text\" href=\"https:\/\/autodeclaro.es\/fr\/avis-juridique\/\">AVIS <strong>juridique<\/strong><\/a>\n\n\n\n<a class=\"gb-button gb-button-b2a6a2fc gb-button-text\" href=\"https:\/\/autodeclaro.es\/fr\/politique-de-confidentialite\/\"><strong>POLITIQUE DE CONFIDENTIALIT\u00c9<\/strong><\/a>\n\n\n\n<a class=\"gb-button gb-button-eb678b04 gb-button-text\" href=\"https:\/\/autodeclaro.es\/fr\/politique-en-matiere-de-cookies\/\"><strong>COOKIES<\/strong><\/a>\n\n\n\n<a class=\"gb-button gb-button-8850486f gb-button-text\" href=\"https:\/\/autodeclaro.es\/fr\/conditions-demploi\/\"><strong>CONDITIONS D'EMPLOI<\/strong><\/a>\n\n\n\n<a class=\"gb-button gb-button-88b4c17c gb-button-text\" href=\"https:\/\/autodeclaro.es\/fr\/programme-daffiliation\/\" target=\"_blank\" rel=\"noopener noreferrer\">DEVENIR AFFILI\u00c9<\/a>\n\n\n\n<a class=\"gb-button gb-button-12381714 gb-button-text\" href=\"\/fr\/#gdpr_cookie_modal\"><strong>pr\u00e9f\u00e9rence en mati\u00e8re de cookies<\/strong><\/a>\n\n<\/div>\n<\/div><\/div><\/div>\n\n<div class=\"gb-grid-column gb-grid-column-ca367b27\"><div class=\"gb-container gb-container-ca367b27\"><div class=\"gb-inside-container\">\n\n<h2 class=\"gb-headline gb-headline-65e0fe6e gb-headline-text\">Suivez-nous sur<\/h2>\n\n\n<div class=\"gb-button-wrapper gb-button-wrapper-7a42ce51\">\n\n<a class=\"gb-button gb-button-da71ac4d\" href=\"https:\/\/twitter.com\/autodeclaro\" target=\"_blank\" rel=\"nofollow noopener noreferrer\"><span class=\"gb-icon\"><svg width=\"1200\" height=\"1227\" viewbox=\"0 0 1200 1227\" fill=\"none\" xmlns=\"http:\/\/www.w3.org\/2000\/svg\"> <path d=\"M714.163 519.284L1160.89 0H1055.03L667.137 450.887L357.328 0H0L468.492 681.821L0 1226.37H105.866L515.491 750.218L842.672 1226.37H1200L714.137 519.284H714.163ZM569.165 687.828L521.697 619.934L144.011 79.6944H306.615L611.412 515.685L658.88 583.579L1055.08 1150.3H892.476L569.165 687.854V687.828Z\" fill=\"white\"><\/path><\/svg><\/span><\/a>\n\n\n\n<a class=\"gb-button gb-button-f531bb1b\" href=\"https:\/\/www.youtube.com\/channel\/UC47sIi2BOg2v8-IKUX5PVtg\" target=\"_blank\" rel=\"nofollow noopener noreferrer\"><span class=\"gb-icon\"><svg aria-hidden=\"true\" role=\"img\" height=\"1em\" width=\"1em\" viewbox=\"0 0 576 512\" xmlns=\"http:\/\/www.w3.org\/2000\/svg\"><path fill=\"currentColor\" d=\"M549.655 124.083c-6.281-23.65-24.787-42.276-48.284-48.597C458.781 64 288 64 288 64S117.22 64 74.629 75.486c-23.497 6.322-42.003 24.947-48.284 48.597-11.412 42.867-11.412 132.305-11.412 132.305s0 89.438 11.412 132.305c6.281 23.65 24.787 41.5 48.284 47.821C117.22 448 288 448 288 448s170.78 0 213.371-11.486c23.497-6.321 42.003-24.171 48.284-47.821 11.412-42.867 11.412-132.305 11.412-132.305s0-89.438-11.412-132.305zm-317.51 213.508V175.185l142.739 81.205-142.739 81.201z\"><\/path><\/svg><\/span><\/a>\n\n\n\n<a class=\"gb-button gb-button-b9a9c37c\" href=\"https:\/\/www.facebook.com\/autodeclaro\" target=\"_blank\" rel=\"nofollow noopener noreferrer\"><span class=\"gb-icon\"><svg xmlns=\"http:\/\/www.w3.org\/2000\/svg\" viewbox=\"0 0 320 512\" width=\"1em\" height=\"1em\" aria-hidden=\"true\"><path d=\"M279.14 288l14.22-92.66h-88.91v-60.13c0-25.35 12.42-50.06 52.24-50.06h40.42V6.26S260.43 0 225.36 0c-73.22 0-121.08 44.38-121.08 124.72v70.62H22.89V288h81.39v224h100.17V288z\" fill=\"currentColor\"><\/path><\/svg><\/span><\/a>\n\n\n\n<a class=\"gb-button gb-button-76c47084\" href=\"https:\/\/www.linkedin.com\/company\/autodeclaro\" target=\"_blank\" rel=\"nofollow noopener noreferrer\"><span class=\"gb-icon\"><svg xmlns=\"http:\/\/www.w3.org\/2000\/svg\" viewbox=\"0 0 448 512\" width=\"1em\" height=\"1em\" aria-hidden=\"true\"><path d=\"M100.28 448H7.4V148.9h92.88zM53.79 108.1C24.09 108.1 0 83.5 0 53.8a53.79 53.79 0 0 1 107.58 0c0 29.7-24.1 54.3-53.79 54.3zM447.9 448h-92.68V302.4c0-34.7-.7-79.2-48.29-79.2-48.29 0-55.69 37.7-55.69 76.7V448h-92.78V148.9h89.08v40.8h1.3c12.4-23.5 42.69-48.3 87.88-48.3 94 0 111.28 61.9 111.28 142.3V448z\" fill=\"currentColor\"><\/path><\/svg><\/span><\/a>\n\n\n\n<a class=\"gb-button gb-button-682f573a\" href=\"https:\/\/www.instagram.com\/autodeclaro\" target=\"_blank\" rel=\"nofollow noopener noreferrer\"><span class=\"gb-icon\"><svg xmlns=\"http:\/\/www.w3.org\/2000\/svg\" viewbox=\"0 0 448 512\" width=\"1em\" height=\"1em\" aria-hidden=\"true\"><path d=\"M224.1 141c-63.6 0-114.9 51.3-114.9 114.9s51.3 114.9 114.9 114.9S339 319.5 339 255.9 287.7 141 224.1 141zm0 189.6c-41.1 0-74.7-33.5-74.7-74.7s33.5-74.7 74.7-74.7 74.7 33.5 74.7 74.7-33.6 74.7-74.7 74.7zm146.4-194.3c0 14.9-12 26.8-26.8 26.8-14.9 0-26.8-12-26.8-26.8s12-26.8 26.8-26.8 26.8 12 26.8 26.8zm76.1 27.2c-1.7-35.9-9.9-67.7-36.2-93.9-26.2-26.2-58-34.4-93.9-36.2-37-2.1-147.9-2.1-184.9 0-35.8 1.7-67.6 9.9-93.9 36.1s-34.4 58-36.2 93.9c-2.1 37-2.1 147.9 0 184.9 1.7 35.9 9.9 67.7 36.2 93.9s58 34.4 93.9 36.2c37 2.1 147.9 2.1 184.9 0 35.9-1.7 67.7-9.9 93.9-36.2 26.2-26.2 34.4-58 36.2-93.9 2.1-37 2.1-147.8 0-184.8zM398.8 388c-7.8 19.6-22.9 34.7-42.6 42.6-29.5 11.7-99.5 9-132.1 9s-102.7 2.6-132.1-9c-19.6-7.8-34.7-22.9-42.6-42.6-11.7-29.5-9-99.5-9-132.1s-2.6-102.7 9-132.1c7.8-19.6 22.9-34.7 42.6-42.6 29.5-11.7 99.5-9 132.1-9s102.7-2.6 132.1 9c19.6 7.8 34.7 22.9 42.6 42.6 11.7 29.5 9 99.5 9 132.1s2.7 102.7-9 132.1z\" fill=\"currentColor\"><\/path><\/svg><\/span><\/a>\n\n<\/div>\n\n<div class=\"gb-container gb-container-2f03eff6\"><div class=\"gb-inside-container\">\n\n<p class=\"has-text-align-center\">Voir nos commentaires sur : <strong><a href=\"https:\/\/es.trustpilot.com\/review\/autodeclaro.es\" target=\"_blank\" data-type=\"link\" data-id=\"https:\/\/es.trustpilot.com\/review\/autodeclaro.es\" rel=\"noreferrer noopener\">TrustPilot<\/a><\/strong> et <strong><a href=\"https:\/\/goo.gl\/maps\/wsvLCavB38e2db5L7\" target=\"_blank\" data-type=\"link\" data-id=\"https:\/\/goo.gl\/maps\/wsvLCavB38e2db5L7\" rel=\"noreferrer noopener\">Google<\/a><\/strong><\/p>\n\n<\/div><\/div>\n<\/div><\/div><\/div>\n<\/div>\n<\/div><\/div>\n\n<div class=\"gb-grid-wrapper gb-grid-wrapper-8d2f1c2d\">\n<div class=\"gb-grid-column gb-grid-column-143d0181\"><div class=\"gb-container gb-container-143d0181\"><div class=\"gb-inside-container\">\n\n<p class=\"gb-headline gb-headline-1d654ec7 gb-headline-text\">\u00a9 2021 AUTODECLARO.ES - Tous droits r\u00e9serv\u00e9s<\/p>\n\n<\/div><\/div><\/div>\n\n<div class=\"gb-grid-column gb-grid-column-9df10302\"><div class=\"gb-container gb-container-9df10302\"><div class=\"gb-inside-container\">\n\n<p class=\"gb-headline gb-headline-e92cec68 gb-headline-text\"> LOGICIEL D\u00c9VELOPP\u00c9 EN ESPAGNE<\/p>\n\n<\/div><\/div><\/div>\n<\/div>\n<\/div><\/div>","protected":false},"excerpt":{"rendered":"<p>Une fois le formulaire D6 rempli automatiquement avec \u201cAuto D6\u201d, vous avez trois possibilit\u00e9s pour le d\u00e9poser : Indiquer comme destinataire : \u201cAtt : Secretar\u00eda General de Comercio Internacional de Servicios e Inversiones\u201d. Ministerio de Industria, Comercio y Turismo Registro General P\u00ba Castellana, 162, 28046 Madrid Telephone : 91 349 24 31 Email : ... <a title=\"Pr\u00e9sentation du mod\u00e8le D6\" class=\"read-more\" href=\"https:\/\/autodeclaro.es\/fr\/presentation-du-modele-d6\/\" aria-label=\"En savoir plus sur Pr\u00e9sentation du mod\u00e8le D6\">Lire la suite<\/a><\/p>","protected":false},"author":1,"featured_media":0,"parent":0,"menu_order":0,"comment_status":"closed","ping_status":"closed","template":"","meta":{"footnotes":""},"class_list":["post-2307","page","type-page","status-publish"],"_links":{"self":[{"href":"https:\/\/autodeclaro.es\/fr\/wp-json\/wp\/v2\/pages\/2307","targetHints":{"allow":["GET"]}}],"collection":[{"href":"https:\/\/autodeclaro.es\/fr\/wp-json\/wp\/v2\/pages"}],"about":[{"href":"https:\/\/autodeclaro.es\/fr\/wp-json\/wp\/v2\/types\/page"}],"author":[{"embeddable":true,"href":"https:\/\/autodeclaro.es\/fr\/wp-json\/wp\/v2\/users\/1"}],"replies":[{"embeddable":true,"href":"https:\/\/autodeclaro.es\/fr\/wp-json\/wp\/v2\/comments?post=2307"}],"version-history":[{"count":2,"href":"https:\/\/autodeclaro.es\/fr\/wp-json\/wp\/v2\/pages\/2307\/revisions"}],"predecessor-version":[{"id":33369,"href":"https:\/\/autodeclaro.es\/fr\/wp-json\/wp\/v2\/pages\/2307\/revisions\/33369"}],"wp:attachment":[{"href":"https:\/\/autodeclaro.es\/fr\/wp-json\/wp\/v2\/media?parent=2307"}],"curies":[{"name":"wp","href":"https:\/\/api.w.org\/{rel}","templated":true}]}}