{"id":19293,"date":"2025-01-01T20:43:03","date_gmt":"2025-01-01T19:43:03","guid":{"rendered":"https:\/\/autodeclaro.es\/?page_id=19293"},"modified":"2026-01-15T13:29:29","modified_gmt":"2026-01-15T12:29:29","slug":"reductions-exclusives","status":"publish","type":"page","link":"https:\/\/autodeclaro.es\/fr\/reductions-exclusives\/","title":{"rendered":"R\u00e9ductions exclusives"},"content":{"rendered":"<div class=\"gb-container gb-container-22991d66\"><div class=\"gb-inside-container\">\n\n<h2 class=\"gb-headline gb-headline-91a7b98c gb-headline-text\"><strong>R\u00e9ductions exclusives<\/strong><\/h2>\n\n\n\n<p class=\"gb-headline gb-headline-f269ea14\"><span class=\"gb-icon\"><svg viewbox=\"0 0 36.7 3\" xmlns=\"http:\/\/www.w3.org\/2000\/svg\"><path d=\"M0 0h36.7v3H0z\"><\/path><\/svg><\/span><span class=\"gb-headline-text\">Nous voulons vous offrir des r\u00e9ductions exclusives sur les plateformes d'investissement et c'est pourquoi tous les clients de <strong>Revenu<\/strong>, <strong>Formulaire 720<\/strong>, <strong>Mod\u00e8le 721<\/strong> et <strong>Mod\u00e8le 210<\/strong> b\u00e9n\u00e9ficieront de nos accords de partenariat<br><\/span><\/p>\n\n<\/div><\/div>\n\n<div class=\"gb-container gb-container-b5fee8ca\"><div class=\"gb-inside-container\">\n<div class=\"gb-grid-wrapper gb-grid-wrapper-bb4824ee\">\n<div class=\"gb-grid-column gb-grid-column-83a34fac\"><div class=\"gb-container gb-container-83a34fac column-shadow\" id=\"fiable-preciso\"><div class=\"gb-inside-container\">\n\n<h4 class=\"gb-headline gb-headline-fbf6600b\"><span class=\"gb-icon\"><svg aria-hidden=\"true\" role=\"img\" height=\"1em\" width=\"1em\" viewbox=\"0 0 384 512\" xmlns=\"http:\/\/www.w3.org\/2000\/svg\"><path fill=\"currentColor\" d=\"M97.12 362.63c-8.69-8.69-4.16-6.24-25.12-11.85-9.51-2.55-17.87-7.45-25.43-13.32L1.2 448.7c-4.39 10.77 3.81 22.47 15.43 22.03l52.69-2.01L105.56 507c8 8.44 22.04 5.81 26.43-4.96l52.05-127.62c-10.84 6.04-22.87 9.58-35.31 9.58-19.5 0-37.82-7.59-51.61-21.37zM382.8 448.7l-45.37-111.24c-7.56 5.88-15.92 10.77-25.43 13.32-21.07 5.64-16.45 3.18-25.12 11.85-13.79 13.78-32.12 21.37-51.62 21.37-12.44 0-24.47-3.55-35.31-9.58L252 502.04c4.39 10.77 18.44 13.4 26.43 4.96l36.25-38.28 52.69 2.01c11.62.44 19.82-11.27 15.43-22.03zM263 340c15.28-15.55 17.03-14.21 38.79-20.14 13.89-3.79 24.75-14.84 28.47-28.98 7.48-28.4 5.54-24.97 25.95-45.75 10.17-10.35 14.14-25.44 10.42-39.58-7.47-28.38-7.48-24.42 0-52.83 3.72-14.14-.25-29.23-10.42-39.58-20.41-20.78-18.47-17.36-25.95-45.75-3.72-14.14-14.58-25.19-28.47-28.98-27.88-7.61-24.52-5.62-44.95-26.41-10.17-10.35-25-14.4-38.89-10.61-27.87 7.6-23.98 7.61-51.9 0-13.89-3.79-28.72.25-38.89 10.61-20.41 20.78-17.05 18.8-44.94 26.41-13.89 3.79-24.75 14.84-28.47 28.98-7.47 28.39-5.54 24.97-25.95 45.75-10.17 10.35-14.15 25.44-10.42 39.58 7.47 28.36 7.48 24.4 0 52.82-3.72 14.14.25 29.23 10.42 39.59 20.41 20.78 18.47 17.35 25.95 45.75 3.72 14.14 14.58 25.19 28.47 28.98C104.6 325.96 106.27 325 121 340c13.23 13.47 33.84 15.88 49.74 5.82a39.676 39.676 0 0 1 42.53 0c15.89 10.06 36.5 7.65 49.73-5.82zM97.66 175.96c0-53.03 42.24-96.02 94.34-96.02s94.34 42.99 94.34 96.02-42.24 96.02-94.34 96.02-94.34-42.99-94.34-96.02z\"><\/path><\/svg><\/span><span class=\"gb-headline-text\"><strong>Avec qui collaborons-nous ?<\/strong><\/span><\/h4>\n\n\n\n<hr class=\"wp-block-separator has-alpha-channel-opacity\"\/>\n\n\n<div class=\"gb-grid-wrapper gb-grid-wrapper-8e41f362\">\n<div class=\"gb-grid-column gb-grid-column-92b82df7\"><div class=\"gb-container gb-container-92b82df7\">\n<div class=\"wp-block-image\">\n<figure class=\"aligncenter size-full is-resized\"><img decoding=\"async\" width=\"500\" height=\"500\" src=\"https:\/\/autodeclaro.es\/wp-content\/uploads\/2025\/01\/leggado.jpeg\" alt=\"\" class=\"wp-image-20146\" style=\"width:226px;height:auto\" srcset=\"https:\/\/autodeclaro.es\/wp-content\/uploads\/2025\/01\/leggado.jpeg 500w, https:\/\/autodeclaro.es\/wp-content\/uploads\/2025\/01\/leggado-300x300.jpeg 300w, https:\/\/autodeclaro.es\/wp-content\/uploads\/2025\/01\/leggado-150x150.jpeg 150w, https:\/\/autodeclaro.es\/wp-content\/uploads\/2025\/01\/leggado-12x12.jpeg 12w, https:\/\/autodeclaro.es\/wp-content\/uploads\/2025\/01\/leggado-100x100.jpeg 100w\" sizes=\"(max-width: 500px) 100vw, 500px\" \/><\/figure>\n<\/div>\n<\/div><\/div>\n\n<div class=\"gb-grid-column gb-grid-column-11b312b8\"><div class=\"gb-container gb-container-11b312b8\">\n\n<p class=\"gb-headline gb-headline-3ed9a02a gb-headline-text\"><em><strong>Leggado.digital :<\/strong><\/em> La cl\u00e9 pour prot\u00e9ger votre h\u00e9ritage num\u00e9rique Leggado.digital vous aide \u00e0 organiser et \u00e0 prot\u00e9ger vos actifs num\u00e9riques en toute s\u00e9curit\u00e9. D\u00e9signez vos b\u00e9n\u00e9ficiaires, organisez vos actifs et assurez-vous que tout est sous contr\u00f4le gr\u00e2ce \u00e0 notre plateforme unique. Avec des fonctionnalit\u00e9s telles que le cryptage avanc\u00e9 et la v\u00e9rification de la preuve de vie, nous portons la planification successorale \u00e0 un niveau sup\u00e9rieur. Compl\u00e9tez votre testament traditionnel et veillez \u00e0 ce que votre h\u00e9ritage, tant physique que num\u00e9rique, soit toujours entre de bonnes mains.<\/p>\n\n\n\n<p class=\"gb-headline gb-headline-b1f4725e gb-headline-text\"><strong>40% Discount<\/strong>. <\/p>\n\n<\/div><\/div>\n<\/div>\n\n\n<hr class=\"wp-block-separator has-alpha-channel-opacity\"\/>\n\n\n<div class=\"gb-grid-wrapper gb-grid-wrapper-aef365b8\">\n<div class=\"gb-grid-column gb-grid-column-52e3fd20\"><div class=\"gb-container gb-container-52e3fd20\">\n<div class=\"wp-block-image\">\n<figure class=\"aligncenter size-full is-resized\"><img decoding=\"async\" width=\"792\" height=\"200\" src=\"https:\/\/autodeclaro.es\/wp-content\/uploads\/2025\/01\/tweenvest.png\" alt=\"\" class=\"wp-image-20172\" style=\"width:250px;height:auto\" srcset=\"https:\/\/autodeclaro.es\/wp-content\/uploads\/2025\/01\/tweenvest.png 792w, https:\/\/autodeclaro.es\/wp-content\/uploads\/2025\/01\/tweenvest-300x76.png 300w, https:\/\/autodeclaro.es\/wp-content\/uploads\/2025\/01\/tweenvest-768x194.png 768w, https:\/\/autodeclaro.es\/wp-content\/uploads\/2025\/01\/tweenvest-18x5.png 18w, https:\/\/autodeclaro.es\/wp-content\/uploads\/2025\/01\/tweenvest-100x25.png 100w\" sizes=\"(max-width: 792px) 100vw, 792px\" \/><\/figure>\n<\/div>\n<\/div><\/div>\n\n<div class=\"gb-grid-column gb-grid-column-e17ef91b\"><div class=\"gb-container gb-container-e17ef91b\">\n\n<p class=\"gb-headline gb-headline-eec93546 gb-headline-text\"><em>Tweenvest<\/em>&nbsp;<strong>fait gagner du temps aux investisseurs individuels qui recherchent des actions correspondant \u00e0 leur strat\u00e9gie d'investissement en leur fournissant toutes les informations n\u00e9cessaires de mani\u00e8re intuitive.<\/strong>. Gr\u00e2ce \u00e0 son algorithme propri\u00e9taire, il est capable d'\u00e9valuer toutes les actions du monde sur la base de diff\u00e9rents facteurs (qualit\u00e9, croissance, dividende...). <\/p>\n\n\n\n<p class=\"gb-headline gb-headline-b3143b34 gb-headline-text\"><strong>R\u00e9duction 10%<\/strong> dans tous ses projets<\/p>\n\n<\/div><\/div>\n<\/div>\n\n\n<hr class=\"wp-block-separator has-alpha-channel-opacity\"\/>\n\n\n<div class=\"gb-grid-wrapper gb-grid-wrapper-ca4bebbf\">\n<div class=\"gb-grid-column gb-grid-column-81ae514a\"><div class=\"gb-container gb-container-81ae514a\">\n<div class=\"wp-block-image\">\n<figure class=\"aligncenter size-full is-resized\"><img decoding=\"async\" width=\"600\" height=\"600\" src=\"https:\/\/autodeclaro.es\/wp-content\/uploads\/2025\/01\/portada-autodeclaro.jpg\" alt=\"\" class=\"wp-image-20144\" style=\"width:234px;height:auto\" srcset=\"https:\/\/autodeclaro.es\/wp-content\/uploads\/2025\/01\/portada-autodeclaro.jpg 600w, https:\/\/autodeclaro.es\/wp-content\/uploads\/2025\/01\/portada-autodeclaro-300x300.jpg 300w, https:\/\/autodeclaro.es\/wp-content\/uploads\/2025\/01\/portada-autodeclaro-150x150.jpg 150w, https:\/\/autodeclaro.es\/wp-content\/uploads\/2025\/01\/portada-autodeclaro-12x12.jpg 12w, https:\/\/autodeclaro.es\/wp-content\/uploads\/2025\/01\/portada-autodeclaro-100x100.jpg 100w\" sizes=\"(max-width: 600px) 100vw, 600px\" \/><\/figure>\n<\/div>\n<\/div><\/div>\n\n<div class=\"gb-grid-column gb-grid-column-ea11a7b5\"><div class=\"gb-container gb-container-ea11a7b5\">\n\n<p class=\"gb-headline gb-headline-f098941f gb-headline-text\"><strong>Voulez-vous apprendre \u00e0 investir dans des titres \u00e0 revenu fixe et \u00e0 construire votre portefeuille d'obligations ?<br><br><\/strong>Pablo Nogales vous aidera \u00e0 comprendre&nbsp;<strong>de 0 \u00e0 100 la dynamique de cet actif financier<\/strong>des bases et des risques, \u00e0 la cr\u00e9ation de votre propre&nbsp;<strong>Outil d'\u00e9valuation des obligations dans Excel.<br><\/strong><br>\u00c0 l'int\u00e9rieur, vous d\u00e9couvrirez \u00e9galement un&nbsp;<strong>Th\u00e8se d'investissement int\u00e9ressante<\/strong>&nbsp;qui existe actuellement sur le march\u00e9 obligataire,&nbsp;<strong>dont vous pourrez profiter<\/strong>&nbsp;et vous aurez&nbsp;<strong>des mises \u00e0 jour trimestrielles.<\/strong><\/p>\n\n\n\n<p class=\"gb-headline gb-headline-06c87657 gb-headline-text\">En tant que client de&nbsp;<strong>AutoDeclaro vous permet d'\u00e9conomiser 25%.<\/strong><\/p>\n\n<\/div><\/div>\n<\/div>\n\n\n<hr class=\"wp-block-separator has-alpha-channel-opacity\"\/>\n\n\n\n<p>Nous esp\u00e9rons que vous profiterez de ces avantages et que vous compl\u00e9terez les services dont chaque investisseur a besoin.<\/p>\n\n\n<div class=\"gb-button-wrapper gb-button-wrapper-ba063928\">\n\n<a class=\"gb-button gb-button-837d742a gb-button-text\" href=\"https:\/\/autodeclaro.es\/fr\/boutique\/\">Achetez votre service Autodeclaro pour b\u00e9n\u00e9ficier des r\u00e9ductions<\/a>\n\n<\/div>\n<\/div><\/div><\/div>\n<\/div>\n\n\n<p><\/p>\n\n<\/div><\/div>\n\n\n\n<div class=\"gb-container gb-container-dec1d26e\"><div class=\"gb-inside-container\">\n<div class=\"gb-container gb-container-392bdfa1\"><div class=\"gb-inside-container\">\n<div class=\"gb-grid-wrapper gb-grid-wrapper-3bd61556\">\n<div class=\"gb-grid-column gb-grid-column-4ed7e94d\"><div class=\"gb-container gb-container-4ed7e94d\"><div class=\"gb-inside-container\">\n\n<h2 class=\"gb-headline gb-headline-857db351 gb-headline-text\">Aide<\/h2>\n\n\n<div class=\"gb-button-wrapper gb-button-wrapper-5233a7a8\">\n\n<a class=\"gb-button gb-button-84968700 gb-button-text\" href=\"https:\/\/autodeclaro.es\/fr\/contact\/\"><strong>CONTACT<\/strong><\/a>\n\n\n\n<a class=\"gb-button gb-button-47af23a3 gb-button-text\" href=\"https:\/\/autodeclaro.es\/fr\/securite\/\" target=\"_blank\" rel=\"noopener noreferrer\"><strong>S\u00c9CURIT\u00c9<\/strong><\/a>\n\n\n\n<a class=\"gb-button gb-button-908f69d2 gb-button-text\" href=\"https:\/\/autodeclaro.es\/fr\/a-propos-de\/\" target=\"_blank\" rel=\"noopener noreferrer\"><strong>A propos de moi<\/strong><\/a>\n\n\n\n<a class=\"gb-button gb-button-26ce780f gb-button-text\" href=\"https:\/\/modelorenta.com\" target=\"_blank\" rel=\"noopener noreferrer\"><strong>MOD\u00c8LE DE REVENU<\/strong><\/a>\n\n<\/div>\n<\/div><\/div><\/div>\n\n<div class=\"gb-grid-column gb-grid-column-02729e6c\"><div class=\"gb-container gb-container-02729e6c\"><div class=\"gb-inside-container\">\n\n<h2 class=\"gb-headline gb-headline-cf7354d8 gb-headline-text\">Navigation<\/h2>\n\n\n<div class=\"gb-button-wrapper gb-button-wrapper-efa19db8\">\n\n<a class=\"gb-button gb-button-23858bbd gb-button-text\" href=\"https:\/\/autodeclaro.es\/fr\/\"><strong>AUTODECLARO.ES<\/strong><\/a>\n\n\n\n<a class=\"gb-button gb-button-70a90825 gb-button-text\" href=\"https:\/\/autodeclaro.es\/fr\/comment-obtenir-les-extraits\/\"><strong>INSTRUCTIONS<\/strong><\/a>\n\n\n\n<a class=\"gb-button gb-button-79e93945 gb-button-text\" href=\"https:\/\/autodeclaro.es\/fr\/location-dautomobiles\/\"><strong>mod\u00e8le 100<\/strong><\/a>\n\n\n\n<a class=\"gb-button gb-button-3935bfe8 gb-button-text\" href=\"https:\/\/autodeclaro.es\/fr\/location-dautomobiles-2\/\"><strong>CRIPTOMONEDAS<\/strong><\/a>\n\n\n\n<a class=\"gb-button gb-button-1530f8e0 gb-button-text\" href=\"https:\/\/autodeclaro.es\/fr\/auto-720\/\"><strong>mod\u00e8le 720<\/strong><\/a>\n\n\n\n<a class=\"gb-button gb-button-a7800d52 gb-button-text\" href=\"https:\/\/autodeclaro.es\/fr\/voiture-721\/\"><strong>mod\u00e8le 721<\/strong><\/a>\n\n\n\n<a class=\"gb-button gb-button-86e6e154 gb-button-text\" href=\"https:\/\/autodeclaro.es\/fr\/auto-210\/\" target=\"_blank\" rel=\"noopener noreferrer\"><strong>MOD\u00c8LE 210<\/strong><\/a>\n\n\n\n<a class=\"gb-button gb-button-99c10d57 gb-button-text\" href=\"https:\/\/autodeclaro.es\/fr\/caracteristiques-3\/\"><strong>caract\u00e9ristiques<\/strong><\/a>\n\n\n\n<a class=\"gb-button gb-button-702d9b27 gb-button-text\" href=\"https:\/\/autodeclaro.es\/fr\/parler-de-nous\/\"><strong>PARLEZ DE NOUS<\/strong><\/a>\n\n\n\n<a class=\"gb-button gb-button-133699ef gb-button-text\" href=\"https:\/\/autodeclaro.es\/fr\/la-tarification\/\"><strong>TAUX<\/strong><\/a>\n\n<\/div>\n<\/div><\/div><\/div>\n\n<div class=\"gb-grid-column gb-grid-column-e97c2f8a\"><div class=\"gb-container gb-container-e97c2f8a\"><div class=\"gb-inside-container\">\n\n<h2 class=\"gb-headline gb-headline-9d7b1b26 gb-headline-text\">Juridique<\/h2>\n\n\n<div class=\"gb-button-wrapper gb-button-wrapper-da2420ec\">\n\n<a class=\"gb-button gb-button-364f54fc gb-button-text\" href=\"https:\/\/autodeclaro.es\/fr\/avis-juridique\/\">AVIS <strong>juridique<\/strong><\/a>\n\n\n\n<a class=\"gb-button gb-button-b2a6a2fc gb-button-text\" href=\"https:\/\/autodeclaro.es\/fr\/politique-de-confidentialite\/\"><strong>POLITIQUE DE CONFIDENTIALIT\u00c9<\/strong><\/a>\n\n\n\n<a class=\"gb-button gb-button-eb678b04 gb-button-text\" href=\"https:\/\/autodeclaro.es\/fr\/politique-en-matiere-de-cookies\/\"><strong>COOKIES<\/strong><\/a>\n\n\n\n<a class=\"gb-button gb-button-8850486f gb-button-text\" href=\"https:\/\/autodeclaro.es\/fr\/conditions-demploi\/\"><strong>CONDITIONS D'EMPLOI<\/strong><\/a>\n\n\n\n<a class=\"gb-button gb-button-88b4c17c gb-button-text\" href=\"https:\/\/autodeclaro.es\/fr\/programme-daffiliation\/\" target=\"_blank\" rel=\"noopener noreferrer\">DEVENIR AFFILI\u00c9<\/a>\n\n\n\n<a class=\"gb-button gb-button-12381714 gb-button-text\" href=\"\/fr\/#gdpr_cookie_modal\"><strong>pr\u00e9f\u00e9rence en mati\u00e8re de cookies<\/strong><\/a>\n\n<\/div>\n<\/div><\/div><\/div>\n\n<div class=\"gb-grid-column gb-grid-column-ca367b27\"><div class=\"gb-container gb-container-ca367b27\"><div class=\"gb-inside-container\">\n\n<h2 class=\"gb-headline gb-headline-65e0fe6e gb-headline-text\">Suivez-nous sur<\/h2>\n\n\n<div class=\"gb-button-wrapper gb-button-wrapper-7a42ce51\">\n\n<a class=\"gb-button gb-button-da71ac4d\" href=\"https:\/\/twitter.com\/autodeclaro\" target=\"_blank\" rel=\"nofollow noopener noreferrer\"><span class=\"gb-icon\"><svg width=\"1200\" height=\"1227\" viewbox=\"0 0 1200 1227\" fill=\"none\" xmlns=\"http:\/\/www.w3.org\/2000\/svg\"> <path d=\"M714.163 519.284L1160.89 0H1055.03L667.137 450.887L357.328 0H0L468.492 681.821L0 1226.37H105.866L515.491 750.218L842.672 1226.37H1200L714.137 519.284H714.163ZM569.165 687.828L521.697 619.934L144.011 79.6944H306.615L611.412 515.685L658.88 583.579L1055.08 1150.3H892.476L569.165 687.854V687.828Z\" fill=\"white\"><\/path><\/svg><\/span><\/a>\n\n\n\n<a class=\"gb-button gb-button-f531bb1b\" href=\"https:\/\/www.youtube.com\/channel\/UC47sIi2BOg2v8-IKUX5PVtg\" target=\"_blank\" rel=\"nofollow noopener noreferrer\"><span class=\"gb-icon\"><svg aria-hidden=\"true\" role=\"img\" height=\"1em\" width=\"1em\" viewbox=\"0 0 576 512\" xmlns=\"http:\/\/www.w3.org\/2000\/svg\"><path fill=\"currentColor\" d=\"M549.655 124.083c-6.281-23.65-24.787-42.276-48.284-48.597C458.781 64 288 64 288 64S117.22 64 74.629 75.486c-23.497 6.322-42.003 24.947-48.284 48.597-11.412 42.867-11.412 132.305-11.412 132.305s0 89.438 11.412 132.305c6.281 23.65 24.787 41.5 48.284 47.821C117.22 448 288 448 288 448s170.78 0 213.371-11.486c23.497-6.321 42.003-24.171 48.284-47.821 11.412-42.867 11.412-132.305 11.412-132.305s0-89.438-11.412-132.305zm-317.51 213.508V175.185l142.739 81.205-142.739 81.201z\"><\/path><\/svg><\/span><\/a>\n\n\n\n<a class=\"gb-button gb-button-b9a9c37c\" href=\"https:\/\/www.facebook.com\/autodeclaro\" target=\"_blank\" rel=\"nofollow noopener noreferrer\"><span class=\"gb-icon\"><svg xmlns=\"http:\/\/www.w3.org\/2000\/svg\" viewbox=\"0 0 320 512\" width=\"1em\" height=\"1em\" aria-hidden=\"true\"><path d=\"M279.14 288l14.22-92.66h-88.91v-60.13c0-25.35 12.42-50.06 52.24-50.06h40.42V6.26S260.43 0 225.36 0c-73.22 0-121.08 44.38-121.08 124.72v70.62H22.89V288h81.39v224h100.17V288z\" fill=\"currentColor\"><\/path><\/svg><\/span><\/a>\n\n\n\n<a class=\"gb-button gb-button-76c47084\" href=\"https:\/\/www.linkedin.com\/company\/autodeclaro\" target=\"_blank\" rel=\"nofollow noopener noreferrer\"><span class=\"gb-icon\"><svg xmlns=\"http:\/\/www.w3.org\/2000\/svg\" viewbox=\"0 0 448 512\" width=\"1em\" height=\"1em\" aria-hidden=\"true\"><path d=\"M100.28 448H7.4V148.9h92.88zM53.79 108.1C24.09 108.1 0 83.5 0 53.8a53.79 53.79 0 0 1 107.58 0c0 29.7-24.1 54.3-53.79 54.3zM447.9 448h-92.68V302.4c0-34.7-.7-79.2-48.29-79.2-48.29 0-55.69 37.7-55.69 76.7V448h-92.78V148.9h89.08v40.8h1.3c12.4-23.5 42.69-48.3 87.88-48.3 94 0 111.28 61.9 111.28 142.3V448z\" fill=\"currentColor\"><\/path><\/svg><\/span><\/a>\n\n\n\n<a class=\"gb-button gb-button-682f573a\" href=\"https:\/\/www.instagram.com\/autodeclaro\" target=\"_blank\" rel=\"nofollow noopener noreferrer\"><span class=\"gb-icon\"><svg xmlns=\"http:\/\/www.w3.org\/2000\/svg\" viewbox=\"0 0 448 512\" width=\"1em\" height=\"1em\" aria-hidden=\"true\"><path d=\"M224.1 141c-63.6 0-114.9 51.3-114.9 114.9s51.3 114.9 114.9 114.9S339 319.5 339 255.9 287.7 141 224.1 141zm0 189.6c-41.1 0-74.7-33.5-74.7-74.7s33.5-74.7 74.7-74.7 74.7 33.5 74.7 74.7-33.6 74.7-74.7 74.7zm146.4-194.3c0 14.9-12 26.8-26.8 26.8-14.9 0-26.8-12-26.8-26.8s12-26.8 26.8-26.8 26.8 12 26.8 26.8zm76.1 27.2c-1.7-35.9-9.9-67.7-36.2-93.9-26.2-26.2-58-34.4-93.9-36.2-37-2.1-147.9-2.1-184.9 0-35.8 1.7-67.6 9.9-93.9 36.1s-34.4 58-36.2 93.9c-2.1 37-2.1 147.9 0 184.9 1.7 35.9 9.9 67.7 36.2 93.9s58 34.4 93.9 36.2c37 2.1 147.9 2.1 184.9 0 35.9-1.7 67.7-9.9 93.9-36.2 26.2-26.2 34.4-58 36.2-93.9 2.1-37 2.1-147.8 0-184.8zM398.8 388c-7.8 19.6-22.9 34.7-42.6 42.6-29.5 11.7-99.5 9-132.1 9s-102.7 2.6-132.1-9c-19.6-7.8-34.7-22.9-42.6-42.6-11.7-29.5-9-99.5-9-132.1s-2.6-102.7 9-132.1c7.8-19.6 22.9-34.7 42.6-42.6 29.5-11.7 99.5-9 132.1-9s102.7-2.6 132.1 9c19.6 7.8 34.7 22.9 42.6 42.6 11.7 29.5 9 99.5 9 132.1s2.7 102.7-9 132.1z\" fill=\"currentColor\"><\/path><\/svg><\/span><\/a>\n\n<\/div>\n\n<div class=\"gb-container gb-container-2f03eff6\"><div class=\"gb-inside-container\">\n\n<p class=\"has-text-align-center\">Voir nos commentaires sur : <strong><a href=\"https:\/\/es.trustpilot.com\/review\/autodeclaro.es\" target=\"_blank\" data-type=\"link\" data-id=\"https:\/\/es.trustpilot.com\/review\/autodeclaro.es\" rel=\"noreferrer noopener\">TrustPilot<\/a><\/strong> et <strong><a href=\"https:\/\/goo.gl\/maps\/wsvLCavB38e2db5L7\" target=\"_blank\" data-type=\"link\" data-id=\"https:\/\/goo.gl\/maps\/wsvLCavB38e2db5L7\" rel=\"noreferrer noopener\">Google<\/a><\/strong><\/p>\n\n<\/div><\/div>\n<\/div><\/div><\/div>\n<\/div>\n<\/div><\/div>\n\n<div class=\"gb-grid-wrapper gb-grid-wrapper-8d2f1c2d\">\n<div class=\"gb-grid-column gb-grid-column-143d0181\"><div class=\"gb-container gb-container-143d0181\"><div class=\"gb-inside-container\">\n\n<p class=\"gb-headline gb-headline-1d654ec7 gb-headline-text\">\u00a9 2021 AUTODECLARO.ES - Tous droits r\u00e9serv\u00e9s<\/p>\n\n<\/div><\/div><\/div>\n\n<div class=\"gb-grid-column gb-grid-column-9df10302\"><div class=\"gb-container gb-container-9df10302\"><div class=\"gb-inside-container\">\n\n<p class=\"gb-headline gb-headline-e92cec68 gb-headline-text\"> LOGICIEL D\u00c9VELOPP\u00c9 EN ESPAGNE<\/p>\n\n<\/div><\/div><\/div>\n<\/div>\n<\/div><\/div>","protected":false},"excerpt":{"rendered":"<p>Remises exclusives Nous souhaitons vous offrir des remises exclusives sur les plateformes li\u00e9es \u00e0 l'investissement et c'est pourquoi tous les clients des mod\u00e8les Renta, 720, 721 et 210 b\u00e9n\u00e9ficieront de nos accords de collaboration.<\/p>","protected":false},"author":1,"featured_media":0,"parent":0,"menu_order":0,"comment_status":"closed","ping_status":"closed","template":"","meta":{"footnotes":""},"class_list":["post-19293","page","type-page","status-publish"],"_links":{"self":[{"href":"https:\/\/autodeclaro.es\/fr\/wp-json\/wp\/v2\/pages\/19293","targetHints":{"allow":["GET"]}}],"collection":[{"href":"https:\/\/autodeclaro.es\/fr\/wp-json\/wp\/v2\/pages"}],"about":[{"href":"https:\/\/autodeclaro.es\/fr\/wp-json\/wp\/v2\/types\/page"}],"author":[{"embeddable":true,"href":"https:\/\/autodeclaro.es\/fr\/wp-json\/wp\/v2\/users\/1"}],"replies":[{"embeddable":true,"href":"https:\/\/autodeclaro.es\/fr\/wp-json\/wp\/v2\/comments?post=19293"}],"version-history":[{"count":15,"href":"https:\/\/autodeclaro.es\/fr\/wp-json\/wp\/v2\/pages\/19293\/revisions"}],"predecessor-version":[{"id":31293,"href":"https:\/\/autodeclaro.es\/fr\/wp-json\/wp\/v2\/pages\/19293\/revisions\/31293"}],"wp:attachment":[{"href":"https:\/\/autodeclaro.es\/fr\/wp-json\/wp\/v2\/media?parent=19293"}],"curies":[{"name":"wp","href":"https:\/\/api.w.org\/{rel}","templated":true}]}}