{"id":12382,"date":"2023-12-13T05:49:57","date_gmt":"2023-12-13T04:49:57","guid":{"rendered":"https:\/\/autodeclaro.es\/?post_type=product&#038;p=12382"},"modified":"2026-03-23T09:43:21","modified_gmt":"2026-03-23T08:43:21","slug":"car-721","status":"publish","type":"product","link":"https:\/\/autodeclaro.es\/en\/product-4\/car-721\/","title":{"rendered":"Car 721"},"content":{"rendered":"<p><span style=\"color: #ff0000;\"><strong>IMPORTANT:\u00a0<\/strong><\/span><br \/>\nIt is highly recommended that you read the instructions below to ensure that Form 721 fits your personal situation.<\/p>\n<p><strong>Note:<\/strong> \"La <strong>demo version<\/strong> only generates a complete 721 model, but with incomplete information such as:<\/p>\n<ul>\n<li>The amounts have the decimal part not filled in, i.e. the decimals are removed.<\/li>\n<li>Denomination and acronym of the virtual currency partially covered with 'XXXXX'.<\/li>\n<li>Website Address Safeguarding Entity partially covered with 'XXXXX'.<\/li>\n<\/ul>\n<div class=\"su-accordion su-u-trim\"><\/div>\n<div class=\"su-spoiler su-spoiler-style-default su-spoiler-icon-plus su-spoiler-closed\" data-scroll-offset=\"0\" data-anchor-in-url=\"no\"><div class=\"su-spoiler-title\" tabindex=\"0\" role=\"button\"><span class=\"su-spoiler-icon\"><\/span>What is the difference between the 'Premium', 'Unlimited' and 'Golden' version?<\/div><div class=\"su-spoiler-content su-u-clearfix su-u-trim\">\n<ul>\n<li><strong>Premium:<\/strong> It is the automation to fill in the 721 form automatically for up to 20 records. The filing is done by the client himself following the <a href=\"https:\/\/autodeclaro.es\/en\/instructions-auto-2\/\" target=\"_blank\" rel=\"noopener\">instructions<\/a>.<\/li>\n<li><strong>Unlimited:<\/strong> This is the automation for filling in form 721 automatically with no limit on the number of entries. The filing is carried out by the client himself following the <a href=\"https:\/\/autodeclaro.es\/en\/instructions-auto-2\/\" target=\"_blank\" rel=\"noopener\">instructions<\/a>.<\/li>\n<li><strong>Golden:<\/strong> The same features as the Unlimited version, but the client does not have to do anything else. We review your Form 721, and file it directly with the tax authorities. Once filed, we send you the proof of filing.<\/li>\n<\/ul>\n<p>More details and list of fares:<strong> <a href=\"https:\/\/autodeclaro.es\/en\/pricing\/\" target=\"_blank\" rel=\"noopener\">here<\/a>.<\/strong><\/p>\n<\/div><\/div>\n<div class=\"su-spoiler su-spoiler-style-default su-spoiler-icon-plus su-spoiler-closed\" data-scroll-offset=\"0\" data-anchor-in-url=\"no\"><div class=\"su-spoiler-title\" tabindex=\"0\" role=\"button\"><span class=\"su-spoiler-icon\"><\/span>How do I get the extract\/report from the exchanges?<\/div><div class=\"su-spoiler-content su-u-clearfix su-u-trim\">\n<p>You can see how to download your reports for Binance, Kraken, Revolut, Coinbase and others.\u00a0 <a href=\"https:\/\/autodeclaro.es\/en\/how-to-obtain-auto-721-extracts\/\">here.<\/a><\/p>\n<\/div><\/div>\n<div class=\"su-spoiler su-spoiler-style-default su-spoiler-icon-plus su-spoiler-closed\" data-scroll-offset=\"0\" data-anchor-in-url=\"no\"><div class=\"su-spoiler-title\" tabindex=\"0\" role=\"button\"><span class=\"su-spoiler-icon\"><\/span>Can I generate Form 721 with several exchanges?<\/div><div class=\"su-spoiler-content su-u-clearfix su-u-trim\">\n<p>Yes, to do so, compress in .ZIP format the files of the brokers for which you want to obtain the completed Form 721.<\/p>\n<\/div><\/div>\n<div class=\"su-spoiler su-spoiler-style-default su-spoiler-icon-plus su-spoiler-closed\" data-scroll-offset=\"0\" data-anchor-in-url=\"no\"><div class=\"su-spoiler-title\" tabindex=\"0\" role=\"button\"><span class=\"su-spoiler-icon\"><\/span>I have a hot\/cold wallet. Do I have to report my cryptocurrencies on Form 721?<\/div><div class=\"su-spoiler-content su-u-clearfix su-u-trim\">\n<p>No, according to binding consultation V2290-23. https:\/\/petete.tributos.hacienda.gob.es\/consultas\/?num_consulta=V2290-23<\/p>\n<\/div><\/div>\n<div class=\"su-spoiler su-spoiler-style-default su-spoiler-icon-plus su-spoiler-closed\" data-scroll-offset=\"0\" data-anchor-in-url=\"no\"><div class=\"su-spoiler-title\" tabindex=\"0\" role=\"button\"><span class=\"su-spoiler-icon\"><\/span>What exchange rate is used to determine the valuation price in Euros of each cryptoasset as at 31 December?<\/div><div class=\"su-spoiler-content su-u-clearfix su-u-trim\">\n<p>The exchange rates used are those of the website \u2018.\u2018<a href=\"https:\/\/coinmarketcap.com\/historical\/20241231\/\" target=\"_blank\" rel=\"noopener\">CoinMarketCap.com<\/a>\u2018.<\/p>\n<\/div><\/div>\n<div class=\"su-spoiler su-spoiler-style-default su-spoiler-icon-plus su-spoiler-closed\" data-scroll-offset=\"0\" data-anchor-in-url=\"no\"><div class=\"su-spoiler-title\" tabindex=\"0\" role=\"button\"><span class=\"su-spoiler-icon\"><\/span>I have FIAT money in the exchange account. Do I have to report the uninvested cash on Form 721?<\/div><div class=\"su-spoiler-content su-u-clearfix su-u-trim\">\n<p>No, current accounts are part of the Form 720. If you exceed the amount of \u20ac50,000 in foreign accounts, you would have to report all accounts\/deposits\/etc. in the <a href=\"https:\/\/autodeclaro.es\/en\/auto-720\/\" target=\"_blank\" rel=\"noopener\">Modelo 720<\/a>.<\/p>\n<\/div><\/div>","protected":false},"excerpt":{"rendered":"<p>IMPORTANTE:\u00a0 Es altamente recomendable leer las instrucciones que a continuaci\u00f3n se detallan para que el Modelo 721 se ajuste a tu situaci\u00f3n personal. Nota: La versi\u00f3n de demo solo genera un modelo 721 completo, pero con informaci\u00f3n incompleta como: Los importes tienen la parte decimal no cumplimentada, es decir se eliminan los decimales. Denominacion y &#8230; <a title=\"Car 721\" class=\"read-more\" href=\"https:\/\/autodeclaro.es\/en\/product-4\/car-721\/\" aria-label=\"Read more about Auto 721\">Read more<\/a><\/p>","protected":false},"featured_media":12511,"template":"","meta":[],"product_brand":[],"product_cat":[16],"product_tag":[],"class_list":{"0":"post-12382","1":"product","2":"type-product","3":"status-publish","4":"has-post-thumbnail","6":"product_cat-herramientas","7":"sales-flash-overlay","8":"woocommerce-text-align-center","9":"woocommerce-image-align-center","10":"do-quantity-buttons","12":"first","13":"instock","14":"sold-individually","15":"taxable","16":"shipping-taxable","17":"purchasable","18":"product-type-variable","19":"has-default-attributes"},"_links":{"self":[{"href":"https:\/\/autodeclaro.es\/en\/wp-json\/wp\/v2\/product\/12382","targetHints":{"allow":["GET"]}}],"collection":[{"href":"https:\/\/autodeclaro.es\/en\/wp-json\/wp\/v2\/product"}],"about":[{"href":"https:\/\/autodeclaro.es\/en\/wp-json\/wp\/v2\/types\/product"}],"wp:featuredmedia":[{"embeddable":true,"href":"https:\/\/autodeclaro.es\/en\/wp-json\/wp\/v2\/media\/12511"}],"wp:attachment":[{"href":"https:\/\/autodeclaro.es\/en\/wp-json\/wp\/v2\/media?parent=12382"}],"wp:term":[{"taxonomy":"product_brand","embeddable":true,"href":"https:\/\/autodeclaro.es\/en\/wp-json\/wp\/v2\/product_brand?post=12382"},{"taxonomy":"product_cat","embeddable":true,"href":"https:\/\/autodeclaro.es\/en\/wp-json\/wp\/v2\/product_cat?post=12382"},{"taxonomy":"product_tag","embeddable":true,"href":"https:\/\/autodeclaro.es\/en\/wp-json\/wp\/v2\/product_tag?post=12382"}],"curies":[{"name":"wp","href":"https:\/\/api.w.org\/{rel}","templated":true}]}}