{"id":2352,"date":"2021-12-04T22:26:53","date_gmt":"2021-12-04T21:26:53","guid":{"rendered":"https:\/\/autodeclaro.es\/?post_type=product&#038;p=2352"},"modified":"2024-02-22T11:41:32","modified_gmt":"2024-02-22T10:41:32","slug":"auto-d6-test","status":"publish","type":"product","link":"https:\/\/autodeclaro.es\/de\/produkt\/auto-d6-test\/","title":{"rendered":"Auto D6"},"content":{"rendered":"<p>Generieren Sie Ihr D6-Modell aus den von Ihnen bereitgestellten Maklerportfolios.<br \/>\n<strong>Anmerkung:<\/strong> Die \"kostenlose\" Version erzeugt nur ein D6-Modell mit 3 Positionen.<\/p>\n<p>Auto D6\" unterst\u00fctzt derzeit die folgenden Makler:<\/p>\n<ul>\n<li>DeGiro<\/li>\n<li>IBKR<\/li>\n<li>Revolut<\/li>\n<li>XTB<\/li>\n<li>Handel 212<\/li>\n<\/ul>\n<p><strong>Wie erhalte ich das Portfolio in DeGiro, IBKR, Revolut und Trading 212?<\/strong><\/p>\n<p>Sie k\u00f6nnen sehen, wie Sie Ihr Portfolio f\u00fcr DeGiro, IBKR, Revolut, XTB und Trading herunterladen k\u00f6nnen.\u00a0 <a href=\"https:\/\/autodeclaro.es\/de\/wie-man-autoauszuge-720-erhalt\/\">hier<\/a><\/p>\n<p><strong>Kann ich das Modell D6 f\u00fcr Portfolios bei mehreren Brokern erstellen?<\/strong><\/p>\n<p>Ja, komprimieren Sie dazu die Dateien der Makler, f\u00fcr die Sie das ausgef\u00fcllte Formular D6 erhalten m\u00f6chten, im ZIP-Format.<\/p>\n<p><strong>Wann wird die CSV-Datei angeh\u00e4ngt, um das Modell D6 zu erstellen?<\/strong><\/p>\n<p>Am Ende des Kaufs haben Sie die M\u00f6glichkeit, die Datei mit dem Aktienportfolio anzuh\u00e4ngen, um Ihr Modell D6 zu erstellen.<br \/>\nSobald der Vorgang abgeschlossen ist, erhalten Sie Ihr ausgef\u00fclltes Muster D6 im .AFORIXM-Format, das Sie einreichen k\u00f6nnen.<\/p>\n<p><strong>Sie haben kein Aktienportfolio von DeGiro, IBKR, Revolut oder Trading 212?<\/strong><\/p>\n<p>Nachfolgend k\u00f6nnen Sie Testportfolios zur Verwendung in der DEMO-Version herunterladen.<\/p>\n<ul>\n<li>DeGiro-Portfolio -&gt; <a href=\"https:\/\/autodeclaro.es\/wp-content\/uploads\/2021\/11\/Portfolio_DeGiro.csv\" target=\"_blank\" rel=\"noopener\">Herunterladen<\/a><\/li>\n<li>IBKR-Portfolio -&gt; <a href=\"https:\/\/autodeclaro.es\/wp-content\/uploads\/2021\/11\/Portfolio_IBKR.csv\" target=\"_blank\" rel=\"noopener\">Herunterladen<\/a><\/li>\n<\/ul>","protected":false},"excerpt":{"rendered":"<p>Generieren Sie Ihr D6-Modell aus den von Ihnen angegebenen Maklerportfolios. Hinweis: Die \u2018kostenlose\u2019 Version erzeugt nur ein D6-Modell mit 3 Positionen. Derzeit unterst\u00fctzt \u2018Auto D6\u2019 die folgenden Broker: DeGiro IBKR Revolut XTB Trading 212 Wie bekomme ich das Portfolio in DeGiro, IBKR, Revolut und Trading 212? Sie k\u00f6nnen sehen, wie Sie Ihr Portfolio herunterladen k\u00f6nnen ... <a title=\"Auto D6\" class=\"read-more\" href=\"https:\/\/autodeclaro.es\/de\/produkt\/auto-d6-test\/\" aria-label=\"Mehr Informationen \u00fcber Auto D6\">Weiterlesen<\/a><\/p>","protected":false},"featured_media":1481,"template":"","meta":[],"product_brand":[],"product_cat":[16],"product_tag":[],"class_list":{"0":"post-2352","1":"product","2":"type-product","3":"status-publish","4":"has-post-thumbnail","6":"product_cat-herramientas","7":"sales-flash-overlay","8":"woocommerce-text-align-center","9":"woocommerce-image-align-center","10":"do-quantity-buttons","12":"first","13":"instock","14":"sale","15":"sold-individually","16":"taxable","17":"shipping-taxable","18":"purchasable","19":"product-type-variable"},"_links":{"self":[{"href":"https:\/\/autodeclaro.es\/de\/wp-json\/wp\/v2\/product\/2352","targetHints":{"allow":["GET"]}}],"collection":[{"href":"https:\/\/autodeclaro.es\/de\/wp-json\/wp\/v2\/product"}],"about":[{"href":"https:\/\/autodeclaro.es\/de\/wp-json\/wp\/v2\/types\/product"}],"wp:featuredmedia":[{"embeddable":true,"href":"https:\/\/autodeclaro.es\/de\/wp-json\/wp\/v2\/media\/1481"}],"wp:attachment":[{"href":"https:\/\/autodeclaro.es\/de\/wp-json\/wp\/v2\/media?parent=2352"}],"wp:term":[{"taxonomy":"product_brand","embeddable":true,"href":"https:\/\/autodeclaro.es\/de\/wp-json\/wp\/v2\/product_brand?post=2352"},{"taxonomy":"product_cat","embeddable":true,"href":"https:\/\/autodeclaro.es\/de\/wp-json\/wp\/v2\/product_cat?post=2352"},{"taxonomy":"product_tag","embeddable":true,"href":"https:\/\/autodeclaro.es\/de\/wp-json\/wp\/v2\/product_tag?post=2352"}],"curies":[{"name":"wp","href":"https:\/\/api.w.org\/{rel}","templated":true}]}}