{"id":296,"date":"2021-10-05T11:38:01","date_gmt":"2021-10-05T11:38:01","guid":{"rendered":"https:\/\/autodeclaro.es\/?page_id=296"},"modified":"2026-04-27T15:11:19","modified_gmt":"2026-04-27T13:11:19","slug":"kontakt","status":"publish","type":"page","link":"https:\/\/autodeclaro.es\/de\/kontakt\/","title":{"rendered":"Kontakt"},"content":{"rendered":"<div class=\"gb-container gb-container-7856c198\"><div class=\"gb-inside-container\">\n<div class=\"gb-container gb-container-5586d971\"><div class=\"gb-inside-container\">\n\n<h1 class=\"gb-headline gb-headline-5dabdb8f gb-headline-text\"><strong>Kontakt<\/strong><\/h1>\n\n\n<div class=\"gb-container gb-container-82baaa6f\"><div class=\"gb-inside-container\">\n<div class=\"gb-grid-wrapper gb-grid-wrapper-5230788b\">\n<div class=\"gb-grid-column gb-grid-column-1700d80e\"><div class=\"gb-container gb-container-1700d80e\"><div class=\"gb-inside-container\">\n\n<div class=\"wpcf7 no-js\" id=\"wpcf7-f25-o1\" lang=\"es-ES\" dir=\"ltr\" data-wpcf7-id=\"25\">\n<div class=\"screen-reader-response\"><p role=\"status\" aria-live=\"polite\" aria-atomic=\"true\"><\/p> <ul><\/ul><\/div>\n<form action=\"\/de\/wp-json\/wp\/v2\/pages\/296#wpcf7-f25-o1\" method=\"post\" class=\"wpcf7-form init 1ba5577e34b6 cmatic-conn cmatic-aud-1 cmatic-mapd0-0 cmatic-v0978 cmatic-sent-0 cmatic-total-1594\" aria-label=\"Kontakt-Formular\" novalidate=\"novalidate\" data-status=\"init\" data-trp-original-action=\"\/de\/wp-json\/wp\/v2\/pages\/296#wpcf7-f25-o1\">\n<fieldset class=\"hidden-fields-container\"><input type=\"hidden\" name=\"_wpcf7\" value=\"25\" \/><input type=\"hidden\" name=\"_wpcf7_version\" value=\"6.1.5\" \/><input type=\"hidden\" name=\"_wpcf7_locale\" value=\"es_ES\" \/><input type=\"hidden\" name=\"_wpcf7_unit_tag\" value=\"wpcf7-f25-o1\" \/><input type=\"hidden\" name=\"_wpcf7_container_post\" value=\"0\" \/><input type=\"hidden\" name=\"_wpcf7_posted_data_hash\" value=\"\" \/><input type=\"hidden\" name=\"_wpcf7_recaptcha_response\" value=\"\" \/>\n<\/fieldset>\n<p><label> Name<br \/>\n<span class=\"wpcf7-form-control-wrap\" data-name=\"your-name\"><input size=\"40\" maxlength=\"400\" class=\"wpcf7-form-control wpcf7-text\" aria-invalid=\"false\" value=\"\" type=\"text\" name=\"your-name\" \/><\/span> <\/label>\n<\/p>\n<p><label> * E-Mail<br \/>\n<span class=\"wpcf7-form-control-wrap\" data-name=\"your-email\"><input size=\"40\" maxlength=\"400\" class=\"wpcf7-form-control wpcf7-email wpcf7-validates-as-required wpcf7-text wpcf7-validates-as-email\" aria-required=\"true\" aria-invalid=\"false\" value=\"\" type=\"email\" name=\"your-email\" \/><\/span> <\/label>\n<\/p>\n<p><label> * Telefon<br \/>\n<span class=\"wpcf7-form-control-wrap\" data-name=\"your-phone\"><input size=\"40\" maxlength=\"400\" class=\"wpcf7-form-control wpcf7-tel wpcf7-text wpcf7-validates-as-tel\" autocomplete=\"tel\" aria-invalid=\"false\" value=\"\" type=\"tel\" name=\"your-phone\" \/><\/span><\/label>\n<\/p>\n<p><label> * Betroffene Dienstleistung<br \/>\n<span class=\"wpcf7-form-control-wrap\" data-name=\"Servicio\"><select class=\"wpcf7-form-control wpcf7-select wpcf7-validates-as-required\" aria-required=\"true\" aria-invalid=\"false\" name=\"Servicio\"><option value=\"renta\">Einkommen<\/option><option value=\"720\">720<\/option><option value=\"721\">721<\/option><option value=\"714 - patrimonio\">714 - Verm\u00f6genswerte<\/option><option value=\"210\">210<\/option><option value=\"cripto\">Krypto<\/option><option value=\"otros\">andere<\/option><\/select><\/span> <\/label>\n<\/p>\n<p><label> * Erz\u00e4hlen Sie mir davon<br \/>\n<span class=\"wpcf7-form-control-wrap\" data-name=\"your-message\"><textarea cols=\"10\" rows=\"2\" maxlength=\"2000\" class=\"wpcf7-form-control wpcf7-textarea wpcf7-validates-as-required\" aria-required=\"true\" aria-invalid=\"false\" name=\"your-message\"><\/textarea><\/span> <\/label>\n<\/p>\n<p><label> *<span class=\"wpcf7-form-control-wrap\" data-name=\"acceptance-255\"><span class=\"wpcf7-form-control wpcf7-acceptance\"><span class=\"wpcf7-list-item\"><input type=\"checkbox\" name=\"acceptance-255\" value=\"1\" aria-invalid=\"false\" \/><\/span><\/span><\/span> Ich habe gelesen und akzeptiere die <a href=\"https:\/\/autodeclaro.es\/de\/datenschutzpolitik\/\" target=\"_blank\">Datenschutzbestimmungen<\/a><br \/>\n<\/label>\n<\/p>\n<p>Geben Sie diesen Code ein:<br \/>\n<input type=\"hidden\" name=\"_wpcf7_captcha_challenge_captcha-543\" value=\"2987065456\" \/><img decoding=\"async\" class=\"wpcf7-form-control wpcf7-captchac wpcf7-captcha-captcha-543\" width=\"72\" height=\"24\" alt=\"captcha\" src=\"https:\/\/autodeclaro.es\/wp-content\/uploads\/wpcf7_captcha\/2987065456.png\" \/><br \/>\n<span class=\"wpcf7-form-control-wrap\" data-name=\"captcha-543\"><input size=\"5\" maxlength=\"5\" class=\"wpcf7-form-control wpcf7-captchar\" autocomplete=\"off\" aria-invalid=\"false\" value=\"\" type=\"text\" name=\"captcha-543\" \/><\/span>\n<\/p>\n<p><input class=\"wpcf7-form-control wpcf7-submit has-spinner\" type=\"submit\" value=\"Senden Sie\" \/><br \/>\n<script>\n document.addEventListener( 'wpcf7mailsent', function( event ) {\n document.querySelectorAll(\"form.wpcf7-form > :not(.wpcf7-response-output)\").forEach(el => {\n el.style.display = 'none';\n });\n }, false );\n<\/script>\n<\/p><p style=\"display: none !important;\" class=\"akismet-fields-container\" data-prefix=\"_wpcf7_ak_\"><label>\u0394<textarea name=\"_wpcf7_ak_hp_textarea\" cols=\"45\" rows=\"8\" maxlength=\"100\"><\/textarea><\/label><input type=\"hidden\" id=\"ak_js_1\" name=\"_wpcf7_ak_js\" value=\"11\"\/><script>document.getElementById( \"ak_js_1\" ).setAttribute( \"value\", ( new Date() ).getTime() );<\/script><\/p><div class=\"wpcf7-response-output\" aria-hidden=\"true\"><\/div>\n<input type=\"hidden\" name=\"trp-form-language\" value=\"de\"\/><\/form>\n<\/div>\n\n\n\n<div class=\"su-accordion su-u-trim\">\n<div class=\"su-spoiler su-spoiler-style-fancy su-spoiler-icon-plus su-spoiler-closed\" data-scroll-offset=\"0\" data-anchor-in-url=\"no\"><div class=\"su-spoiler-title\" tabindex=\"0\" role=\"button\"><span class=\"su-spoiler-icon\"><\/span>Bevor Sie Ihre Anfrage abschicken, sehen Sie sich bitte die grundlegenden Informationen zum Datenschutz hier an.<\/div><div class=\"su-spoiler-content su-u-clearfix su-u-trim\"> autodeclaro.es informiert Sie dar\u00fcber, dass die pers\u00f6nlichen Daten, die Sie durch das Ausf\u00fcllen dieses Formulars zur Verf\u00fcgung stellen, von Autodeclaro Soluciones S.L. als Verantwortlichem f\u00fcr diese Website verarbeitet werden.<\/p>\n<p><b>Zweck der Erhebung und Verarbeitung von personenbezogenen Daten:<\/b> die vom Nutzer ben\u00f6tigten Informationen \u00fcber die Website zu \u00fcbermitteln.<\/p>\n<p><b>Legitimation: <\/b>Zustimmung der betroffenen Person.<\/p>\n<p><b>Zielgruppe: <\/b>Hosting: Nicalia.com .Sie sollten wissen, dass mein Hosting 100% spanisch und 100% sicher ist.<\/p>\n<p><b>Rechte:<\/b> Sie k\u00f6nnen Ihre Rechte auf Auskunft, Berichtigung, Einschr\u00e4nkung und L\u00f6schung von Daten unter info@autodeclaro.es wahrnehmen sowie eine Beschwerde bei einer Aufsichtsbeh\u00f6rde einreichen.<\/p>\n<p>Die Nichteingabe der pers\u00f6nlichen Daten, die auf dem Formular als obligatorisch angegeben sind, kann dazu f\u00fchren, dass Ihre Anfrage nicht bearbeitet werden kann.<\/p>\n<p><b>Zus\u00e4tzliche Informationen:<\/b>Zus\u00e4tzliche und ausf\u00fchrliche Informationen zum Datenschutz finden Sie in der <a href=\"https:\/\/autodeclaro.es\/de\/datenschutzpolitik\/\" target=\"blank_\" rel=\"noopener\">AUTODECLARO.ES Datenschutzbestimmungen<\/a><br \/>\n <\/div><\/div>\n<\/div>\n\n<\/div><\/div><\/div>\n\n<div class=\"gb-grid-column gb-grid-column-997ff798\"><div class=\"gb-container gb-container-997ff798\"><div class=\"gb-inside-container\">\n<div class=\"gb-grid-wrapper gb-grid-wrapper-3602d5c6\">\n<div class=\"gb-grid-column gb-grid-column-4cb248e4\"><div class=\"gb-container gb-container-4cb248e4\"><a class=\"gb-container-link\" href=\"https:\/\/es.trustpilot.com\/review\/autodeclaro.es\" rel=\"noopener noreferrer\" target=\"_blank\"><\/a><div class=\"gb-inside-container\">\n\n<p class=\"gb-headline gb-headline-c13b9183 gb-headline-text\"><strong><mark style=\"background-color:rgba(0, 0, 0, 0);color:#72b043\" class=\"has-inline-color\">Trustpilot<\/mark><\/strong><\/p>\n\n\n\n<p class=\"gb-headline gb-headline-f1868ad2 gb-headline-text\">Siehe unsere Bewertungen<\/p>\n\n<\/div><\/div><\/div>\n\n<div class=\"gb-grid-column gb-grid-column-ddc3ba1f\"><div class=\"gb-container gb-container-ddc3ba1f\"><a class=\"gb-container-link\" href=\"https:\/\/goo.gl\/maps\/wsvLCavB38e2db5L7\" rel=\"noopener noreferrer\" target=\"_blank\"><\/a><div class=\"gb-inside-container\">\n<div class=\"gb-container gb-container-ab8b2bdd\">\n\n<figure class=\"gb-block-image gb-block-image-f6c6a6d1\"><img decoding=\"async\" width=\"158\" height=\"64\" class=\"gb-image gb-image-f6c6a6d1\" src=\"https:\/\/autodeclaro.es\/wp-content\/uploads\/2023\/11\/google_review.png\" alt=\"\" title=\"google_rezension\" srcset=\"https:\/\/autodeclaro.es\/wp-content\/uploads\/2023\/11\/google_review.png 158w, https:\/\/autodeclaro.es\/wp-content\/uploads\/2023\/11\/google_review-18x7.png 18w, https:\/\/autodeclaro.es\/wp-content\/uploads\/2023\/11\/google_review-100x41.png 100w\" sizes=\"(max-width: 158px) 100vw, 158px\" \/><\/figure>\n\n<\/div>\n\n\n<p class=\"gb-headline gb-headline-ba7a434b gb-headline-text\"><strong>4.9<\/strong> von <strong>451<\/strong> Bewertungen<\/p>\n\n<\/div><\/div><\/div>\n<\/div>\n\n\n<p class=\"gb-headline gb-headline-c1f6697e\"><span class=\"gb-icon\"><svg aria-hidden=\"true\" role=\"img\" height=\"1em\" width=\"1em\" viewbox=\"0 0 448 512\" xmlns=\"http:\/\/www.w3.org\/2000\/svg\"><path fill=\"currentColor\" d=\"M400 480H48c-26.51 0-48-21.49-48-48V80c0-26.51 21.49-48 48-48h352c26.51 0 48 21.49 48 48v352c0 26.51-21.49 48-48 48zm-204.686-98.059l184-184c6.248-6.248 6.248-16.379 0-22.627l-22.627-22.627c-6.248-6.248-16.379-6.249-22.628 0L184 302.745l-70.059-70.059c-6.248-6.248-16.379-6.248-22.628 0l-22.627 22.627c-6.248 6.248-6.248 16.379 0 22.627l104 104c6.249 6.25 16.379 6.25 22.628.001z\"><\/path><\/svg><\/span><span class=\"gb-headline-text\"><strong>Die besten Dienstleistungen f\u00fcr die Erstellung von Betriebsmodellen.<\/strong><br>Vertrauen Sie Ihre rechtlichen Verpflichtungen dem besten Tool zur Erstellung von Online-Steuerformularen an, delegieren Sie diesen Prozess und konzentrieren Sie sich auf das Wesentliche.<br> <\/span><\/p>\n\n\n\n<p class=\"gb-headline gb-headline-eae2de79\"><span class=\"gb-icon\"><svg aria-hidden=\"true\" role=\"img\" height=\"1em\" width=\"1em\" viewbox=\"0 0 448 512\" xmlns=\"http:\/\/www.w3.org\/2000\/svg\"><path fill=\"currentColor\" d=\"M400 480H48c-26.51 0-48-21.49-48-48V80c0-26.51 21.49-48 48-48h352c26.51 0 48 21.49 48 48v352c0 26.51-21.49 48-48 48zm-204.686-98.059l184-184c6.248-6.248 6.248-16.379 0-22.627l-22.627-22.627c-6.248-6.248-16.379-6.249-22.628 0L184 302.745l-70.059-70.059c-6.248-6.248-16.379-6.248-22.628 0l-22.627 22.627c-6.248 6.248-6.248 16.379 0 22.627l104 104c6.249 6.25 16.379 6.25 22.628.001z\"><\/path><\/svg><\/span><span class=\"gb-headline-text\"><strong>Automatisches und sofortiges System<\/strong><br>0 Wartezeit. Generieren Sie Ihr Steuerformular automatisch und in nur wenigen Minuten. <\/span><\/p>\n\n\n\n<p class=\"gb-headline gb-headline-e385dced\"><span class=\"gb-icon\"><svg aria-hidden=\"true\" role=\"img\" height=\"1em\" width=\"1em\" viewbox=\"0 0 448 512\" xmlns=\"http:\/\/www.w3.org\/2000\/svg\"><path fill=\"currentColor\" d=\"M400 480H48c-26.51 0-48-21.49-48-48V80c0-26.51 21.49-48 48-48h352c26.51 0 48 21.49 48 48v352c0 26.51-21.49 48-48 48zm-204.686-98.059l184-184c6.248-6.248 6.248-16.379 0-22.627l-22.627-22.627c-6.248-6.248-16.379-6.249-22.628 0L184 302.745l-70.059-70.059c-6.248-6.248-16.379-6.248-22.628 0l-22.627 22.627c-6.248 6.248-6.248 16.379 0 22.627l104 104c6.249 6.25 16.379 6.25 22.628.001z\"><\/path><\/svg><\/span><span class=\"gb-headline-text\"><strong>V\u00f6llig anonym<\/strong><br>Bei AutoDeclaro.es legen wir Wert auf Anonymit\u00e4t und Ihre Sicherheit. Wir brauchen keine pers\u00f6nlichen Daten, nur eine E-Mail-Adresse. <\/span><\/p>\n\n\n\n<p class=\"gb-headline gb-headline-4be44e90\"><span class=\"gb-icon\"><svg aria-hidden=\"true\" role=\"img\" height=\"1em\" width=\"1em\" viewbox=\"0 0 448 512\" xmlns=\"http:\/\/www.w3.org\/2000\/svg\"><path fill=\"currentColor\" d=\"M400 480H48c-26.51 0-48-21.49-48-48V80c0-26.51 21.49-48 48-48h352c26.51 0 48 21.49 48 48v352c0 26.51-21.49 48-48 48zm-204.686-98.059l184-184c6.248-6.248 6.248-16.379 0-22.627l-22.627-22.627c-6.248-6.248-16.379-6.249-22.628 0L184 302.745l-70.059-70.059c-6.248-6.248-16.379-6.248-22.628 0l-22.627 22.627c-6.248 6.248-6.248 16.379 0 22.627l104 104c6.249 6.25 16.379 6.25 22.628.001z\"><\/path><\/svg><\/span><span class=\"gb-headline-text\"><strong>Die beste Qualit\u00e4t \/ Preis <\/strong><br>Diese Dienstleistung ist die billigste auf dem Markt und erzielt das gleiche Ergebnis wie eine Steuerberatung. Deshalb k\u00f6nnen wir sagen, dass sie sehr rentabel ist.<\/span><\/p>\n\n<\/div><\/div><\/div>\n<\/div>\n<\/div><\/div>\n<\/div><\/div>\n<\/div><\/div>\n\n<div class=\"gb-container gb-container-dec1d26e\"><div class=\"gb-inside-container\">\n<div class=\"gb-container gb-container-392bdfa1\"><div class=\"gb-inside-container\">\n<div class=\"gb-grid-wrapper gb-grid-wrapper-3bd61556\">\n<div class=\"gb-grid-column gb-grid-column-4ed7e94d\"><div class=\"gb-container gb-container-4ed7e94d\"><div class=\"gb-inside-container\">\n\n<h2 class=\"gb-headline gb-headline-857db351 gb-headline-text\">Hilfe<\/h2>\n\n\n<div class=\"gb-button-wrapper gb-button-wrapper-5233a7a8\">\n\n<a class=\"gb-button gb-button-84968700 gb-button-text\" href=\"https:\/\/autodeclaro.es\/de\/kontakt\/\"><strong>KONTAKT<\/strong><\/a>\n\n\n\n<a class=\"gb-button gb-button-47af23a3 gb-button-text\" href=\"https:\/\/autodeclaro.es\/de\/sicherheit\/\" target=\"_blank\" rel=\"noopener noreferrer\"><strong>SICHERHEIT<\/strong><\/a>\n\n\n\n<a class=\"gb-button gb-button-908f69d2 gb-button-text\" href=\"https:\/\/autodeclaro.es\/de\/uber\/\" target=\"_blank\" rel=\"noopener noreferrer\"><strong>\u00dcber mich<\/strong><\/a>\n\n\n\n<a class=\"gb-button gb-button-26ce780f gb-button-text\" href=\"https:\/\/modelorenta.com\" target=\"_blank\" rel=\"noopener noreferrer\"><strong>EINKOMMENSMODELL<\/strong><\/a>\n\n<\/div>\n<\/div><\/div><\/div>\n\n<div class=\"gb-grid-column gb-grid-column-02729e6c\"><div class=\"gb-container gb-container-02729e6c\"><div class=\"gb-inside-container\">\n\n<h2 class=\"gb-headline gb-headline-cf7354d8 gb-headline-text\">Navigation<\/h2>\n\n\n<div class=\"gb-button-wrapper gb-button-wrapper-efa19db8\">\n\n<a class=\"gb-button gb-button-23858bbd gb-button-text\" href=\"https:\/\/autodeclaro.es\/de\/\"><strong>AUTODECLARO.ES<\/strong><\/a>\n\n\n\n<a class=\"gb-button gb-button-70a90825 gb-button-text\" href=\"https:\/\/autodeclaro.es\/de\/wie-man-die-extrakte-erhalt\/\"><strong>ANLEITUNGEN<\/strong><\/a>\n\n\n\n<a class=\"gb-button gb-button-79e93945 gb-button-text\" href=\"https:\/\/autodeclaro.es\/de\/autovermietung\/\"><strong>Modell 100<\/strong><\/a>\n\n\n\n<a class=\"gb-button gb-button-3935bfe8 gb-button-text\" href=\"https:\/\/autodeclaro.es\/de\/autovermietung-2\/\"><strong>CRIPTOMONEDAS<\/strong><\/a>\n\n\n\n<a class=\"gb-button gb-button-1530f8e0 gb-button-text\" href=\"https:\/\/autodeclaro.es\/de\/auto-720\/\"><strong>Modell 720<\/strong><\/a>\n\n\n\n<a class=\"gb-button gb-button-a7800d52 gb-button-text\" href=\"https:\/\/autodeclaro.es\/de\/auto-721-2\/\"><strong>Modell 721<\/strong><\/a>\n\n\n\n<a class=\"gb-button gb-button-86e6e154 gb-button-text\" href=\"https:\/\/autodeclaro.es\/de\/auto-210\/\" target=\"_blank\" rel=\"noopener noreferrer\"><strong>MODELL 210<\/strong><\/a>\n\n\n\n<a class=\"gb-button gb-button-99c10d57 gb-button-text\" href=\"https:\/\/autodeclaro.es\/de\/eigenschaften-3\/\"><strong>Eigenschaften<\/strong><\/a>\n\n\n\n<a class=\"gb-button gb-button-702d9b27 gb-button-text\" href=\"https:\/\/autodeclaro.es\/de\/uber-uns-reden\/\"><strong>Sie reden \u00fcber uns<\/strong><\/a>\n\n\n\n<a class=\"gb-button gb-button-133699ef gb-button-text\" href=\"https:\/\/autodeclaro.es\/de\/preisgestaltung\/\"><strong>RATEN<\/strong><\/a>\n\n<\/div>\n<\/div><\/div><\/div>\n\n<div class=\"gb-grid-column gb-grid-column-e97c2f8a\"><div class=\"gb-container gb-container-e97c2f8a\"><div class=\"gb-inside-container\">\n\n<h2 class=\"gb-headline gb-headline-9d7b1b26 gb-headline-text\">Rechtliches<\/h2>\n\n\n<div class=\"gb-button-wrapper gb-button-wrapper-da2420ec\">\n\n<a class=\"gb-button gb-button-364f54fc gb-button-text\" href=\"https:\/\/autodeclaro.es\/de\/rechtshinweis\/\">HINWEIS <strong>legal<\/strong><\/a>\n\n\n\n<a class=\"gb-button gb-button-b2a6a2fc gb-button-text\" href=\"https:\/\/autodeclaro.es\/de\/datenschutzpolitik\/\"><strong>DATENSCHUTZPOLITIK<\/strong><\/a>\n\n\n\n<a class=\"gb-button gb-button-eb678b04 gb-button-text\" href=\"https:\/\/autodeclaro.es\/de\/cookie-richtlinie\/\"><strong>COOKIES<\/strong><\/a>\n\n\n\n<a class=\"gb-button gb-button-8850486f gb-button-text\" href=\"https:\/\/autodeclaro.es\/de\/beschaftigungsbedingungen\/\"><strong>BESCH\u00c4FTIGUNGSBEDINGUNGEN<\/strong><\/a>\n\n\n\n<a class=\"gb-button gb-button-88b4c17c gb-button-text\" href=\"https:\/\/autodeclaro.es\/de\/partnerprogramm\/\" target=\"_blank\" rel=\"noopener noreferrer\">PARTNER WERDEN<\/a>\n\n\n\n<a class=\"gb-button gb-button-12381714 gb-button-text\" href=\"\/de\/#gdpr_cookie_modal\"><strong>Cookie-Pr\u00e4ferenz<\/strong><\/a>\n\n<\/div>\n<\/div><\/div><\/div>\n\n<div class=\"gb-grid-column gb-grid-column-ca367b27\"><div class=\"gb-container gb-container-ca367b27\"><div class=\"gb-inside-container\">\n\n<h2 class=\"gb-headline gb-headline-65e0fe6e gb-headline-text\">Folgen Sie uns unter<\/h2>\n\n\n<div class=\"gb-button-wrapper gb-button-wrapper-7a42ce51\">\n\n<a class=\"gb-button gb-button-da71ac4d\" href=\"https:\/\/twitter.com\/autodeclaro\" target=\"_blank\" rel=\"nofollow noopener noreferrer\"><span class=\"gb-icon\"><svg width=\"1200\" height=\"1227\" viewbox=\"0 0 1200 1227\" fill=\"none\" xmlns=\"http:\/\/www.w3.org\/2000\/svg\"> <path d=\"M714.163 519.284L1160.89 0H1055.03L667.137 450.887L357.328 0H0L468.492 681.821L0 1226.37H105.866L515.491 750.218L842.672 1226.37H1200L714.137 519.284H714.163ZM569.165 687.828L521.697 619.934L144.011 79.6944H306.615L611.412 515.685L658.88 583.579L1055.08 1150.3H892.476L569.165 687.854V687.828Z\" fill=\"white\"><\/path><\/svg><\/span><\/a>\n\n\n\n<a class=\"gb-button gb-button-f531bb1b\" href=\"https:\/\/www.youtube.com\/channel\/UC47sIi2BOg2v8-IKUX5PVtg\" target=\"_blank\" rel=\"nofollow noopener noreferrer\"><span class=\"gb-icon\"><svg aria-hidden=\"true\" role=\"img\" height=\"1em\" width=\"1em\" viewbox=\"0 0 576 512\" xmlns=\"http:\/\/www.w3.org\/2000\/svg\"><path fill=\"currentColor\" d=\"M549.655 124.083c-6.281-23.65-24.787-42.276-48.284-48.597C458.781 64 288 64 288 64S117.22 64 74.629 75.486c-23.497 6.322-42.003 24.947-48.284 48.597-11.412 42.867-11.412 132.305-11.412 132.305s0 89.438 11.412 132.305c6.281 23.65 24.787 41.5 48.284 47.821C117.22 448 288 448 288 448s170.78 0 213.371-11.486c23.497-6.321 42.003-24.171 48.284-47.821 11.412-42.867 11.412-132.305 11.412-132.305s0-89.438-11.412-132.305zm-317.51 213.508V175.185l142.739 81.205-142.739 81.201z\"><\/path><\/svg><\/span><\/a>\n\n\n\n<a class=\"gb-button gb-button-b9a9c37c\" href=\"https:\/\/www.facebook.com\/autodeclaro\" target=\"_blank\" rel=\"nofollow noopener noreferrer\"><span class=\"gb-icon\"><svg xmlns=\"http:\/\/www.w3.org\/2000\/svg\" viewbox=\"0 0 320 512\" width=\"1em\" height=\"1em\" aria-hidden=\"true\"><path d=\"M279.14 288l14.22-92.66h-88.91v-60.13c0-25.35 12.42-50.06 52.24-50.06h40.42V6.26S260.43 0 225.36 0c-73.22 0-121.08 44.38-121.08 124.72v70.62H22.89V288h81.39v224h100.17V288z\" fill=\"currentColor\"><\/path><\/svg><\/span><\/a>\n\n\n\n<a class=\"gb-button gb-button-76c47084\" href=\"https:\/\/www.linkedin.com\/company\/autodeclaro\" target=\"_blank\" rel=\"nofollow noopener noreferrer\"><span class=\"gb-icon\"><svg xmlns=\"http:\/\/www.w3.org\/2000\/svg\" viewbox=\"0 0 448 512\" width=\"1em\" height=\"1em\" aria-hidden=\"true\"><path d=\"M100.28 448H7.4V148.9h92.88zM53.79 108.1C24.09 108.1 0 83.5 0 53.8a53.79 53.79 0 0 1 107.58 0c0 29.7-24.1 54.3-53.79 54.3zM447.9 448h-92.68V302.4c0-34.7-.7-79.2-48.29-79.2-48.29 0-55.69 37.7-55.69 76.7V448h-92.78V148.9h89.08v40.8h1.3c12.4-23.5 42.69-48.3 87.88-48.3 94 0 111.28 61.9 111.28 142.3V448z\" fill=\"currentColor\"><\/path><\/svg><\/span><\/a>\n\n\n\n<a class=\"gb-button gb-button-682f573a\" href=\"https:\/\/www.instagram.com\/autodeclaro\" target=\"_blank\" rel=\"nofollow noopener noreferrer\"><span class=\"gb-icon\"><svg xmlns=\"http:\/\/www.w3.org\/2000\/svg\" viewbox=\"0 0 448 512\" width=\"1em\" height=\"1em\" aria-hidden=\"true\"><path d=\"M224.1 141c-63.6 0-114.9 51.3-114.9 114.9s51.3 114.9 114.9 114.9S339 319.5 339 255.9 287.7 141 224.1 141zm0 189.6c-41.1 0-74.7-33.5-74.7-74.7s33.5-74.7 74.7-74.7 74.7 33.5 74.7 74.7-33.6 74.7-74.7 74.7zm146.4-194.3c0 14.9-12 26.8-26.8 26.8-14.9 0-26.8-12-26.8-26.8s12-26.8 26.8-26.8 26.8 12 26.8 26.8zm76.1 27.2c-1.7-35.9-9.9-67.7-36.2-93.9-26.2-26.2-58-34.4-93.9-36.2-37-2.1-147.9-2.1-184.9 0-35.8 1.7-67.6 9.9-93.9 36.1s-34.4 58-36.2 93.9c-2.1 37-2.1 147.9 0 184.9 1.7 35.9 9.9 67.7 36.2 93.9s58 34.4 93.9 36.2c37 2.1 147.9 2.1 184.9 0 35.9-1.7 67.7-9.9 93.9-36.2 26.2-26.2 34.4-58 36.2-93.9 2.1-37 2.1-147.8 0-184.8zM398.8 388c-7.8 19.6-22.9 34.7-42.6 42.6-29.5 11.7-99.5 9-132.1 9s-102.7 2.6-132.1-9c-19.6-7.8-34.7-22.9-42.6-42.6-11.7-29.5-9-99.5-9-132.1s-2.6-102.7 9-132.1c7.8-19.6 22.9-34.7 42.6-42.6 29.5-11.7 99.5-9 132.1-9s102.7-2.6 132.1 9c19.6 7.8 34.7 22.9 42.6 42.6 11.7 29.5 9 99.5 9 132.1s2.7 102.7-9 132.1z\" fill=\"currentColor\"><\/path><\/svg><\/span><\/a>\n\n<\/div>\n\n<div class=\"gb-container gb-container-2f03eff6\"><div class=\"gb-inside-container\">\n\n<p class=\"has-text-align-center\">Siehe unsere Bewertungen auf: <\/p>\n\n\n\n<figure class=\"gb-block-image gb-block-image-0990da93\"><a href=\"https:\/\/www.google.com\/maps\/place\/AutoDeclaro.es+-+Modelo+720,+Renta,+FIFO,+Dividendos,+Modelo+210\/@35.3392253,-15.8095226,5z\/data=!3m1!4b1!4m5!3m4!1s0x8f7b7a9c88ed2599:0x421c5f5b95409684!8m2!3d35.67445!4d-6.8143?shorturl=1\" target=\"_blank\" rel=\"noopener noreferrer\"><img decoding=\"async\" width=\"158\" height=\"64\" class=\"gb-image gb-image-0990da93\" src=\"https:\/\/autodeclaro.es\/wp-content\/uploads\/2021\/11\/google_review.png\" alt=\"\" title=\"google_rezension\" srcset=\"https:\/\/autodeclaro.es\/wp-content\/uploads\/2021\/11\/google_review.png 158w, https:\/\/autodeclaro.es\/wp-content\/uploads\/2021\/11\/google_review-18x7.png 18w, https:\/\/autodeclaro.es\/wp-content\/uploads\/2021\/11\/google_review-100x41.png 100w\" sizes=\"(max-width: 158px) 100vw, 158px\" \/><\/a><\/figure>\n\n\n\n<!-- TrustBox widget - Review Collector -->\n<div class=\"trustpilot-widget\" data-locale=\"en-US\" data-template-id=\"56278e9abfbbba0bdcd568bc\" data-businessunit-id=\"617722afa2f7e91d566495f3\" data-style-height=\"52px\" data-style-width=\"100%\" data-token=\"0cd00547-f94d-4057-ae20-b0d4838bdedb\">\n  <a href=\"https:\/\/www.trustpilot.com\/review\/autodeclaro.es\" target=\"_blank\" rel=\"noopener\">Trustpilot<\/a>\n<\/div>\n<!-- End TrustBox widget -->\n\n<\/div><\/div>\n<\/div><\/div><\/div>\n<\/div>\n<\/div><\/div>\n\n<div class=\"gb-grid-wrapper gb-grid-wrapper-8d2f1c2d\">\n<div class=\"gb-grid-column gb-grid-column-143d0181\"><div class=\"gb-container gb-container-143d0181\"><div class=\"gb-inside-container\">\n\n<p class=\"gb-headline gb-headline-1d654ec7 gb-headline-text\">\u00a9 2021 AUTODECLARO.ES - Alle Rechte vorbehalten<\/p>\n\n<\/div><\/div><\/div>\n\n<div class=\"gb-grid-column gb-grid-column-9df10302\"><div class=\"gb-container gb-container-9df10302\"><div class=\"gb-inside-container\">\n\n<p class=\"gb-headline gb-headline-e92cec68 gb-headline-text\"> IN SPANIEN ENTWICKELTE SOFTWARE<\/p>\n\n<\/div><\/div><\/div>\n<\/div>\n<\/div><\/div>","protected":false},"excerpt":{"rendered":"<p>Kontakt<\/p>","protected":false},"author":1,"featured_media":0,"parent":0,"menu_order":5,"comment_status":"closed","ping_status":"closed","template":"","meta":{"footnotes":""},"class_list":["post-296","page","type-page","status-publish"],"_links":{"self":[{"href":"https:\/\/autodeclaro.es\/de\/wp-json\/wp\/v2\/pages\/296","targetHints":{"allow":["GET"]}}],"collection":[{"href":"https:\/\/autodeclaro.es\/de\/wp-json\/wp\/v2\/pages"}],"about":[{"href":"https:\/\/autodeclaro.es\/de\/wp-json\/wp\/v2\/types\/page"}],"author":[{"embeddable":true,"href":"https:\/\/autodeclaro.es\/de\/wp-json\/wp\/v2\/users\/1"}],"replies":[{"embeddable":true,"href":"https:\/\/autodeclaro.es\/de\/wp-json\/wp\/v2\/comments?post=296"}],"version-history":[{"count":4,"href":"https:\/\/autodeclaro.es\/de\/wp-json\/wp\/v2\/pages\/296\/revisions"}],"predecessor-version":[{"id":19338,"href":"https:\/\/autodeclaro.es\/de\/wp-json\/wp\/v2\/pages\/296\/revisions\/19338"}],"wp:attachment":[{"href":"https:\/\/autodeclaro.es\/de\/wp-json\/wp\/v2\/media?parent=296"}],"curies":[{"name":"wp","href":"https:\/\/api.w.org\/{rel}","templated":true}]}}