{"id":288,"date":"2021-10-05T11:29:57","date_gmt":"2021-10-05T11:29:57","guid":{"rendered":"https:\/\/autodeclaro.es\/?page_id=288"},"modified":"2023-12-14T07:19:58","modified_gmt":"2023-12-14T06:19:58","slug":"rechtshinweis","status":"publish","type":"page","link":"https:\/\/autodeclaro.es\/de\/rechtshinweis\/","title":{"rendered":"Rechtlicher Hinweis"},"content":{"rendered":"<div class=\"gb-container gb-container-7856c198\"><div class=\"gb-inside-container\">\n<div class=\"gb-container gb-container-5586d971\"><div class=\"gb-inside-container\">\n\n<h1 class=\"gb-headline gb-headline-5dabdb8f gb-headline-text\"><strong>Rechtlicher Hinweis<\/strong><\/h1>\n\n\n\n<p>Sind Sie besorgt \u00fcber die Rechtm\u00e4\u00dfigkeit dieser Website? Wenn ja, ist das eine gute Nachricht f\u00fcr mich.<\/p>\n\n\n\n<p>Sie befinden sich in einem Raum, der sich f\u00fcr die Rechte seiner Nutzer einsetzt. Aus diesem Grund erhalten Sie ein H\u00f6chstma\u00df an Transparenz und Strenge bei allem, was Sie \u00fcber diese Website wissen m\u00fcssen.<\/p>\n\n\n\n<p>Dar\u00fcber hinaus verpflichte ich mich zu Transparenz und zum Schutz der Rechte der Nutzer und Kunden.  In diesem rechtlichen Hinweis finden Sie alle Informationen dar\u00fcber, wer f\u00fcr diese Website verantwortlich ist und die allgemeinen Nutzungsbedingungen, die f\u00fcr das Surfen gelten.<\/p>\n\n\n\n<p><strong>Daten des Eigent\u00fcmers der Website:<\/strong><\/p>\n\n\n\n<ul class=\"wp-block-list\">\n<li><strong>Rechtliche Verantwortung: <\/strong>Autodeclaro Soluciones S.L. (im Folgenden \"AUTODECLARO\")<\/li>\n\n\n\n<li><strong>Handelsname: <\/strong>AutoDeclaro.es&nbsp;<\/li>\n\n\n\n<li><strong>MEHRWERTSTEUER-NR.: B56674054<\/strong><\/li>\n\n\n\n<li><strong>Eingetragener Sitz: <\/strong>Avenida de Rocinante 2, 28906, Getafe Madrid <\/li>\n\n\n\n<li><strong>\u00d6ffentliches Register:<\/strong> eingetragen im Handelsregister von Madrid, Band 45827, Folio 160, Seite M-805442, Eintrag 1.<\/li>\n\n\n\n<li><strong>E-Mail:<\/strong>\u00a0 info @autodeclaro.es<\/li>\n<\/ul>\n\n\n\n<h2 class=\"wp-block-heading\">&nbsp;<\/h2>\n\n\n\n<p><strong>Zweck der Website<\/strong>Werbung f\u00fcr die Dienstleistungen und Produkte, die AUTODECLARO \u00fcber seine Website AUTODECLARO.ES anbietet.<\/p>\n\n\n\n<p>Die Website AUTODECLARO.ES bietet Automatisierungsl\u00f6sungen f\u00fcr die Beschaffung der Formulare f\u00fcr die Steuererkl\u00e4rung f\u00fcr ausl\u00e4ndische Investitionen, insbesondere der Formulare 720, 721, 210 und Renta.  Es handelt sich um ein Tool zum automatischen Ausf\u00fcllen der Erkl\u00e4rungsformulare.<\/p>\n\n\n\n<p>Wenn Sie auf AUTODECLARO.ES surfen, sollten Sie wissen, dass diese Website die Bestimmungen des Organgesetzes 3\/2018 vom 5. Dezember \u00fcber den Schutz personenbezogener Daten und die Gew\u00e4hrleistung digitaler Rechte (LOPDGDD) strikt einh\u00e4lt. Sie entspricht auch der Verordnung (EU) 2016\/679 des Europ\u00e4ischen Parlaments und des Rates vom 27. April 2016 zum Schutz nat\u00fcrlicher Personen (RGPD) sowie dem Gesetz 34\/2002 vom 11. Juli \u00fcber die Dienste der Informationsgesellschaft und den elektronischen Handel (LSSICE oder LSSI).<\/p>\n\n\n\n<p><strong>Allgemeine Bedingungen f\u00fcr die Nutzung&nbsp;<\/strong><\/p>\n\n\n\n<p>Die vorliegenden Allgemeinen Gesch\u00e4ftsbedingungen regeln die Nutzung (einschlie\u00dflich des blo\u00dfen Zugriffs) der Webseiten der Website AUTODECLARO.ES, einschlie\u00dflich der darin zur Verf\u00fcgung gestellten Inhalte und Dienstleistungen. Jede Person, die auf die Website AUTODECLARO.ES (\"<strong>Benutzer<\/strong>\") erkl\u00e4rt sich mit den Allgemeinen Gesch\u00e4ftsbedingungen des Portals \"AUTODECLARO.ES\" in der jeweils g\u00fcltigen Fassung einverstanden.&nbsp;<\/p>\n\n\n\n<p><strong>Sind Ihnen Ihre pers\u00f6nlichen Daten wichtig?<\/strong><\/p>\n\n\n\n<p>Ich lade Sie ein, die <a href=\"https:\/\/autodeclaro.es\/de\/datenschutzpolitik\/\" data-type=\"page\" data-id=\"297\">Datenschutzbestimmungen<\/a> AUTODECLARO.ES \", wo wir sehr darauf geachtet haben, ein Maximum an Transparenz und Klarheit zu bieten.<\/p>\n\n\n\n<p><strong>Was ist mit Keksen?<\/strong><\/p>\n\n\n\n<p><strong>Wir verwenden Cookies auf dieser Website,<\/strong> Ich erkl\u00e4re alles, was Sie dar\u00fcber wissen m\u00fcssen, in meiner Cookie-Richtlinie.&nbsp; <a href=\"https:\/\/autodeclaro.es\/de\/cookie-richtlinie\/\" data-type=\"page\" data-id=\"290\">Cookie-Richtlinie anzeigen<\/a>.<\/p>\n\n\n\n<p><strong>Verantwortung<\/strong><\/p>\n\n\n\n<p>AUTODECLARO.ES, \u00fcbernimmt keine Verantwortung f\u00fcr die auf meiner Website ver\u00f6ffentlichten Informationen, sofern diese Informationen von einem externen Dritten manipuliert oder eingef\u00fcgt worden sind.<\/p>\n\n\n\n<p>Von der Website AUTODECLARO.ES k\u00f6nnen Sie zu Inhalten anderer Websites weitergeleitet werden, die ich als Portfolio der von mir und meinem Team geleisteten Arbeit zeige.<\/p>\n\n\n\n<p>Da AUTODECLARO.ES nicht immer die Inhalte kontrollieren kann, die von Dritten auf seinen Webseiten eingestellt werden, \u00fcbernimmt AUTODECLARO.ES keinerlei Verantwortung f\u00fcr diese Inhalte. In jedem Fall erkl\u00e4rt AUTODECLARO.ES, dass es jeden Inhalt, der gegen die nationale oder internationale Gesetzgebung, die Moral oder die \u00f6ffentliche Ordnung versto\u00dfen k\u00f6nnte, unverz\u00fcglich entfernen wird, indem es die Weiterleitung zu dieser Website unverz\u00fcglich zur\u00fccknimmt und die zust\u00e4ndigen Beh\u00f6rden \u00fcber den fraglichen Inhalt informiert.<\/p>\n\n\n\n<p>AUTODECLARO.ES ist nicht verantwortlich f\u00fcr die Informationen und Inhalte, die in Foren, Chats, Bloggeneratoren, Kommentaren, sozialen Netzwerken oder anderen Medien gespeichert werden, die es Dritten erm\u00f6glichen, Inhalte unabh\u00e4ngig auf der Website des Anbieters zu ver\u00f6ffentlichen. In \u00dcbereinstimmung mit den Bestimmungen der Art. 11 und 16 des LSSI-CE steht AUTODECLARO.ES jedoch allen Nutzern, Beh\u00f6rden und Sicherheitskr\u00e4ften zur Verf\u00fcgung und arbeitet aktiv an der Entfernung oder Sperrung aller Inhalte mit, die die nationale oder internationale Gesetzgebung, die Rechte Dritter oder die Moral und die \u00f6ffentliche Ordnung beeintr\u00e4chtigen oder verletzen k\u00f6nnten. Sollte der Nutzer der Ansicht sein, dass sich auf der Website Inhalte befinden, die dieser Einstufung unterliegen k\u00f6nnten, bitten wir ihn, den Administrator der Website unverz\u00fcglich unter der am Anfang dieses rechtlichen Hinweises angegebenen E-Mail-Adresse zu benachrichtigen.<\/p>\n\n\n\n<p>AUTODECLARO.ES ist nicht verantwortlich f\u00fcr eventuelle Downloads, die Dritte von den Fotos\/Videos auf der Website des Anbieters vornehmen.<\/p>\n\n\n\n<p>Diese Website wurde gepr\u00fcft und getestet, um sicherzustellen, dass sie korrekt funktioniert. Im Prinzip kann ihr korrektes Funktionieren an 365 Tagen im Jahr, 24 Stunden am Tag, garantiert werden. AUTODECLARO.ES schlie\u00dft jedoch nicht aus, dass es bestimmte Programmierfehler gibt oder dass h\u00f6here Gewalt, Naturkatastrophen, Streiks oder \u00e4hnliche Umst\u00e4nde den Zugang zur Website unm\u00f6glich machen.<\/p>\n\n\n\n<p><strong>Zusagen und Verpflichtungen der Nutzer&nbsp;<\/strong><\/p>\n\n\n\n<p>Der Benutzer ist dar\u00fcber informiert und akzeptiert, dass der Zugang zu dieser Website in keiner Weise den Beginn einer Gesch\u00e4ftsbeziehung mit AUTODECLARO.ES bedeutet. Auf diese Weise verpflichtet sich der Nutzer, die Website, ihre Dienste und Inhalte zu nutzen, ohne gegen die geltende Gesetzgebung, den guten Glauben und die \u00f6ffentliche Ordnung zu versto\u00dfen.<\/p>\n\n\n\n<p>Es ist verboten, die Website f\u00fcr unerlaubte oder sch\u00e4dliche Zwecke oder in einer Weise zu nutzen, die Sch\u00e4den verursachen oder das normale Funktionieren der Website beeintr\u00e4chtigen kann.&nbsp;<\/p>\n\n\n\n<p>Es ist auch verboten:<\/p>\n\n\n\n<ul class=\"wp-block-list\">\n<li>Vervielf\u00e4ltigung, Verbreitung oder Ver\u00e4nderung, ganz oder teilweise, sofern nicht von uns als rechtm\u00e4\u00dfigem Eigent\u00fcmer genehmigt;<\/li>\n\n\n\n<li>Jede Verletzung der Rechte des Anbieters oder von uns als rechtm\u00e4\u00dfigem Eigent\u00fcmer;<\/li>\n\n\n\n<li>Verwendung f\u00fcr kommerzielle oder Werbezwecke ohne unsere Genehmigung<\/li>\n<\/ul>\n\n\n\n<p><strong>Sicherheitsma\u00dfnahmen&nbsp;<\/strong><\/p>\n\n\n\n<p>Die pers\u00f6nlichen Daten, die der Nutzer AUTODECLARO.ES mitteilt, werden in automatisierten Datenbanken (Cookies) gespeichert oder nicht. AUTODECLARO.ES ist alleiniger Eigent\u00fcmer dieser Daten, wobei alle technischen, organisatorischen und sicherheitstechnischen Ma\u00dfnahmen ergriffen werden, die die Vertraulichkeit, Integrit\u00e4t und Qualit\u00e4t der darin enthaltenen Informationen in \u00dcbereinstimmung mit den geltenden Datenschutzbestimmungen gew\u00e4hrleisten.&nbsp;<\/p>\n\n\n\n<p><strong>Plattform zur Online-Streitbeilegung<\/strong><\/p>\n\n\n\n<p>Wir stellen den Nutzern auch die von der Europ\u00e4ischen Kommission eingerichtete Plattform zur Streitbeilegung zur Verf\u00fcgung, die unter folgendem Link zu finden ist:<a href=\"http:\/\/ec.europa.eu\/consumers\/odr\/\" target=\"_blank\" rel=\"noopener\"> http:\/\/ec.europa.eu\/consumers\/odr\/<\/a><\/p>\n\n\n\n<p><strong>Rechte an geistigem und gewerblichem Eigentum&nbsp;<\/strong><\/p>\n\n\n\n<p>Gem\u00e4\u00df den Bestimmungen der Artikel 8 und 32.1, zweiter Absatz, des Gesetzes \u00fcber das geistige Eigentum sind die Vervielf\u00e4ltigung, die Verbreitung und die \u00f6ffentliche Bekanntmachung, einschlie\u00dflich der Art und Weise der Bereitstellung, des gesamten oder eines Teils des Inhalts dieser Website zu kommerziellen Zwecken, in jedem Medium und mit jedem technischen Mittel, ohne die Genehmigung von AUTODECLARO.ES, ausdr\u00fccklich verboten.<\/p>\n\n\n\n<p>Der Nutzer verpflichtet sich, die Rechte des geistigen und gewerblichen Eigentums von AUTODECLARO.ES zu respektieren.&nbsp;&nbsp;<\/p>\n\n\n\n<p>Der Nutzer erkennt an und akzeptiert, dass die gesamte Website, einschlie\u00dflich, aber nicht beschr\u00e4nkt auf Texte, Software, Inhalte (einschlie\u00dflich ihrer Struktur, Auswahl, Anordnung und Pr\u00e4sentation), Fotos, audiovisuelles Material und Grafiken, durch Marken, Urheberrechte und andere legitime Rechte in \u00dcbereinstimmung mit internationalen Vertr\u00e4gen, denen Spanien beigetreten ist, und anderen Eigentumsrechten und Gesetzen Spaniens gesch\u00fctzt ist.<\/p>\n\n\n\n<p><strong>Anwendbares Recht und Gerichtsbarkeit&nbsp;<\/strong><\/p>\n\n\n\n<p>Im Allgemeinen unterliegen die Beziehungen zwischen AUTODECLARO.ES und den Nutzern der auf dieser Website angebotenen Telematikdienste der spanischen Gesetzgebung und Gerichtsbarkeit und im Falle eines Rechtsstreits den Gerichten am Wohnsitz des Kunden.<\/p>\n\n\n\n<p><strong>Kontakt<\/strong> <\/p>\n\n\n\n<p>Sollten Sie oder ein anderer Benutzer Fragen zu diesen rechtlichen Bedingungen oder Kommentare zum Portal AUTODECLARO.ES haben, wenden Sie sich bitte an info @autodeclaro.es und ich werde versuchen, sie so gut wie m\u00f6glich zu l\u00f6sen.<\/p>\n\n\n\n<p>Dieser rechtliche Hinweis wurde am 14\/12\/2023 aktualisiert.<\/p>\n\n<\/div><\/div>\n<\/div><\/div>","protected":false},"excerpt":{"rendered":"<p>Rechtlicher Hinweis Sind Sie besorgt \u00fcber die Rechtm\u00e4\u00dfigkeit dieser Website? Wenn ja, dann ist das eine gute Nachricht f\u00fcr mich. Sie befinden sich in einem Raum, der sich f\u00fcr die Rechte seiner Nutzer einsetzt, und aus diesem Grund erhalten Sie ein H\u00f6chstma\u00df an Transparenz und Strenge bei allem, was Sie \u00fcber diese Website wissen m\u00fcssen. Au\u00dferdem setze ich mich f\u00fcr Transparenz und die Verteidigung ... <a title=\"Rechtlicher Hinweis\" class=\"read-more\" href=\"https:\/\/autodeclaro.es\/de\/rechtshinweis\/\" aria-label=\"Mehr Informationen \u00fcber das Impressum\">Weiterlesen<\/a><\/p>","protected":false},"author":1,"featured_media":0,"parent":0,"menu_order":0,"comment_status":"closed","ping_status":"closed","template":"","meta":{"footnotes":""},"class_list":["post-288","page","type-page","status-publish"],"_links":{"self":[{"href":"https:\/\/autodeclaro.es\/de\/wp-json\/wp\/v2\/pages\/288","targetHints":{"allow":["GET"]}}],"collection":[{"href":"https:\/\/autodeclaro.es\/de\/wp-json\/wp\/v2\/pages"}],"about":[{"href":"https:\/\/autodeclaro.es\/de\/wp-json\/wp\/v2\/types\/page"}],"author":[{"embeddable":true,"href":"https:\/\/autodeclaro.es\/de\/wp-json\/wp\/v2\/users\/1"}],"replies":[{"embeddable":true,"href":"https:\/\/autodeclaro.es\/de\/wp-json\/wp\/v2\/comments?post=288"}],"version-history":[{"count":2,"href":"https:\/\/autodeclaro.es\/de\/wp-json\/wp\/v2\/pages\/288\/revisions"}],"predecessor-version":[{"id":12396,"href":"https:\/\/autodeclaro.es\/de\/wp-json\/wp\/v2\/pages\/288\/revisions\/12396"}],"wp:attachment":[{"href":"https:\/\/autodeclaro.es\/de\/wp-json\/wp\/v2\/media?parent=288"}],"curies":[{"name":"wp","href":"https:\/\/api.w.org\/{rel}","templated":true}]}}