{"id":274,"date":"2021-10-05T10:36:41","date_gmt":"2021-10-05T10:36:41","guid":{"rendered":"https:\/\/autodeclaro.es\/?page_id=274"},"modified":"2025-01-03T09:33:54","modified_gmt":"2025-01-03T08:33:54","slug":"uber","status":"publish","type":"page","link":"https:\/\/autodeclaro.es\/de\/uber\/","title":{"rendered":"\u00dcber"},"content":{"rendered":"<div class=\"gb-container gb-container-7f130edc\"><div class=\"gb-inside-container\">\n<div class=\"gb-grid-wrapper gb-grid-wrapper-5d4b0693\">\n<div class=\"gb-grid-column gb-grid-column-de025579\"><div class=\"gb-container gb-container-de025579\"><div class=\"gb-inside-container\">\n<div class=\"wp-block-image photo-shadow img\">\n<figure class=\"aligncenter size-full is-resized\"><img decoding=\"async\" width=\"444\" height=\"444\" src=\"https:\/\/autodeclaro.es\/wp-content\/uploads\/2021\/09\/1516370285028.jpeg\" alt=\"Daniel Zapar\" class=\"wp-image-30\" style=\"width:222px;height:222px\" srcset=\"https:\/\/autodeclaro.es\/wp-content\/uploads\/2021\/09\/1516370285028.jpeg 444w, https:\/\/autodeclaro.es\/wp-content\/uploads\/2021\/09\/1516370285028-100x100.jpeg 100w, https:\/\/autodeclaro.es\/wp-content\/uploads\/2021\/09\/1516370285028-300x300.jpeg 300w, https:\/\/autodeclaro.es\/wp-content\/uploads\/2021\/09\/1516370285028-150x150.jpeg 150w\" sizes=\"(max-width: 444px) 100vw, 444px\" \/><\/figure>\n<\/div>\n\n<div class=\"gb-button-wrapper gb-button-wrapper-d893e101\">\n\n<a class=\"gb-button gb-button-6c868c8a\" href=\"https:\/\/es.linkedin.com\/in\/dzapardiel?trk=people-guest_people_search-card\" target=\"_blank\" rel=\"nofollow noopener noreferrer\"><span class=\"gb-icon\"><svg xmlns=\"http:\/\/www.w3.org\/2000\/svg\" viewbox=\"0 0 448 512\" width=\"1em\" height=\"1em\" aria-hidden=\"true\"><path d=\"M100.28 448H7.4V148.9h92.88zM53.79 108.1C24.09 108.1 0 83.5 0 53.8a53.79 53.79 0 0 1 107.58 0c0 29.7-24.1 54.3-53.79 54.3zM447.9 448h-92.68V302.4c0-34.7-.7-79.2-48.29-79.2-48.29 0-55.69 37.7-55.69 76.7V448h-92.78V148.9h89.08v40.8h1.3c12.4-23.5 42.69-48.3 87.88-48.3 94 0 111.28 61.9 111.28 142.3V448z\" fill=\"currentColor\"><\/path><\/svg><\/span><\/a>\n\n\n\n<a class=\"gb-button gb-button-184c5aa1\" href=\"https:\/\/twitter.com\/dzapardiel\" target=\"_blank\" rel=\"nofollow noopener noreferrer\"><span class=\"gb-icon\"><svg xmlns=\"http:\/\/www.w3.org\/2000\/svg\" viewbox=\"0 0 512 512\" width=\"1em\" height=\"1em\" aria-hidden=\"true\"><path d=\"M459.37 151.716c.325 4.548.325 9.097.325 13.645 0 138.72-105.583 298.558-298.558 298.558-59.452 0-114.68-17.219-161.137-47.106 8.447.974 16.568 1.299 25.34 1.299 49.055 0 94.213-16.568 130.274-44.832-46.132-.975-84.792-31.188-98.112-72.772 6.498.974 12.995 1.624 19.818 1.624 9.421 0 18.843-1.3 27.614-3.573-48.081-9.747-84.143-51.98-84.143-102.985v-1.299c13.969 7.797 30.214 12.67 47.431 13.319-28.264-18.843-46.781-51.005-46.781-87.391 0-19.492 5.197-37.36 14.294-52.954 51.655 63.675 129.3 105.258 216.365 109.807-1.624-7.797-2.599-15.918-2.599-24.04 0-57.828 46.782-104.934 104.934-104.934 30.213 0 57.502 12.67 76.67 33.137 23.715-4.548 46.456-13.32 66.599-25.34-7.798 24.366-24.366 44.833-46.132 57.827 21.117-2.273 41.584-8.122 60.426-16.243-14.292 20.791-32.161 39.308-52.628 54.253z\" fill=\"currentColor\"><\/path><\/svg><\/span><\/a>\n\n<\/div>\n<\/div><\/div><\/div>\n\n<div class=\"gb-grid-column gb-grid-column-63372328\"><div class=\"gb-container gb-container-63372328\"><div class=\"gb-inside-container\">\n\n<p>Hallo, mein Name ist Daniel, ich bin Vater, 40 Jahre alt und habe in jungen Jahren Informatik studiert. Und ja, ich bin die Person hinter <strong>AutoDeclaro.es<\/strong>.<\/p>\n\n\n\n<p>Ich l\u00f6se gerne Probleme, um Zeit f\u00fcr das zu haben, was wirklich wichtig ist. Meine Familie. <\/p>\n\n\n\n<p>Deshalb habe ich meine Bem\u00fchungen auf die Schaffung von <strong>AutoDeclaro.es<\/strong>und warum nicht, das <strong>k\u00f6nnen auch Sie von seinen Vorteilen profitieren<\/strong>.<\/p>\n\n\n\n<p>Test <strong>unentgeltlich<\/strong> unverbindlich unsere Dienstleistungen zu starten<strong> Zeit und Geld sparen<\/strong>.<\/p>\n\n\n<div class=\"gb-button-wrapper gb-button-wrapper-4a7daf2e\">\n\n<a class=\"gb-button gb-button-2ac27447 gb-button-text\" href=\"https:\/\/autodeclaro.es\/de\/#servicios\">Welche Dienstleistungen bieten wir an?<\/a>\n\n<\/div>\n<\/div><\/div><\/div>\n<\/div>\n<\/div><\/div>\n\n<div class=\"gb-container gb-container-043d8b14\"><div class=\"gb-inside-container\">\n\n<p class=\"has-text-align-center\">Wenn Sie noch mehr wissen wollen \u00fcber die <strong>Projekt Autodeclaro<\/strong>Wir m\u00f6chten Sie ermutigen, sich die Interviews anzusehen. <mark style=\"background-color:rgba(0, 0, 0, 0)\" class=\"has-inline-color has-contrast-color\">die uns gew\u00e4hrt wurden <strong>Jordi Garcia<\/strong>, <strong>Josean Paunero<\/strong>, <strong>Dividende Investition<\/strong>, <strong>Fintwit-Haie<\/strong>, <strong>Santiago Trigo<\/strong><\/mark> und <strong>Pablo Nogales<\/strong>.<\/p>\n\n\n\n\n<div class=\"gb-grid-wrapper gb-grid-wrapper-86a351e6\">\n<div class=\"gb-grid-column gb-grid-column-2c0d7b42\"><div class=\"gb-container gb-container-2c0d7b42\"><div class=\"gb-inside-container\">\n<div class=\"gb-container gb-container-eb8c13cf\"><div class=\"gb-inside-container\">\n<div class=\"wp-block-image\">\n<figure class=\"aligncenter size-large is-resized\"><a href=\"https:\/\/dinerobolsa.com\/experto-habla-fiscalidad-inversiones\/\" target=\"_blank\" rel=\" noreferrer noopener\"><img decoding=\"async\" width=\"1024\" height=\"576\" src=\"https:\/\/autodeclaro.es\/wp-content\/uploads\/2025\/01\/image-2-1024x576.png\" alt=\"\" class=\"wp-image-19972\" style=\"object-fit:cover;width:400px;height:235px\" srcset=\"https:\/\/autodeclaro.es\/wp-content\/uploads\/2025\/01\/image-2-1024x576.png 1024w, https:\/\/autodeclaro.es\/wp-content\/uploads\/2025\/01\/image-2-300x169.png 300w, https:\/\/autodeclaro.es\/wp-content\/uploads\/2025\/01\/image-2-768x432.png 768w, https:\/\/autodeclaro.es\/wp-content\/uploads\/2025\/01\/image-2-18x10.png 18w, https:\/\/autodeclaro.es\/wp-content\/uploads\/2025\/01\/image-2-100x56.png 100w, https:\/\/autodeclaro.es\/wp-content\/uploads\/2025\/01\/image-2-1000x563.png 1000w, https:\/\/autodeclaro.es\/wp-content\/uploads\/2025\/01\/image-2.png 1280w\" sizes=\"(max-width: 1024px) 100vw, 1024px\" \/><\/a><\/figure>\n<\/div>\n<\/div><\/div>\n<\/div><\/div><\/div>\n\n<div class=\"gb-grid-column gb-grid-column-f9f31817\"><div class=\"gb-container gb-container-f9f31817\"><div class=\"gb-inside-container\">\n<div class=\"gb-container gb-container-fb239367\"><div class=\"gb-inside-container\">\n\n<iframe width=\"400\" height=\"235\" src=\"https:\/\/www.youtube-nocookie.com\/embed\/CAnFePr24M0\" title=\"YouTube-Video-Player\" frameborder=\"0\" allow=\"accelerometer; autoplay; clipboard-write; encrypted-media; gyroscope; picture-in-picture\" allowfullscreen=\"\"><\/iframe>\n\n<\/div><\/div>\n<\/div><\/div><\/div>\n<\/div>\n\n<div class=\"gb-grid-wrapper gb-grid-wrapper-59ee63b9\">\n<div class=\"gb-grid-column gb-grid-column-55aeb87e\"><div class=\"gb-container gb-container-55aeb87e\"><div class=\"gb-inside-container\">\n<div class=\"gb-container gb-container-d978a8d6\"><div class=\"gb-inside-container\">\n\n<iframe width=\"400\" height=\"235\" src=\"https:\/\/www.youtube-nocookie.com\/embed\/PTQE7PgyTko\" title=\"YouTube-Video-Player\" frameborder=\"0\" allow=\"accelerometer; autoplay; clipboard-write; encrypted-media; gyroscope; picture-in-picture\" allowfullscreen=\"\"><\/iframe>\n\n<\/div><\/div>\n<\/div><\/div><\/div>\n\n<div class=\"gb-grid-column gb-grid-column-e61f9850\"><div class=\"gb-container gb-container-e61f9850\"><div class=\"gb-inside-container\">\n<div class=\"gb-container gb-container-7dc18b60\"><div class=\"gb-inside-container\">\n\n<iframe width=\"400\" height=\"235\" src=\"https:\/\/www.youtube-nocookie.com\/embed\/pkEd07oSnUg\" title=\"YouTube-Video-Player\" frameborder=\"0\" allow=\"accelerometer; autoplay; clipboard-write; encrypted-media; gyroscope; picture-in-picture\" allowfullscreen=\"\"><\/iframe>\n\n<\/div><\/div>\n<\/div><\/div><\/div>\n<\/div>\n\n<div class=\"gb-grid-wrapper gb-grid-wrapper-f61c3b8b\">\n<div class=\"gb-grid-column gb-grid-column-a1ff4025\"><div class=\"gb-container gb-container-a1ff4025\"><div class=\"gb-inside-container\">\n<div class=\"gb-container gb-container-1e162b3c\"><div class=\"gb-inside-container\">\n\n<iframe width=\"400\" height=\"235\" src=\"https:\/\/www.youtube-nocookie.com\/embed\/obfiOLNfmLo\" title=\"YouTube-Video-Player\" frameborder=\"0\" allow=\"accelerometer; autoplay; clipboard-write; encrypted-media; gyroscope; picture-in-picture\" allowfullscreen=\"\"><\/iframe>\n\n<\/div><\/div>\n<\/div><\/div><\/div>\n\n<div class=\"gb-grid-column gb-grid-column-7601da21\"><div class=\"gb-container gb-container-7601da21\"><div class=\"gb-inside-container\">\n<div class=\"gb-container gb-container-d01548d2\"><div class=\"gb-inside-container\">\n\n<iframe width=\"400\" height=\"235\" src=\"https:\/\/www.youtube-nocookie.com\/embed\/Z0DhY7Z6itg\" title=\"YouTube-Video-Player\" frameborder=\"0\" allow=\"accelerometer; autoplay; clipboard-write; encrypted-media; gyroscope; picture-in-picture\" allowfullscreen=\"\"><\/iframe>\n\n<\/div><\/div>\n<\/div><\/div><\/div>\n<\/div>\n<\/div><\/div>\n\n<div class=\"gb-container gb-container-c5c9641c\"><div class=\"gb-inside-container\">\n<div class=\"gb-grid-wrapper gb-grid-wrapper-14e2587a\">\n<div class=\"gb-grid-column gb-grid-column-5eb1af50\"><div class=\"gb-container gb-container-5eb1af50\"><div class=\"gb-inside-container\">\n\n<h2 class=\"gb-headline gb-headline-08ae848a gb-headline-text\">Aber es geht nicht um mich. <br>Auf dieser Seite geht es auch um Sie. <br>Sie werden sehen... <br><\/h2>\n\n\n\n<p>Die Realit\u00e4t sieht heute so aus, dass wir beim Ausf\u00fcllen von Steuerformularen die M\u00f6glichkeit haben, diese Aufgabe an unseren Steuerberater zu delegieren oder eine Beratungsfirma zu suchen.<\/p>\n\n\n\n<p>Ein gro\u00dfer Fehler.&nbsp;<\/p>\n\n\n\n<p>Solche Dienste sind immer verf\u00fcgbar, aber nicht jeder kann sich die hohen Geb\u00fchren leisten, oder Sie wollen einfach nicht, dass ein Dritter Kenntnis von Ihrem Portfolio hat.<\/p>\n\n\n\n<p>Und dann machen wir uns nat\u00fcrlich daran, diese Modelle selbst auszuf\u00fcllen, wobei wir uns mit einer&nbsp;<strong>m\u00fchsame manuelle Arbeit.<\/strong><\/p>\n\n\n\n<p>Das Ergebnis ist, dass es vor allem f\u00fcr diejenigen, die ein breit gef\u00e4chertes Portfolio von Maklern und eine gro\u00dfe Anzahl von Unternehmen haben, Stunden oder sogar Tage an Arbeit bedeutet.&nbsp;<\/p>\n\n\n\n<p>Ehrlich gesagt wollte ich jedes Mal, wenn ich mich diesem Verfahren unterziehen musste, so wenig Zeit wie m\u00f6glich aufwenden, denn Zeit ist schlie\u00dflich Geld.<\/p>\n\n\n\n<p>Sehen Sie.<\/p>\n\n\n\n<p>Ich will Ihnen nichts vormachen, ich bin weder ein Finanzexperte noch ein Makler. Ich bin nur jemand, der es geschafft hat, die Erstellung einiger Steuermodelle zu automatisieren.&nbsp;<\/p>\n\n\n\n<p>Ich bin leidenschaftlich \u00fcber Macht <strong>Zeit sparen<\/strong>Ich muss mich auf das konzentrieren, was wichtig ist, sei es meine Familie oder mein beruflicher Bereich, und meine begrenzte Zeit nicht f\u00fcr sich wiederholende Aufgaben verwenden, die mir nichts bringen.<\/p>\n\n\n\n<p>Und wissen Sie was?<\/p>\n\n\n\n<p>Hier finden Sie exklusive Online-Tools, mit denen Sie Ihre steuerlichen Pflichten automatisch und v\u00f6llig anonym erledigen k\u00f6nnen.<\/p>\n\n\n\n<p><strong><strong>AutoDeclaro.es<\/strong><\/strong>&nbsp;ist die Antwort auf das Interesse, das Tausende von Menschen wie ich haben, wenn sie ein Portfolio bei ausl\u00e4ndischen Brokern haben, um Zeit zu sparen, ihre gesetzlichen Verpflichtungen zu erf\u00fcllen und auch auf vertrauliche und sichere Weise.<\/p>\n\n\n<div class=\"gb-button-wrapper gb-button-wrapper-a18de71a\">\n\n<a class=\"gb-button gb-button-e3c6c443 gb-button-text\" href=\"https:\/\/autodeclaro.es\/de\/#servicios\">Lernen Sie unsere Dienstleistungen kennen<\/a>\n\n<\/div>\n<\/div><\/div><\/div>\n<\/div>\n<\/div><\/div>\n\n<div class=\"gb-container gb-container-dec1d26e\"><div class=\"gb-inside-container\">\n<div class=\"gb-container gb-container-392bdfa1\"><div class=\"gb-inside-container\">\n<div class=\"gb-grid-wrapper gb-grid-wrapper-3bd61556\">\n<div class=\"gb-grid-column gb-grid-column-4ed7e94d\"><div class=\"gb-container gb-container-4ed7e94d\"><div class=\"gb-inside-container\">\n\n<h2 class=\"gb-headline gb-headline-857db351 gb-headline-text\">Hilfe<\/h2>\n\n\n<div class=\"gb-button-wrapper gb-button-wrapper-5233a7a8\">\n\n<a class=\"gb-button gb-button-84968700 gb-button-text\" href=\"https:\/\/autodeclaro.es\/de\/kontakt\/\"><strong>KONTAKT<\/strong><\/a>\n\n\n\n<a class=\"gb-button gb-button-47af23a3 gb-button-text\" href=\"https:\/\/autodeclaro.es\/de\/sicherheit\/\" target=\"_blank\" rel=\"noopener noreferrer\"><strong>SICHERHEIT<\/strong><\/a>\n\n\n\n<a class=\"gb-button gb-button-908f69d2 gb-button-text\" href=\"https:\/\/autodeclaro.es\/de\/uber\/\" target=\"_blank\" rel=\"noopener noreferrer\"><strong>\u00dcber mich<\/strong><\/a>\n\n\n\n<a class=\"gb-button gb-button-26ce780f gb-button-text\" href=\"https:\/\/modelorenta.com\" target=\"_blank\" rel=\"noopener noreferrer\"><strong>EINKOMMENSMODELL<\/strong><\/a>\n\n<\/div>\n<\/div><\/div><\/div>\n\n<div class=\"gb-grid-column gb-grid-column-02729e6c\"><div class=\"gb-container gb-container-02729e6c\"><div class=\"gb-inside-container\">\n\n<h2 class=\"gb-headline gb-headline-cf7354d8 gb-headline-text\">Navigation<\/h2>\n\n\n<div class=\"gb-button-wrapper gb-button-wrapper-efa19db8\">\n\n<a class=\"gb-button gb-button-23858bbd gb-button-text\" href=\"https:\/\/autodeclaro.es\/de\/\"><strong>AUTODECLARO.ES<\/strong><\/a>\n\n\n\n<a class=\"gb-button gb-button-70a90825 gb-button-text\" href=\"https:\/\/autodeclaro.es\/de\/wie-man-die-extrakte-erhalt\/\"><strong>ANLEITUNGEN<\/strong><\/a>\n\n\n\n<a class=\"gb-button gb-button-79e93945 gb-button-text\" href=\"https:\/\/autodeclaro.es\/de\/autovermietung\/\"><strong>Modell 100<\/strong><\/a>\n\n\n\n<a class=\"gb-button gb-button-3935bfe8 gb-button-text\" href=\"https:\/\/autodeclaro.es\/de\/autovermietung-2\/\"><strong>CRIPTOMONEDAS<\/strong><\/a>\n\n\n\n<a class=\"gb-button gb-button-1530f8e0 gb-button-text\" href=\"https:\/\/autodeclaro.es\/de\/auto-720\/\"><strong>Modell 720<\/strong><\/a>\n\n\n\n<a class=\"gb-button gb-button-a7800d52 gb-button-text\" href=\"https:\/\/autodeclaro.es\/de\/auto-721-2\/\"><strong>Modell 721<\/strong><\/a>\n\n\n\n<a class=\"gb-button gb-button-86e6e154 gb-button-text\" href=\"https:\/\/autodeclaro.es\/de\/auto-210\/\" target=\"_blank\" rel=\"noopener noreferrer\"><strong>MODELL 210<\/strong><\/a>\n\n\n\n<a class=\"gb-button gb-button-99c10d57 gb-button-text\" href=\"https:\/\/autodeclaro.es\/de\/eigenschaften-3\/\"><strong>Eigenschaften<\/strong><\/a>\n\n\n\n<a class=\"gb-button gb-button-702d9b27 gb-button-text\" href=\"https:\/\/autodeclaro.es\/de\/uber-uns-reden\/\"><strong>Sie reden \u00fcber uns<\/strong><\/a>\n\n\n\n<a class=\"gb-button gb-button-133699ef gb-button-text\" href=\"https:\/\/autodeclaro.es\/de\/preisgestaltung\/\"><strong>RATEN<\/strong><\/a>\n\n<\/div>\n<\/div><\/div><\/div>\n\n<div class=\"gb-grid-column gb-grid-column-e97c2f8a\"><div class=\"gb-container gb-container-e97c2f8a\"><div class=\"gb-inside-container\">\n\n<h2 class=\"gb-headline gb-headline-9d7b1b26 gb-headline-text\">Rechtliches<\/h2>\n\n\n<div class=\"gb-button-wrapper gb-button-wrapper-da2420ec\">\n\n<a class=\"gb-button gb-button-364f54fc gb-button-text\" href=\"https:\/\/autodeclaro.es\/de\/rechtshinweis\/\">HINWEIS <strong>legal<\/strong><\/a>\n\n\n\n<a class=\"gb-button gb-button-b2a6a2fc gb-button-text\" href=\"https:\/\/autodeclaro.es\/de\/datenschutzpolitik\/\"><strong>DATENSCHUTZPOLITIK<\/strong><\/a>\n\n\n\n<a class=\"gb-button gb-button-eb678b04 gb-button-text\" href=\"https:\/\/autodeclaro.es\/de\/cookie-richtlinie\/\"><strong>COOKIES<\/strong><\/a>\n\n\n\n<a class=\"gb-button gb-button-8850486f gb-button-text\" href=\"https:\/\/autodeclaro.es\/de\/beschaftigungsbedingungen\/\"><strong>BESCH\u00c4FTIGUNGSBEDINGUNGEN<\/strong><\/a>\n\n\n\n<a class=\"gb-button gb-button-88b4c17c gb-button-text\" href=\"https:\/\/autodeclaro.es\/de\/partnerprogramm\/\" target=\"_blank\" rel=\"noopener noreferrer\">PARTNER WERDEN<\/a>\n\n\n\n<a class=\"gb-button gb-button-12381714 gb-button-text\" href=\"\/de\/#gdpr_cookie_modal\"><strong>Cookie-Pr\u00e4ferenz<\/strong><\/a>\n\n<\/div>\n<\/div><\/div><\/div>\n\n<div class=\"gb-grid-column gb-grid-column-ca367b27\"><div class=\"gb-container gb-container-ca367b27\"><div class=\"gb-inside-container\">\n\n<h2 class=\"gb-headline gb-headline-65e0fe6e gb-headline-text\">Folgen Sie uns unter<\/h2>\n\n\n<div class=\"gb-button-wrapper gb-button-wrapper-7a42ce51\">\n\n<a class=\"gb-button gb-button-da71ac4d\" href=\"https:\/\/twitter.com\/autodeclaro\" target=\"_blank\" rel=\"nofollow noopener noreferrer\"><span class=\"gb-icon\"><svg width=\"1200\" height=\"1227\" viewbox=\"0 0 1200 1227\" fill=\"none\" xmlns=\"http:\/\/www.w3.org\/2000\/svg\"> <path d=\"M714.163 519.284L1160.89 0H1055.03L667.137 450.887L357.328 0H0L468.492 681.821L0 1226.37H105.866L515.491 750.218L842.672 1226.37H1200L714.137 519.284H714.163ZM569.165 687.828L521.697 619.934L144.011 79.6944H306.615L611.412 515.685L658.88 583.579L1055.08 1150.3H892.476L569.165 687.854V687.828Z\" fill=\"white\"><\/path><\/svg><\/span><\/a>\n\n\n\n<a class=\"gb-button gb-button-f531bb1b\" href=\"https:\/\/www.youtube.com\/channel\/UC47sIi2BOg2v8-IKUX5PVtg\" target=\"_blank\" rel=\"nofollow noopener noreferrer\"><span class=\"gb-icon\"><svg aria-hidden=\"true\" role=\"img\" height=\"1em\" width=\"1em\" viewbox=\"0 0 576 512\" xmlns=\"http:\/\/www.w3.org\/2000\/svg\"><path fill=\"currentColor\" d=\"M549.655 124.083c-6.281-23.65-24.787-42.276-48.284-48.597C458.781 64 288 64 288 64S117.22 64 74.629 75.486c-23.497 6.322-42.003 24.947-48.284 48.597-11.412 42.867-11.412 132.305-11.412 132.305s0 89.438 11.412 132.305c6.281 23.65 24.787 41.5 48.284 47.821C117.22 448 288 448 288 448s170.78 0 213.371-11.486c23.497-6.321 42.003-24.171 48.284-47.821 11.412-42.867 11.412-132.305 11.412-132.305s0-89.438-11.412-132.305zm-317.51 213.508V175.185l142.739 81.205-142.739 81.201z\"><\/path><\/svg><\/span><\/a>\n\n\n\n<a class=\"gb-button gb-button-b9a9c37c\" href=\"https:\/\/www.facebook.com\/autodeclaro\" target=\"_blank\" rel=\"nofollow noopener noreferrer\"><span class=\"gb-icon\"><svg xmlns=\"http:\/\/www.w3.org\/2000\/svg\" viewbox=\"0 0 320 512\" width=\"1em\" height=\"1em\" aria-hidden=\"true\"><path d=\"M279.14 288l14.22-92.66h-88.91v-60.13c0-25.35 12.42-50.06 52.24-50.06h40.42V6.26S260.43 0 225.36 0c-73.22 0-121.08 44.38-121.08 124.72v70.62H22.89V288h81.39v224h100.17V288z\" fill=\"currentColor\"><\/path><\/svg><\/span><\/a>\n\n\n\n<a class=\"gb-button gb-button-76c47084\" href=\"https:\/\/www.linkedin.com\/company\/autodeclaro\" target=\"_blank\" rel=\"nofollow noopener noreferrer\"><span class=\"gb-icon\"><svg xmlns=\"http:\/\/www.w3.org\/2000\/svg\" viewbox=\"0 0 448 512\" width=\"1em\" height=\"1em\" aria-hidden=\"true\"><path d=\"M100.28 448H7.4V148.9h92.88zM53.79 108.1C24.09 108.1 0 83.5 0 53.8a53.79 53.79 0 0 1 107.58 0c0 29.7-24.1 54.3-53.79 54.3zM447.9 448h-92.68V302.4c0-34.7-.7-79.2-48.29-79.2-48.29 0-55.69 37.7-55.69 76.7V448h-92.78V148.9h89.08v40.8h1.3c12.4-23.5 42.69-48.3 87.88-48.3 94 0 111.28 61.9 111.28 142.3V448z\" fill=\"currentColor\"><\/path><\/svg><\/span><\/a>\n\n\n\n<a class=\"gb-button gb-button-682f573a\" href=\"https:\/\/www.instagram.com\/autodeclaro\" target=\"_blank\" rel=\"nofollow noopener noreferrer\"><span class=\"gb-icon\"><svg xmlns=\"http:\/\/www.w3.org\/2000\/svg\" viewbox=\"0 0 448 512\" width=\"1em\" height=\"1em\" aria-hidden=\"true\"><path d=\"M224.1 141c-63.6 0-114.9 51.3-114.9 114.9s51.3 114.9 114.9 114.9S339 319.5 339 255.9 287.7 141 224.1 141zm0 189.6c-41.1 0-74.7-33.5-74.7-74.7s33.5-74.7 74.7-74.7 74.7 33.5 74.7 74.7-33.6 74.7-74.7 74.7zm146.4-194.3c0 14.9-12 26.8-26.8 26.8-14.9 0-26.8-12-26.8-26.8s12-26.8 26.8-26.8 26.8 12 26.8 26.8zm76.1 27.2c-1.7-35.9-9.9-67.7-36.2-93.9-26.2-26.2-58-34.4-93.9-36.2-37-2.1-147.9-2.1-184.9 0-35.8 1.7-67.6 9.9-93.9 36.1s-34.4 58-36.2 93.9c-2.1 37-2.1 147.9 0 184.9 1.7 35.9 9.9 67.7 36.2 93.9s58 34.4 93.9 36.2c37 2.1 147.9 2.1 184.9 0 35.9-1.7 67.7-9.9 93.9-36.2 26.2-26.2 34.4-58 36.2-93.9 2.1-37 2.1-147.8 0-184.8zM398.8 388c-7.8 19.6-22.9 34.7-42.6 42.6-29.5 11.7-99.5 9-132.1 9s-102.7 2.6-132.1-9c-19.6-7.8-34.7-22.9-42.6-42.6-11.7-29.5-9-99.5-9-132.1s-2.6-102.7 9-132.1c7.8-19.6 22.9-34.7 42.6-42.6 29.5-11.7 99.5-9 132.1-9s102.7-2.6 132.1 9c19.6 7.8 34.7 22.9 42.6 42.6 11.7 29.5 9 99.5 9 132.1s2.7 102.7-9 132.1z\" fill=\"currentColor\"><\/path><\/svg><\/span><\/a>\n\n<\/div>\n\n<div class=\"gb-container gb-container-2f03eff6\"><div class=\"gb-inside-container\">\n\n<p class=\"has-text-align-center\">Siehe unsere Bewertungen auf: <\/p>\n\n\n\n<figure class=\"gb-block-image gb-block-image-0990da93\"><a href=\"https:\/\/www.google.com\/maps\/place\/AutoDeclaro.es+-+Modelo+720,+Renta,+FIFO,+Dividendos,+Modelo+210\/@35.3392253,-15.8095226,5z\/data=!3m1!4b1!4m5!3m4!1s0x8f7b7a9c88ed2599:0x421c5f5b95409684!8m2!3d35.67445!4d-6.8143?shorturl=1\" target=\"_blank\" rel=\"noopener noreferrer\"><img decoding=\"async\" width=\"158\" height=\"64\" class=\"gb-image gb-image-0990da93\" src=\"https:\/\/autodeclaro.es\/wp-content\/uploads\/2021\/11\/google_review.png\" alt=\"\" title=\"google_rezension\" srcset=\"https:\/\/autodeclaro.es\/wp-content\/uploads\/2021\/11\/google_review.png 158w, https:\/\/autodeclaro.es\/wp-content\/uploads\/2021\/11\/google_review-18x7.png 18w, https:\/\/autodeclaro.es\/wp-content\/uploads\/2021\/11\/google_review-100x41.png 100w\" sizes=\"(max-width: 158px) 100vw, 158px\" \/><\/a><\/figure>\n\n\n\n<!-- TrustBox widget - Review Collector -->\n<div class=\"trustpilot-widget\" data-locale=\"en-US\" data-template-id=\"56278e9abfbbba0bdcd568bc\" data-businessunit-id=\"617722afa2f7e91d566495f3\" data-style-height=\"52px\" data-style-width=\"100%\" data-token=\"0cd00547-f94d-4057-ae20-b0d4838bdedb\">\n  <a href=\"https:\/\/www.trustpilot.com\/review\/autodeclaro.es\" target=\"_blank\" rel=\"noopener\">Trustpilot<\/a>\n<\/div>\n<!-- End TrustBox widget -->\n\n<\/div><\/div>\n<\/div><\/div><\/div>\n<\/div>\n<\/div><\/div>\n\n<div class=\"gb-grid-wrapper gb-grid-wrapper-8d2f1c2d\">\n<div class=\"gb-grid-column gb-grid-column-143d0181\"><div class=\"gb-container gb-container-143d0181\"><div class=\"gb-inside-container\">\n\n<p class=\"gb-headline gb-headline-1d654ec7 gb-headline-text\">\u00a9 2021 AUTODECLARO.ES - Alle Rechte vorbehalten<\/p>\n\n<\/div><\/div><\/div>\n\n<div class=\"gb-grid-column gb-grid-column-9df10302\"><div class=\"gb-container gb-container-9df10302\"><div class=\"gb-inside-container\">\n\n<p class=\"gb-headline gb-headline-e92cec68 gb-headline-text\"> IN SPANIEN ENTWICKELTE SOFTWARE<\/p>\n\n<\/div><\/div><\/div>\n<\/div>\n<\/div><\/div>","protected":false},"excerpt":{"rendered":"<p>Wenn Sie noch mehr \u00fcber das Projekt Autodeclaro erfahren m\u00f6chten, empfehlen wir Ihnen, sich die Interviews mit Jordi Garc\u00eda, Josean Paunero, Inversi\u00f3n en Dividendos, Tiburones del Fintwit, Santiago Trigo und Pablo Nogales anzusehen.<\/p>","protected":false},"author":1,"featured_media":0,"parent":0,"menu_order":0,"comment_status":"closed","ping_status":"closed","template":"","meta":{"footnotes":""},"class_list":["post-274","page","type-page","status-publish"],"_links":{"self":[{"href":"https:\/\/autodeclaro.es\/de\/wp-json\/wp\/v2\/pages\/274","targetHints":{"allow":["GET"]}}],"collection":[{"href":"https:\/\/autodeclaro.es\/de\/wp-json\/wp\/v2\/pages"}],"about":[{"href":"https:\/\/autodeclaro.es\/de\/wp-json\/wp\/v2\/types\/page"}],"author":[{"embeddable":true,"href":"https:\/\/autodeclaro.es\/de\/wp-json\/wp\/v2\/users\/1"}],"replies":[{"embeddable":true,"href":"https:\/\/autodeclaro.es\/de\/wp-json\/wp\/v2\/comments?post=274"}],"version-history":[{"count":12,"href":"https:\/\/autodeclaro.es\/de\/wp-json\/wp\/v2\/pages\/274\/revisions"}],"predecessor-version":[{"id":19977,"href":"https:\/\/autodeclaro.es\/de\/wp-json\/wp\/v2\/pages\/274\/revisions\/19977"}],"wp:attachment":[{"href":"https:\/\/autodeclaro.es\/de\/wp-json\/wp\/v2\/media?parent=274"}],"curies":[{"name":"wp","href":"https:\/\/api.w.org\/{rel}","templated":true}]}}