{"id":2209,"date":"2021-11-27T18:10:43","date_gmt":"2021-11-27T17:10:43","guid":{"rendered":"https:\/\/autodeclaro.es\/?page_id=2209"},"modified":"2026-01-23T07:17:01","modified_gmt":"2026-01-23T06:17:01","slug":"auto-720-excel-vorlage","status":"publish","type":"page","link":"https:\/\/autodeclaro.es\/de\/auto-720-excel-vorlage\/","title":{"rendered":"Auto 720 - Excel-Vorlage"},"content":{"rendered":"<div class=\"gb-container gb-container-7856c198\"><div class=\"gb-inside-container\">\n<div class=\"gb-container gb-container-5586d971\"><div class=\"gb-inside-container\">\n\n<h1 class=\"gb-headline gb-headline-5dabdb8f gb-headline-text\"><strong>Auto 720 - Excel-Vorlage<\/strong><\/h1>\n\n\n\n<p>Das Formular 720 gilt nicht nur f\u00fcr Wertpapiere, die \u00fcber Makler im Ausland verwahrt werden, sondern auch f\u00fcr alle im Ausland verwahrten Verm\u00f6genswerte, z. B. im Ausland gehaltene Wertpapiere: <\/p>\n\n\n\n<ul class=\"wp-block-list\">\n<li>Bank- oder Kreditkonten.<\/li>\n\n\n\n<li>Werte oder Rechte.<\/li>\n\n\n\n<li>Aktien und Anteile am Aktienkapital oder Aktienfonds von Organismen f\u00fcr gemeinsame Anlagen.<\/li>\n\n\n\n<li>Lebens- oder Berufsunf\u00e4higkeitsversicherungen und zeitlich befristete oder lebenslange Rentenversicherungen.<\/li>\n\n\n\n<li>Eigentum und dingliche Rechte an unbeweglichen Sachen.<\/li>\n<\/ul>\n\n\n\n<p>Zu diesem Zweck stellen wir eine&nbsp;<strong>Excel-Vorlage<\/strong>&nbsp;wo Sie alle Ihre im Ausland hinterlegten Verm\u00f6genswerte eintragen k\u00f6nnen.<\/p>\n\n\n\n<p>Hier zeigen wir Ihnen, wie es funktioniert und welche Schritte Sie unternehmen m\u00fcssen, um Ihr Formular 720 zu erhalten. Es gibt zwei M\u00f6glichkeiten:<\/p>\n\n\n\n<p><strong>1-<\/strong> Abgeschlossen durch die <a href=\"#preparacion\">excel-Vorlage.<\/a> (Erl\u00e4uterung in diesem Abschnitt) <\/p>\n\n\n\n<p><strong>2-<\/strong> <a href=\"https:\/\/autodeclaro.es\/de\/wie-man-autoauszuge-720-erhalt\/\" data-type=\"URL\" data-id=\"https:\/\/autodeclaro.es\/como-obtener-los-extractos-auto-720\/\">\u00dcber den Auszug Ihres Maklers<\/a> (Erl\u00e4uterung in einem anderen Artikel)<\/p>\n\n\n\n<p>Das Inhaltsverzeichnis dieses Artikels lautet:<\/p>\n\n\n\n<ul class=\"wp-block-list\">\n<li><a href=\"#preparacion\">Excel-Vorlage vorbereiten Modell 720<\/a><\/li>\n\n\n\n<li><a href=\"#generacion\">BOE 720-Datei generieren<\/a> (Beschaffungsprozess)<\/li>\n\n\n\n<li><a href=\"#importar\" data-type=\"internal\" data-id=\"#importar\">Import und Einreichung bei der Steuerbeh\u00f6rde, den Provinziallandtagen von Guip\u00fazcoa, Vizcaya und \u00c1lava sowie dem Finanzministerium von Navarra.<\/a><\/li>\n<\/ul>\n\n\n\n<p><\/p>\n\n\n\n<h2 class=\"wp-block-heading\" id=\"preparacion\"><strong>Excel-Vorlage vorbereiten Modell 720<\/strong><\/h2>\n\n\n\n<p>Wenn Sie einen Broker oder Verm\u00f6genswerte haben, die nicht denjenigen entsprechen, mit denen Autodeclaro arbeitet <a href=\"https:\/\/autodeclaro.es\/de\/wie-man-autoauszuge-720-erhalt\/\">mit dem Auszug Ihres Maklers<\/a>Sie k\u00f6nnen eine ma\u00dfgeschneiderte Excel-Datei erstellen, indem Sie sie selbst ausf\u00fcllen. Die Schritte w\u00e4ren folgende:<\/p>\n\n\n\n<ol style=\"list-style-type:1\" class=\"wp-block-list\">\n<li>Holen Sie sich Excel-Vorlage in: <a href=\"https:\/\/docs.google.com\/spreadsheets\/d\/1Q1EMzeBjZ-iHJVh0okXuuTWKKgdHKG51\/edit?usp=sharing&amp;ouid=113878359636761001553&amp;rtpof=true&amp;sd=true\" target=\"_blank\" rel=\"noreferrer noopener\">model720-2025 - Google Tabellenkalkulation<\/a><\/li>\n\n\n\n<li>Sobald Sie die Vorlage ge\u00f6ffnet haben, erstellen Sie eine Kopie in Ihrem Google Drive.<\/li>\n<\/ol>\n\n\n<div class=\"wp-block-image\">\n<figure class=\"aligncenter size-full\"><img decoding=\"async\" width=\"624\" height=\"461\" src=\"https:\/\/autodeclaro.es\/wp-content\/uploads\/2021\/11\/image-3.jpg\" alt=\"Auto Modell 720 - Excel Vorlage\" class=\"wp-image-2211\" srcset=\"https:\/\/autodeclaro.es\/wp-content\/uploads\/2021\/11\/image-3.jpg 624w, https:\/\/autodeclaro.es\/wp-content\/uploads\/2021\/11\/image-3-300x222.jpg 300w, https:\/\/autodeclaro.es\/wp-content\/uploads\/2021\/11\/image-3-16x12.jpg 16w, https:\/\/autodeclaro.es\/wp-content\/uploads\/2021\/11\/image-3-100x74.jpg 100w\" sizes=\"(max-width: 624px) 100vw, 624px\" \/><\/figure>\n<\/div>\n\n\n<ol start=\"3\" class=\"wp-block-list\">\n<li>F\u00fcllen Sie die Vorlage aus, und laden Sie sie anschlie\u00dfend im folgenden Format herunter <strong>.xlsx<\/strong><\/li>\n<\/ol>\n\n\n<div class=\"wp-block-image\">\n<figure class=\"aligncenter size-full\"><img decoding=\"async\" width=\"624\" height=\"479\" src=\"https:\/\/autodeclaro.es\/wp-content\/uploads\/2021\/11\/image-4.jpg\" alt=\"F\u00fcllen Sie die Vorlage aus, und laden Sie sie anschlie\u00dfend im .xlsx-Format herunter.\" class=\"wp-image-2212\" srcset=\"https:\/\/autodeclaro.es\/wp-content\/uploads\/2021\/11\/image-4.jpg 624w, https:\/\/autodeclaro.es\/wp-content\/uploads\/2021\/11\/image-4-300x230.jpg 300w, https:\/\/autodeclaro.es\/wp-content\/uploads\/2021\/11\/image-4-16x12.jpg 16w, https:\/\/autodeclaro.es\/wp-content\/uploads\/2021\/11\/image-4-100x77.jpg 100w\" sizes=\"(max-width: 624px) 100vw, 624px\" \/><\/figure>\n<\/div>\n\n\n<h2 class=\"wp-block-heading\" id=\"generacion\"><strong>BOE 720-Datei generieren<\/strong> (Beschaffungsprozess)<\/h2>\n\n\n\n<ol start=\"4\" class=\"wp-block-list\">\n<li>Gehen Sie zu: <a href=\"https:\/\/autodeclaro.es\/de\/produkt\/auto-720\/\" data-type=\"URL\" data-id=\"https:\/\/autodeclaro.es\/producto\/auto-720\/\">https:\/\/autodeclaro.es\/producto\/auto-720<\/a><\/li>\n<\/ol>\n\n\n<div class=\"wp-block-image\">\n<figure class=\"aligncenter size-full\"><img decoding=\"async\" width=\"624\" height=\"195\" src=\"https:\/\/autodeclaro.es\/wp-content\/uploads\/2021\/11\/image-5.png\" alt=\"Weiter zu: https:\/\/autodeclaro.es\/producto\/auto-720\" class=\"wp-image-2213\" srcset=\"https:\/\/autodeclaro.es\/wp-content\/uploads\/2021\/11\/image-5.png 624w, https:\/\/autodeclaro.es\/wp-content\/uploads\/2021\/11\/image-5-300x94.png 300w, https:\/\/autodeclaro.es\/wp-content\/uploads\/2021\/11\/image-5-100x31.png 100w\" sizes=\"(max-width: 624px) 100vw, 624px\" \/><\/figure>\n<\/div>\n\n\n<ol start=\"5\" class=\"wp-block-list\">\n<li>W\u00e4hlen Sie die gew\u00fcnschte \"Version\" und \"in den Warenkorb\".<\/li>\n<\/ol>\n\n\n<div class=\"wp-block-image\">\n<figure class=\"aligncenter size-full\"><img decoding=\"async\" width=\"624\" height=\"468\" src=\"https:\/\/autodeclaro.es\/wp-content\/uploads\/2021\/11\/image-6.png\" alt=\"W\u00e4hlen Sie die gew\u00fcnschte &quot;Version&quot; und &quot;in den Warenkorb&quot;.\" class=\"wp-image-2214\" srcset=\"https:\/\/autodeclaro.es\/wp-content\/uploads\/2021\/11\/image-6.png 624w, https:\/\/autodeclaro.es\/wp-content\/uploads\/2021\/11\/image-6-300x225.png 300w, https:\/\/autodeclaro.es\/wp-content\/uploads\/2021\/11\/image-6-100x75.png 100w\" sizes=\"(max-width: 624px) 100vw, 624px\" \/><\/figure>\n<\/div>\n\n<div class=\"wp-block-image\">\n<figure class=\"aligncenter size-full\"><img decoding=\"async\" width=\"624\" height=\"243\" src=\"https:\/\/autodeclaro.es\/wp-content\/uploads\/2021\/11\/image-7.png\" alt=\"Wie man bestellt\" class=\"wp-image-2215\" srcset=\"https:\/\/autodeclaro.es\/wp-content\/uploads\/2021\/11\/image-7.png 624w, https:\/\/autodeclaro.es\/wp-content\/uploads\/2021\/11\/image-7-300x117.png 300w, https:\/\/autodeclaro.es\/wp-content\/uploads\/2021\/11\/image-7-100x39.png 100w\" sizes=\"(max-width: 624px) 100vw, 624px\" \/><\/figure>\n<\/div>\n\n\n<p>&nbsp;<\/p>\n\n\n\n<ol start=\"6\" class=\"wp-block-list\">\n<li>W\u00e4hlen Sie die zuvor von Google Sheets heruntergeladene \".xlsx\"-Datei aus, geben Sie das \"Land \/ die Region\" an, in dem\/der Sie wohnen, sowie die E-Mail-Adresse, an die Sie auch das resultierende Formular 720 erhalten m\u00f6chten.<\/li>\n<\/ol>\n\n\n\n<ol start=\"7\" class=\"wp-block-list\">\n<li>Akzeptieren Sie die Allgemeinen Gesch\u00e4ftsbedingungen, und schlie\u00dflich <strong>\"Bestellung aufgeben\".<\/strong>.<\/li>\n<\/ol>\n\n\n\n<ol start=\"8\" style=\"list-style-type:1\" class=\"wp-block-list\">\n<li>Sobald das Formular 720 automatisch ausgef\u00fcllt wurde, finden Sie in der Auftragsbest\u00e4tigung einen Link zum \"Herunterladen Ihres Formulars\".<\/li>\n<\/ol>\n\n\n\n<p><strong>Anmerkung:<\/strong> Sie wird auch an die von Ihnen angegebene E-Mail-Adresse gesendet.<\/p>\n\n\n<div class=\"wp-block-image\">\n<figure class=\"aligncenter size-full\"><img decoding=\"async\" width=\"624\" height=\"345\" src=\"https:\/\/autodeclaro.es\/wp-content\/uploads\/2021\/11\/image-8.png\" alt=\"Hinweis: Sie wird auch an die von Ihnen angegebene E-Mail-Adresse gesendet.\" class=\"wp-image-2216\" srcset=\"https:\/\/autodeclaro.es\/wp-content\/uploads\/2021\/11\/image-8.png 624w, https:\/\/autodeclaro.es\/wp-content\/uploads\/2021\/11\/image-8-300x166.png 300w, https:\/\/autodeclaro.es\/wp-content\/uploads\/2021\/11\/image-8-100x55.png 100w\" sizes=\"(max-width: 624px) 100vw, 624px\" \/><\/figure>\n<\/div>\n\n\n<h2 class=\"wp-block-heading\" id=\"importar\"><strong>Import und Einreichung bei der Steuerbeh\u00f6rde, den Provinzialverwaltungen von Gipuzkoa, Bizkaia, Alava und dem Finanzamt von Navarra<\/strong><\/h2>\n\n\n\n<p>Unter <a href=\"https:\/\/autodeclaro.es\/de\/anweisungen-auto-720\/\" target=\"_blank\" rel=\"noreferrer noopener\"><strong>dieser Artikel<\/strong><\/a> erkl\u00e4ren wir Ihnen, wie Sie die von Autodeclaro erstellte Datei Modelo 720 in das f\u00fcr Sie zust\u00e4ndige Finanzamt importieren.<\/p>\n\n<\/div><\/div>\n<\/div><\/div>\n\n<div class=\"gb-container gb-container-dec1d26e\"><div class=\"gb-inside-container\">\n<div class=\"gb-container gb-container-392bdfa1\"><div class=\"gb-inside-container\">\n<div class=\"gb-grid-wrapper gb-grid-wrapper-3bd61556\">\n<div class=\"gb-grid-column gb-grid-column-4ed7e94d\"><div class=\"gb-container gb-container-4ed7e94d\"><div class=\"gb-inside-container\">\n\n<h2 class=\"gb-headline gb-headline-857db351 gb-headline-text\">Hilfe<\/h2>\n\n\n<div class=\"gb-button-wrapper gb-button-wrapper-5233a7a8\">\n\n<a class=\"gb-button gb-button-84968700 gb-button-text\" href=\"https:\/\/autodeclaro.es\/de\/kontakt\/\"><strong>KONTAKT<\/strong><\/a>\n\n\n\n<a class=\"gb-button gb-button-47af23a3 gb-button-text\" href=\"https:\/\/autodeclaro.es\/de\/sicherheit\/\" target=\"_blank\" rel=\"noopener noreferrer\"><strong>SICHERHEIT<\/strong><\/a>\n\n\n\n<a class=\"gb-button gb-button-908f69d2 gb-button-text\" href=\"https:\/\/autodeclaro.es\/de\/uber\/\" target=\"_blank\" rel=\"noopener noreferrer\"><strong>\u00dcber mich<\/strong><\/a>\n\n\n\n<a class=\"gb-button gb-button-26ce780f gb-button-text\" href=\"https:\/\/modelorenta.com\" target=\"_blank\" rel=\"noopener noreferrer\"><strong>EINKOMMENSMODELL<\/strong><\/a>\n\n<\/div>\n<\/div><\/div><\/div>\n\n<div class=\"gb-grid-column gb-grid-column-02729e6c\"><div class=\"gb-container gb-container-02729e6c\"><div class=\"gb-inside-container\">\n\n<h2 class=\"gb-headline gb-headline-cf7354d8 gb-headline-text\">Navigation<\/h2>\n\n\n<div class=\"gb-button-wrapper gb-button-wrapper-efa19db8\">\n\n<a class=\"gb-button gb-button-23858bbd gb-button-text\" href=\"https:\/\/autodeclaro.es\/de\/\"><strong>AUTODECLARO.ES<\/strong><\/a>\n\n\n\n<a class=\"gb-button gb-button-70a90825 gb-button-text\" href=\"https:\/\/autodeclaro.es\/de\/wie-man-die-extrakte-erhalt\/\"><strong>ANLEITUNGEN<\/strong><\/a>\n\n\n\n<a class=\"gb-button gb-button-79e93945 gb-button-text\" href=\"https:\/\/autodeclaro.es\/de\/autovermietung\/\"><strong>Modell 100<\/strong><\/a>\n\n\n\n<a class=\"gb-button gb-button-3935bfe8 gb-button-text\" href=\"https:\/\/autodeclaro.es\/de\/autovermietung-2\/\"><strong>CRIPTOMONEDAS<\/strong><\/a>\n\n\n\n<a class=\"gb-button gb-button-1530f8e0 gb-button-text\" href=\"https:\/\/autodeclaro.es\/de\/auto-720\/\"><strong>Modell 720<\/strong><\/a>\n\n\n\n<a class=\"gb-button gb-button-a7800d52 gb-button-text\" href=\"https:\/\/autodeclaro.es\/de\/auto-721-2\/\"><strong>Modell 721<\/strong><\/a>\n\n\n\n<a class=\"gb-button gb-button-86e6e154 gb-button-text\" href=\"https:\/\/autodeclaro.es\/de\/auto-210\/\" target=\"_blank\" rel=\"noopener noreferrer\"><strong>MODELL 210<\/strong><\/a>\n\n\n\n<a class=\"gb-button gb-button-99c10d57 gb-button-text\" href=\"https:\/\/autodeclaro.es\/de\/eigenschaften-3\/\"><strong>Eigenschaften<\/strong><\/a>\n\n\n\n<a class=\"gb-button gb-button-702d9b27 gb-button-text\" href=\"https:\/\/autodeclaro.es\/de\/uber-uns-reden\/\"><strong>Sie reden \u00fcber uns<\/strong><\/a>\n\n\n\n<a class=\"gb-button gb-button-133699ef gb-button-text\" href=\"https:\/\/autodeclaro.es\/de\/preisgestaltung\/\"><strong>RATEN<\/strong><\/a>\n\n<\/div>\n<\/div><\/div><\/div>\n\n<div class=\"gb-grid-column gb-grid-column-e97c2f8a\"><div class=\"gb-container gb-container-e97c2f8a\"><div class=\"gb-inside-container\">\n\n<h2 class=\"gb-headline gb-headline-9d7b1b26 gb-headline-text\">Rechtliches<\/h2>\n\n\n<div class=\"gb-button-wrapper gb-button-wrapper-da2420ec\">\n\n<a class=\"gb-button gb-button-364f54fc gb-button-text\" href=\"https:\/\/autodeclaro.es\/de\/rechtshinweis\/\">HINWEIS <strong>legal<\/strong><\/a>\n\n\n\n<a class=\"gb-button gb-button-b2a6a2fc gb-button-text\" href=\"https:\/\/autodeclaro.es\/de\/datenschutzpolitik\/\"><strong>DATENSCHUTZPOLITIK<\/strong><\/a>\n\n\n\n<a class=\"gb-button gb-button-eb678b04 gb-button-text\" href=\"https:\/\/autodeclaro.es\/de\/cookie-richtlinie\/\"><strong>COOKIES<\/strong><\/a>\n\n\n\n<a class=\"gb-button gb-button-8850486f gb-button-text\" href=\"https:\/\/autodeclaro.es\/de\/beschaftigungsbedingungen\/\"><strong>BESCH\u00c4FTIGUNGSBEDINGUNGEN<\/strong><\/a>\n\n\n\n<a class=\"gb-button gb-button-88b4c17c gb-button-text\" href=\"https:\/\/autodeclaro.es\/de\/partnerprogramm\/\" target=\"_blank\" rel=\"noopener noreferrer\">PARTNER WERDEN<\/a>\n\n\n\n<a class=\"gb-button gb-button-12381714 gb-button-text\" href=\"\/de\/#gdpr_cookie_modal\"><strong>Cookie-Pr\u00e4ferenz<\/strong><\/a>\n\n<\/div>\n<\/div><\/div><\/div>\n\n<div class=\"gb-grid-column gb-grid-column-ca367b27\"><div class=\"gb-container gb-container-ca367b27\"><div class=\"gb-inside-container\">\n\n<h2 class=\"gb-headline gb-headline-65e0fe6e gb-headline-text\">Folgen Sie uns unter<\/h2>\n\n\n<div class=\"gb-button-wrapper gb-button-wrapper-7a42ce51\">\n\n<a class=\"gb-button gb-button-da71ac4d\" href=\"https:\/\/twitter.com\/autodeclaro\" target=\"_blank\" rel=\"nofollow noopener noreferrer\"><span class=\"gb-icon\"><svg width=\"1200\" height=\"1227\" viewbox=\"0 0 1200 1227\" fill=\"none\" xmlns=\"http:\/\/www.w3.org\/2000\/svg\"> <path d=\"M714.163 519.284L1160.89 0H1055.03L667.137 450.887L357.328 0H0L468.492 681.821L0 1226.37H105.866L515.491 750.218L842.672 1226.37H1200L714.137 519.284H714.163ZM569.165 687.828L521.697 619.934L144.011 79.6944H306.615L611.412 515.685L658.88 583.579L1055.08 1150.3H892.476L569.165 687.854V687.828Z\" fill=\"white\"><\/path><\/svg><\/span><\/a>\n\n\n\n<a class=\"gb-button gb-button-f531bb1b\" href=\"https:\/\/www.youtube.com\/channel\/UC47sIi2BOg2v8-IKUX5PVtg\" target=\"_blank\" rel=\"nofollow noopener noreferrer\"><span class=\"gb-icon\"><svg aria-hidden=\"true\" role=\"img\" height=\"1em\" width=\"1em\" viewbox=\"0 0 576 512\" xmlns=\"http:\/\/www.w3.org\/2000\/svg\"><path fill=\"currentColor\" d=\"M549.655 124.083c-6.281-23.65-24.787-42.276-48.284-48.597C458.781 64 288 64 288 64S117.22 64 74.629 75.486c-23.497 6.322-42.003 24.947-48.284 48.597-11.412 42.867-11.412 132.305-11.412 132.305s0 89.438 11.412 132.305c6.281 23.65 24.787 41.5 48.284 47.821C117.22 448 288 448 288 448s170.78 0 213.371-11.486c23.497-6.321 42.003-24.171 48.284-47.821 11.412-42.867 11.412-132.305 11.412-132.305s0-89.438-11.412-132.305zm-317.51 213.508V175.185l142.739 81.205-142.739 81.201z\"><\/path><\/svg><\/span><\/a>\n\n\n\n<a class=\"gb-button gb-button-b9a9c37c\" href=\"https:\/\/www.facebook.com\/autodeclaro\" target=\"_blank\" rel=\"nofollow noopener noreferrer\"><span class=\"gb-icon\"><svg xmlns=\"http:\/\/www.w3.org\/2000\/svg\" viewbox=\"0 0 320 512\" width=\"1em\" height=\"1em\" aria-hidden=\"true\"><path d=\"M279.14 288l14.22-92.66h-88.91v-60.13c0-25.35 12.42-50.06 52.24-50.06h40.42V6.26S260.43 0 225.36 0c-73.22 0-121.08 44.38-121.08 124.72v70.62H22.89V288h81.39v224h100.17V288z\" fill=\"currentColor\"><\/path><\/svg><\/span><\/a>\n\n\n\n<a class=\"gb-button gb-button-76c47084\" href=\"https:\/\/www.linkedin.com\/company\/autodeclaro\" target=\"_blank\" rel=\"nofollow noopener noreferrer\"><span class=\"gb-icon\"><svg xmlns=\"http:\/\/www.w3.org\/2000\/svg\" viewbox=\"0 0 448 512\" width=\"1em\" height=\"1em\" aria-hidden=\"true\"><path d=\"M100.28 448H7.4V148.9h92.88zM53.79 108.1C24.09 108.1 0 83.5 0 53.8a53.79 53.79 0 0 1 107.58 0c0 29.7-24.1 54.3-53.79 54.3zM447.9 448h-92.68V302.4c0-34.7-.7-79.2-48.29-79.2-48.29 0-55.69 37.7-55.69 76.7V448h-92.78V148.9h89.08v40.8h1.3c12.4-23.5 42.69-48.3 87.88-48.3 94 0 111.28 61.9 111.28 142.3V448z\" fill=\"currentColor\"><\/path><\/svg><\/span><\/a>\n\n\n\n<a class=\"gb-button gb-button-682f573a\" href=\"https:\/\/www.instagram.com\/autodeclaro\" target=\"_blank\" rel=\"nofollow noopener noreferrer\"><span class=\"gb-icon\"><svg xmlns=\"http:\/\/www.w3.org\/2000\/svg\" viewbox=\"0 0 448 512\" width=\"1em\" height=\"1em\" aria-hidden=\"true\"><path d=\"M224.1 141c-63.6 0-114.9 51.3-114.9 114.9s51.3 114.9 114.9 114.9S339 319.5 339 255.9 287.7 141 224.1 141zm0 189.6c-41.1 0-74.7-33.5-74.7-74.7s33.5-74.7 74.7-74.7 74.7 33.5 74.7 74.7-33.6 74.7-74.7 74.7zm146.4-194.3c0 14.9-12 26.8-26.8 26.8-14.9 0-26.8-12-26.8-26.8s12-26.8 26.8-26.8 26.8 12 26.8 26.8zm76.1 27.2c-1.7-35.9-9.9-67.7-36.2-93.9-26.2-26.2-58-34.4-93.9-36.2-37-2.1-147.9-2.1-184.9 0-35.8 1.7-67.6 9.9-93.9 36.1s-34.4 58-36.2 93.9c-2.1 37-2.1 147.9 0 184.9 1.7 35.9 9.9 67.7 36.2 93.9s58 34.4 93.9 36.2c37 2.1 147.9 2.1 184.9 0 35.9-1.7 67.7-9.9 93.9-36.2 26.2-26.2 34.4-58 36.2-93.9 2.1-37 2.1-147.8 0-184.8zM398.8 388c-7.8 19.6-22.9 34.7-42.6 42.6-29.5 11.7-99.5 9-132.1 9s-102.7 2.6-132.1-9c-19.6-7.8-34.7-22.9-42.6-42.6-11.7-29.5-9-99.5-9-132.1s-2.6-102.7 9-132.1c7.8-19.6 22.9-34.7 42.6-42.6 29.5-11.7 99.5-9 132.1-9s102.7-2.6 132.1 9c19.6 7.8 34.7 22.9 42.6 42.6 11.7 29.5 9 99.5 9 132.1s2.7 102.7-9 132.1z\" fill=\"currentColor\"><\/path><\/svg><\/span><\/a>\n\n<\/div>\n\n<div class=\"gb-container gb-container-2f03eff6\"><div class=\"gb-inside-container\">\n\n<p class=\"has-text-align-center\">Siehe unsere Bewertungen auf: <strong><a href=\"https:\/\/es.trustpilot.com\/review\/autodeclaro.es\" target=\"_blank\" data-type=\"link\" data-id=\"https:\/\/es.trustpilot.com\/review\/autodeclaro.es\" rel=\"noreferrer noopener\">VertrauensPilot<\/a><\/strong> und <strong><a href=\"https:\/\/goo.gl\/maps\/wsvLCavB38e2db5L7\" target=\"_blank\" data-type=\"link\" data-id=\"https:\/\/goo.gl\/maps\/wsvLCavB38e2db5L7\" rel=\"noreferrer noopener\">Google<\/a><\/strong><\/p>\n\n<\/div><\/div>\n<\/div><\/div><\/div>\n<\/div>\n<\/div><\/div>\n\n<div class=\"gb-grid-wrapper gb-grid-wrapper-8d2f1c2d\">\n<div class=\"gb-grid-column gb-grid-column-143d0181\"><div class=\"gb-container gb-container-143d0181\"><div class=\"gb-inside-container\">\n\n<p class=\"gb-headline gb-headline-1d654ec7 gb-headline-text\">\u00a9 2021 AUTODECLARO.ES - Alle Rechte vorbehalten<\/p>\n\n<\/div><\/div><\/div>\n\n<div class=\"gb-grid-column gb-grid-column-9df10302\"><div class=\"gb-container gb-container-9df10302\"><div class=\"gb-inside-container\">\n\n<p class=\"gb-headline gb-headline-e92cec68 gb-headline-text\"> IN SPANIEN ENTWICKELTE SOFTWARE<\/p>\n\n<\/div><\/div><\/div>\n<\/div>\n<\/div><\/div>","protected":false},"excerpt":{"rendered":"<p>Auto 720 - Excel-Vorlage Das Modell 720 gilt nicht nur f\u00fcr Wertpapiere, die \u00fcber Broker im Ausland deponiert werden, sondern auch f\u00fcr alle anderen im Ausland deponierten Verm\u00f6genswerte wie z.B.: Zu diesem Zweck stellen wir Ihnen eine standardisierte Excel-Vorlage zur Verf\u00fcgung, in die Sie alle Ihre im Ausland deponierten Verm\u00f6genswerte eintragen k\u00f6nnen. Im Folgenden zeigen wir Ihnen, wie es funktioniert und ... <a title=\"Auto 720 - Excel-Vorlage\" class=\"read-more\" href=\"https:\/\/autodeclaro.es\/de\/auto-720-excel-vorlage\/\" aria-label=\"Weitere Informationen \u00fcber Auto 720 - Excel-Vorlage\">Weiterlesen<\/a><\/p>","protected":false},"author":1,"featured_media":0,"parent":0,"menu_order":0,"comment_status":"closed","ping_status":"closed","template":"","meta":{"footnotes":""},"class_list":["post-2209","page","type-page","status-publish"],"_links":{"self":[{"href":"https:\/\/autodeclaro.es\/de\/wp-json\/wp\/v2\/pages\/2209","targetHints":{"allow":["GET"]}}],"collection":[{"href":"https:\/\/autodeclaro.es\/de\/wp-json\/wp\/v2\/pages"}],"about":[{"href":"https:\/\/autodeclaro.es\/de\/wp-json\/wp\/v2\/types\/page"}],"author":[{"embeddable":true,"href":"https:\/\/autodeclaro.es\/de\/wp-json\/wp\/v2\/users\/1"}],"replies":[{"embeddable":true,"href":"https:\/\/autodeclaro.es\/de\/wp-json\/wp\/v2\/comments?post=2209"}],"version-history":[{"count":10,"href":"https:\/\/autodeclaro.es\/de\/wp-json\/wp\/v2\/pages\/2209\/revisions"}],"predecessor-version":[{"id":31555,"href":"https:\/\/autodeclaro.es\/de\/wp-json\/wp\/v2\/pages\/2209\/revisions\/31555"}],"wp:attachment":[{"href":"https:\/\/autodeclaro.es\/de\/wp-json\/wp\/v2\/media?parent=2209"}],"curies":[{"name":"wp","href":"https:\/\/api.w.org\/{rel}","templated":true}]}}