{"id":1399,"date":"2021-10-26T23:47:31","date_gmt":"2021-10-26T21:47:31","guid":{"rendered":"https:\/\/autodeclaro.es\/?page_id=1399"},"modified":"2025-01-01T20:21:01","modified_gmt":"2025-01-01T19:21:01","slug":"eigenschaften-3","status":"publish","type":"page","link":"https:\/\/autodeclaro.es\/de\/eigenschaften-3\/","title":{"rendered":"Eigenschaften"},"content":{"rendered":"<div class=\"gb-container gb-container-22991d66\"><div class=\"gb-inside-container\">\n\n<h2 class=\"gb-headline gb-headline-91a7b98c gb-headline-text\"><strong>Warum AutoDeclaro.es w\u00e4hlen?<\/strong><\/h2>\n\n\n\n<p class=\"gb-headline gb-headline-f269ea14\"><span class=\"gb-icon\"><svg viewbox=\"0 0 36.7 3\" xmlns=\"http:\/\/www.w3.org\/2000\/svg\"><path d=\"M0 0h36.7v3H0z\"><\/path><\/svg><\/span><span class=\"gb-headline-text\">Wir m\u00f6chten Ihnen so viele Informationen wie m\u00f6glich \u00fcber unsere Automatisierungstools geben. <strong>Einkommen<\/strong>, <strong>Formular 720<\/strong>, <strong>Modell 721<\/strong> und <strong>Modell 210<\/strong> damit Sie die besten Erfahrungen mit Ihren steuerlichen Verpflichtungen machen. Deshalb ist bei <strong>AutoDeclaro.es<\/strong> wir machen es Ihnen leicht. <br><\/span><\/p>\n\n<\/div><\/div>\n\n<div class=\"gb-grid-wrapper gb-grid-wrapper-3602d5c6\">\n<div class=\"gb-grid-column gb-grid-column-4cb248e4\"><div class=\"gb-container gb-container-4cb248e4\"><a class=\"gb-container-link\" href=\"https:\/\/es.trustpilot.com\/review\/autodeclaro.es\" rel=\"noopener noreferrer\" target=\"_blank\"><\/a><div class=\"gb-inside-container\">\n\n<p class=\"gb-headline gb-headline-c13b9183 gb-headline-text\"><strong><mark style=\"background-color:rgba(0, 0, 0, 0);color:#72b043\" class=\"has-inline-color\">Trustpilot<\/mark><\/strong><\/p>\n\n\n\n<p class=\"gb-headline gb-headline-f1868ad2 gb-headline-text\">Siehe unsere Bewertungen<\/p>\n\n<\/div><\/div><\/div>\n\n<div class=\"gb-grid-column gb-grid-column-ddc3ba1f\"><div class=\"gb-container gb-container-ddc3ba1f\"><a class=\"gb-container-link\" href=\"https:\/\/goo.gl\/maps\/wsvLCavB38e2db5L7\" rel=\"noopener noreferrer\" target=\"_blank\"><\/a><div class=\"gb-inside-container\">\n<div class=\"gb-container gb-container-ab8b2bdd\">\n\n<figure class=\"gb-block-image gb-block-image-f6c6a6d1\"><img decoding=\"async\" width=\"158\" height=\"64\" class=\"gb-image gb-image-f6c6a6d1\" src=\"https:\/\/autodeclaro.es\/wp-content\/uploads\/2023\/11\/google_review.png\" alt=\"\" title=\"google_rezension\" srcset=\"https:\/\/autodeclaro.es\/wp-content\/uploads\/2023\/11\/google_review.png 158w, https:\/\/autodeclaro.es\/wp-content\/uploads\/2023\/11\/google_review-18x7.png 18w, https:\/\/autodeclaro.es\/wp-content\/uploads\/2023\/11\/google_review-100x41.png 100w\" sizes=\"(max-width: 158px) 100vw, 158px\" \/><\/figure>\n\n<\/div>\n\n\n<p class=\"gb-headline gb-headline-ba7a434b gb-headline-text\"><strong>4.9<\/strong> von <strong>451<\/strong> Bewertungen<\/p>\n\n<\/div><\/div><\/div>\n<\/div>\n\n<div class=\"gb-container gb-container-b5fee8ca\"><div class=\"gb-inside-container\">\n<div class=\"gb-grid-wrapper gb-grid-wrapper-bb4824ee\">\n<div class=\"gb-grid-column gb-grid-column-83a34fac\"><div class=\"gb-container gb-container-83a34fac column-shadow\" id=\"fiable-preciso\"><div class=\"gb-inside-container\">\n\n<h4 class=\"gb-headline gb-headline-fbf6600b\"><span class=\"gb-icon\"><svg aria-hidden=\"true\" role=\"img\" height=\"1em\" width=\"1em\" viewbox=\"0 0 384 512\" xmlns=\"http:\/\/www.w3.org\/2000\/svg\"><path fill=\"currentColor\" d=\"M97.12 362.63c-8.69-8.69-4.16-6.24-25.12-11.85-9.51-2.55-17.87-7.45-25.43-13.32L1.2 448.7c-4.39 10.77 3.81 22.47 15.43 22.03l52.69-2.01L105.56 507c8 8.44 22.04 5.81 26.43-4.96l52.05-127.62c-10.84 6.04-22.87 9.58-35.31 9.58-19.5 0-37.82-7.59-51.61-21.37zM382.8 448.7l-45.37-111.24c-7.56 5.88-15.92 10.77-25.43 13.32-21.07 5.64-16.45 3.18-25.12 11.85-13.79 13.78-32.12 21.37-51.62 21.37-12.44 0-24.47-3.55-35.31-9.58L252 502.04c4.39 10.77 18.44 13.4 26.43 4.96l36.25-38.28 52.69 2.01c11.62.44 19.82-11.27 15.43-22.03zM263 340c15.28-15.55 17.03-14.21 38.79-20.14 13.89-3.79 24.75-14.84 28.47-28.98 7.48-28.4 5.54-24.97 25.95-45.75 10.17-10.35 14.14-25.44 10.42-39.58-7.47-28.38-7.48-24.42 0-52.83 3.72-14.14-.25-29.23-10.42-39.58-20.41-20.78-18.47-17.36-25.95-45.75-3.72-14.14-14.58-25.19-28.47-28.98-27.88-7.61-24.52-5.62-44.95-26.41-10.17-10.35-25-14.4-38.89-10.61-27.87 7.6-23.98 7.61-51.9 0-13.89-3.79-28.72.25-38.89 10.61-20.41 20.78-17.05 18.8-44.94 26.41-13.89 3.79-24.75 14.84-28.47 28.98-7.47 28.39-5.54 24.97-25.95 45.75-10.17 10.35-14.15 25.44-10.42 39.58 7.47 28.36 7.48 24.4 0 52.82-3.72 14.14.25 29.23 10.42 39.59 20.41 20.78 18.47 17.35 25.95 45.75 3.72 14.14 14.58 25.19 28.47 28.98C104.6 325.96 106.27 325 121 340c13.23 13.47 33.84 15.88 49.74 5.82a39.676 39.676 0 0 1 42.53 0c15.89 10.06 36.5 7.65 49.73-5.82zM97.66 175.96c0-53.03 42.24-96.02 94.34-96.02s94.34 42.99 94.34 96.02-42.24 96.02-94.34 96.02-94.34-42.99-94.34-96.02z\"><\/path><\/svg><\/span><span class=\"gb-headline-text\"><strong>Zuverl\u00e4ssig und genau<\/strong><\/span><\/h4>\n\n\n\n<p class=\"has-text-align-center\"><strong>Kann ich mich auf die Tools von AutoDeclaro verlassen?<\/strong><\/p>\n\n\n\n<p>Ja, mit absoluter Gewissheit. Unsere Methode zur Erstellung von Steuermodellen ist zuverl\u00e4ssig und genau. Au\u00dferdem sparen Sie dank der Automatisierung und ohne menschliches Zutun viel Zeit.&nbsp;<\/p>\n\n\n\n<p><strong>100% Zuverl\u00e4ssig<\/strong>Sie k\u00f6nnen sich auf unsere Tools verlassen, denn es handelt sich um einen Algorithmus, der keine manuellen Eingriffe w\u00e4hrend der Ausf\u00fchrung des Algorithmus zul\u00e4sst.<\/p>\n\n\n\n<p><strong>100% Pr\u00e4zise<\/strong>ist ein vollautomatischer Prozess, an dem kein Mensch beteiligt ist. Sie k\u00f6nnen sich voll und ganz auf das erzeugte Ergebnis verlassen, und zwar mit einer Genauigkeit von 100%.<\/p>\n\n\n<div class=\"gb-button-wrapper gb-button-wrapper-ba063928\">\n\n<a class=\"gb-button gb-button-837d742a gb-button-text\" href=\"https:\/\/autodeclaro.es\/de\/shop\/\">Z\u00f6gern Sie nicht l\u00e4nger und testen Sie die kostenlose Version<\/a>\n\n<\/div>\n<\/div><\/div><\/div>\n<\/div>\n\n\n<p><\/p>\n\n\n<div class=\"gb-container gb-container-31935489 column-shadow\" id=\"anonimo-seguro\"><div class=\"gb-inside-container\">\n\n<h4 class=\"gb-headline gb-headline-f3d481cb\" id=\"anonimo-seguro\"><span class=\"gb-icon\"><svg aria-hidden=\"true\" role=\"img\" height=\"1em\" width=\"1em\" viewbox=\"0 0 512 512\" xmlns=\"http:\/\/www.w3.org\/2000\/svg\"><path fill=\"currentColor\" d=\"M466.5 83.7l-192-80a48.15 48.15 0 0 0-36.9 0l-192 80C27.7 91.1 16 108.6 16 128c0 198.5 114.5 335.7 221.5 380.3 11.8 4.9 25.1 4.9 36.9 0C360.1 472.6 496 349.3 496 128c0-19.4-11.7-36.9-29.5-44.3zM256.1 446.3l-.1-381 175.9 73.3c-3.3 151.4-82.1 261.1-175.8 307.7z\"><\/path><\/svg><\/span><span class=\"gb-headline-text\"><strong>Anonym und sicher<\/strong><\/span><\/h4>\n\n\n\n<p class=\"has-text-align-center\"><strong>Wie k\u00f6nnen Sie mir versichern, dass<\/strong> <strong>Hat niemand Zugang zu den Informationen, die ich weitergebe, z. B. zu meinem ausl\u00e4ndischen Portfolio oder Verm\u00f6gen?&nbsp;<\/strong><\/p>\n\n\n\n<p>Wir bieten insgesamt <strong>Anonymit\u00e4t<\/strong> in allen Informationen, die Sie zur Erstellung der Modelle der Steuerbeh\u00f6rden weitergeben. <\/p>\n\n\n\n<p>Die Dokumente\/Dateien, die Sie uns zur Verf\u00fcgung stellen, enthalten niemals pers\u00f6nliche Daten wie Ausweisnummer, Name oder Postanschrift; wir ben\u00f6tigen lediglich eine E-Mail-Adresse, um Ihnen das erstellte Modell zuzusenden.<\/p>\n\n\n\n<p>Es ist auch ein System <strong>Versicherung<\/strong>. <\/p>\n\n\n\n<p>Wir werden die von Ihnen bereitgestellten Informationen niemals an Dritte weitergeben oder verkaufen. Ihre Anonymit\u00e4t und Sicherheit ist unser oberstes Gebot, damit wir Ihnen volles Vertrauen entgegenbringen k\u00f6nnen.&nbsp;<\/p>\n\n\n<div class=\"gb-button-wrapper gb-button-wrapper-5cd83a53\">\n\n<a class=\"gb-button gb-button-996e1a7f gb-button-text\" href=\"https:\/\/autodeclaro.es\/de\/shop\/\">Z\u00f6gern Sie nicht l\u00e4nger und testen Sie die kostenlose Version<\/a>\n\n<\/div>\n<\/div><\/div>\n\n\n<p><\/p>\n\n\n<div class=\"gb-container gb-container-e728881f column-shadow\" id=\"maximo-ahorro\"><div class=\"gb-inside-container\">\n\n<h4 class=\"gb-headline gb-headline-c3132d3b\"><span class=\"gb-icon\"><svg aria-hidden=\"true\" role=\"img\" height=\"1em\" width=\"1em\" viewbox=\"0 0 640 512\" xmlns=\"http:\/\/www.w3.org\/2000\/svg\"><path fill=\"currentColor\" d=\"M497.941 225.941L286.059 14.059A48 48 0 0 0 252.118 0H48C21.49 0 0 21.49 0 48v204.118a48 48 0 0 0 14.059 33.941l211.882 211.882c18.744 18.745 49.136 18.746 67.882 0l204.118-204.118c18.745-18.745 18.745-49.137 0-67.882zM112 160c-26.51 0-48-21.49-48-48s21.49-48 48-48 48 21.49 48 48-21.49 48-48 48zm513.941 133.823L421.823 497.941c-18.745 18.745-49.137 18.745-67.882 0l-.36-.36L527.64 323.522c16.999-16.999 26.36-39.6 26.36-63.64s-9.362-46.641-26.36-63.64L331.397 0h48.721a48 48 0 0 1 33.941 14.059l211.882 211.882c18.745 18.745 18.745 49.137 0 67.882z\"><\/path><\/svg><\/span><span class=\"gb-headline-text\"><strong>Maximale Einsparungen<\/strong><\/span><\/h4>\n\n\n\n<p class=\"has-text-align-center\"><strong>Sind die Modellierungsinstrumente des Schatzamtes kosteneffizient?<\/strong><\/p>\n\n\n\n<p><strong>Ja, nat\u00fcrlich.<\/strong> Die <strong>Investition<\/strong> die Sie mit unseren Tools machen, ist mehr als <strong>kompensiert<\/strong>.&nbsp;<\/p>\n\n\n\n<p>Die <strong>Zeit<\/strong> Der Zeit- und Arbeitsaufwand f\u00fcr das manuelle Ausf\u00fcllen der Formulare umfasst <strong>viel h\u00f6here Kosten<\/strong> als das Geld, das Sie f\u00fcr die Automatisierung der Erstellung der Steuermodelle ausgeben.&nbsp;<\/p>\n\n\n\n<p>Andererseits, wenn Sie beschlie\u00dfen, dass ein <strong>Beratung<\/strong> o <strong>Management<\/strong> wird es f\u00fcr Sie tun, dies wird eine <strong>hoher finanzieller Aufwand<\/strong>.&nbsp;<\/p>\n\n\n\n<p>Machen Sie Ihre Investitionen rentabel und <strong>verbringen Sie Ihre knappe Zeit mit dem, was wichtig ist<\/strong>.<\/p>\n\n\n<div class=\"gb-button-wrapper gb-button-wrapper-fd40ff15\">\n\n<a class=\"gb-button gb-button-5d7c186a gb-button-text\" href=\"https:\/\/autodeclaro.es\/de\/shop\/\">Z\u00f6gern Sie nicht l\u00e4nger und testen Sie die kostenlose Version<\/a>\n\n<\/div>\n<\/div><\/div>\n<\/div><\/div>\n\n\n\n<div class=\"gb-container gb-container-dec1d26e\"><div class=\"gb-inside-container\">\n<div class=\"gb-container gb-container-392bdfa1\"><div class=\"gb-inside-container\">\n<div class=\"gb-grid-wrapper gb-grid-wrapper-3bd61556\">\n<div class=\"gb-grid-column gb-grid-column-4ed7e94d\"><div class=\"gb-container gb-container-4ed7e94d\"><div class=\"gb-inside-container\">\n\n<h2 class=\"gb-headline gb-headline-857db351 gb-headline-text\">Hilfe<\/h2>\n\n\n<div class=\"gb-button-wrapper gb-button-wrapper-5233a7a8\">\n\n<a class=\"gb-button gb-button-84968700 gb-button-text\" href=\"https:\/\/autodeclaro.es\/de\/kontakt\/\"><strong>KONTAKT<\/strong><\/a>\n\n\n\n<a class=\"gb-button gb-button-47af23a3 gb-button-text\" href=\"https:\/\/autodeclaro.es\/de\/sicherheit\/\" target=\"_blank\" rel=\"noopener noreferrer\"><strong>SICHERHEIT<\/strong><\/a>\n\n\n\n<a class=\"gb-button gb-button-908f69d2 gb-button-text\" href=\"https:\/\/autodeclaro.es\/de\/uber\/\" target=\"_blank\" rel=\"noopener noreferrer\"><strong>\u00dcber mich<\/strong><\/a>\n\n\n\n<a class=\"gb-button gb-button-26ce780f gb-button-text\" href=\"https:\/\/modelorenta.com\" target=\"_blank\" rel=\"noopener noreferrer\"><strong>EINKOMMENSMODELL<\/strong><\/a>\n\n<\/div>\n<\/div><\/div><\/div>\n\n<div class=\"gb-grid-column gb-grid-column-02729e6c\"><div class=\"gb-container gb-container-02729e6c\"><div class=\"gb-inside-container\">\n\n<h2 class=\"gb-headline gb-headline-cf7354d8 gb-headline-text\">Navigation<\/h2>\n\n\n<div class=\"gb-button-wrapper gb-button-wrapper-efa19db8\">\n\n<a class=\"gb-button gb-button-23858bbd gb-button-text\" href=\"https:\/\/autodeclaro.es\/de\/\"><strong>AUTODECLARO.ES<\/strong><\/a>\n\n\n\n<a class=\"gb-button gb-button-70a90825 gb-button-text\" href=\"https:\/\/autodeclaro.es\/de\/wie-man-die-extrakte-erhalt\/\"><strong>ANLEITUNGEN<\/strong><\/a>\n\n\n\n<a class=\"gb-button gb-button-79e93945 gb-button-text\" href=\"https:\/\/autodeclaro.es\/de\/autovermietung\/\"><strong>Modell 100<\/strong><\/a>\n\n\n\n<a class=\"gb-button gb-button-3935bfe8 gb-button-text\" href=\"https:\/\/autodeclaro.es\/de\/autovermietung-2\/\"><strong>CRIPTOMONEDAS<\/strong><\/a>\n\n\n\n<a class=\"gb-button gb-button-1530f8e0 gb-button-text\" href=\"https:\/\/autodeclaro.es\/de\/auto-720\/\"><strong>Modell 720<\/strong><\/a>\n\n\n\n<a class=\"gb-button gb-button-a7800d52 gb-button-text\" href=\"https:\/\/autodeclaro.es\/de\/auto-721-2\/\"><strong>Modell 721<\/strong><\/a>\n\n\n\n<a class=\"gb-button gb-button-86e6e154 gb-button-text\" href=\"https:\/\/autodeclaro.es\/de\/auto-210\/\" target=\"_blank\" rel=\"noopener noreferrer\"><strong>MODELL 210<\/strong><\/a>\n\n\n\n<a class=\"gb-button gb-button-99c10d57 gb-button-text\" href=\"https:\/\/autodeclaro.es\/de\/eigenschaften-3\/\"><strong>Eigenschaften<\/strong><\/a>\n\n\n\n<a class=\"gb-button gb-button-702d9b27 gb-button-text\" href=\"https:\/\/autodeclaro.es\/de\/uber-uns-reden\/\"><strong>Sie reden \u00fcber uns<\/strong><\/a>\n\n\n\n<a class=\"gb-button gb-button-133699ef gb-button-text\" href=\"https:\/\/autodeclaro.es\/de\/preisgestaltung\/\"><strong>RATEN<\/strong><\/a>\n\n<\/div>\n<\/div><\/div><\/div>\n\n<div class=\"gb-grid-column gb-grid-column-e97c2f8a\"><div class=\"gb-container gb-container-e97c2f8a\"><div class=\"gb-inside-container\">\n\n<h2 class=\"gb-headline gb-headline-9d7b1b26 gb-headline-text\">Rechtliches<\/h2>\n\n\n<div class=\"gb-button-wrapper gb-button-wrapper-da2420ec\">\n\n<a class=\"gb-button gb-button-364f54fc gb-button-text\" href=\"https:\/\/autodeclaro.es\/de\/rechtshinweis\/\">HINWEIS <strong>legal<\/strong><\/a>\n\n\n\n<a class=\"gb-button gb-button-b2a6a2fc gb-button-text\" href=\"https:\/\/autodeclaro.es\/de\/datenschutzpolitik\/\"><strong>DATENSCHUTZPOLITIK<\/strong><\/a>\n\n\n\n<a class=\"gb-button gb-button-eb678b04 gb-button-text\" href=\"https:\/\/autodeclaro.es\/de\/cookie-richtlinie\/\"><strong>COOKIES<\/strong><\/a>\n\n\n\n<a class=\"gb-button gb-button-8850486f gb-button-text\" href=\"https:\/\/autodeclaro.es\/de\/beschaftigungsbedingungen\/\"><strong>BESCH\u00c4FTIGUNGSBEDINGUNGEN<\/strong><\/a>\n\n\n\n<a class=\"gb-button gb-button-88b4c17c gb-button-text\" href=\"https:\/\/autodeclaro.es\/de\/partnerprogramm\/\" target=\"_blank\" rel=\"noopener noreferrer\">PARTNER WERDEN<\/a>\n\n\n\n<a class=\"gb-button gb-button-12381714 gb-button-text\" href=\"\/de\/#gdpr_cookie_modal\"><strong>Cookie-Pr\u00e4ferenz<\/strong><\/a>\n\n<\/div>\n<\/div><\/div><\/div>\n\n<div class=\"gb-grid-column gb-grid-column-ca367b27\"><div class=\"gb-container gb-container-ca367b27\"><div class=\"gb-inside-container\">\n\n<h2 class=\"gb-headline gb-headline-65e0fe6e gb-headline-text\">Folgen Sie uns unter<\/h2>\n\n\n<div class=\"gb-button-wrapper gb-button-wrapper-7a42ce51\">\n\n<a class=\"gb-button gb-button-da71ac4d\" href=\"https:\/\/twitter.com\/autodeclaro\" target=\"_blank\" rel=\"nofollow noopener noreferrer\"><span class=\"gb-icon\"><svg width=\"1200\" height=\"1227\" viewbox=\"0 0 1200 1227\" fill=\"none\" xmlns=\"http:\/\/www.w3.org\/2000\/svg\"> <path d=\"M714.163 519.284L1160.89 0H1055.03L667.137 450.887L357.328 0H0L468.492 681.821L0 1226.37H105.866L515.491 750.218L842.672 1226.37H1200L714.137 519.284H714.163ZM569.165 687.828L521.697 619.934L144.011 79.6944H306.615L611.412 515.685L658.88 583.579L1055.08 1150.3H892.476L569.165 687.854V687.828Z\" fill=\"white\"><\/path><\/svg><\/span><\/a>\n\n\n\n<a class=\"gb-button gb-button-f531bb1b\" href=\"https:\/\/www.youtube.com\/channel\/UC47sIi2BOg2v8-IKUX5PVtg\" target=\"_blank\" rel=\"nofollow noopener noreferrer\"><span class=\"gb-icon\"><svg aria-hidden=\"true\" role=\"img\" height=\"1em\" width=\"1em\" viewbox=\"0 0 576 512\" xmlns=\"http:\/\/www.w3.org\/2000\/svg\"><path fill=\"currentColor\" d=\"M549.655 124.083c-6.281-23.65-24.787-42.276-48.284-48.597C458.781 64 288 64 288 64S117.22 64 74.629 75.486c-23.497 6.322-42.003 24.947-48.284 48.597-11.412 42.867-11.412 132.305-11.412 132.305s0 89.438 11.412 132.305c6.281 23.65 24.787 41.5 48.284 47.821C117.22 448 288 448 288 448s170.78 0 213.371-11.486c23.497-6.321 42.003-24.171 48.284-47.821 11.412-42.867 11.412-132.305 11.412-132.305s0-89.438-11.412-132.305zm-317.51 213.508V175.185l142.739 81.205-142.739 81.201z\"><\/path><\/svg><\/span><\/a>\n\n\n\n<a class=\"gb-button gb-button-b9a9c37c\" href=\"https:\/\/www.facebook.com\/autodeclaro\" target=\"_blank\" rel=\"nofollow noopener noreferrer\"><span class=\"gb-icon\"><svg xmlns=\"http:\/\/www.w3.org\/2000\/svg\" viewbox=\"0 0 320 512\" width=\"1em\" height=\"1em\" aria-hidden=\"true\"><path d=\"M279.14 288l14.22-92.66h-88.91v-60.13c0-25.35 12.42-50.06 52.24-50.06h40.42V6.26S260.43 0 225.36 0c-73.22 0-121.08 44.38-121.08 124.72v70.62H22.89V288h81.39v224h100.17V288z\" fill=\"currentColor\"><\/path><\/svg><\/span><\/a>\n\n\n\n<a class=\"gb-button gb-button-76c47084\" href=\"https:\/\/www.linkedin.com\/company\/autodeclaro\" target=\"_blank\" rel=\"nofollow noopener noreferrer\"><span class=\"gb-icon\"><svg xmlns=\"http:\/\/www.w3.org\/2000\/svg\" viewbox=\"0 0 448 512\" width=\"1em\" height=\"1em\" aria-hidden=\"true\"><path d=\"M100.28 448H7.4V148.9h92.88zM53.79 108.1C24.09 108.1 0 83.5 0 53.8a53.79 53.79 0 0 1 107.58 0c0 29.7-24.1 54.3-53.79 54.3zM447.9 448h-92.68V302.4c0-34.7-.7-79.2-48.29-79.2-48.29 0-55.69 37.7-55.69 76.7V448h-92.78V148.9h89.08v40.8h1.3c12.4-23.5 42.69-48.3 87.88-48.3 94 0 111.28 61.9 111.28 142.3V448z\" fill=\"currentColor\"><\/path><\/svg><\/span><\/a>\n\n\n\n<a class=\"gb-button gb-button-682f573a\" href=\"https:\/\/www.instagram.com\/autodeclaro\" target=\"_blank\" rel=\"nofollow noopener noreferrer\"><span class=\"gb-icon\"><svg xmlns=\"http:\/\/www.w3.org\/2000\/svg\" viewbox=\"0 0 448 512\" width=\"1em\" height=\"1em\" aria-hidden=\"true\"><path d=\"M224.1 141c-63.6 0-114.9 51.3-114.9 114.9s51.3 114.9 114.9 114.9S339 319.5 339 255.9 287.7 141 224.1 141zm0 189.6c-41.1 0-74.7-33.5-74.7-74.7s33.5-74.7 74.7-74.7 74.7 33.5 74.7 74.7-33.6 74.7-74.7 74.7zm146.4-194.3c0 14.9-12 26.8-26.8 26.8-14.9 0-26.8-12-26.8-26.8s12-26.8 26.8-26.8 26.8 12 26.8 26.8zm76.1 27.2c-1.7-35.9-9.9-67.7-36.2-93.9-26.2-26.2-58-34.4-93.9-36.2-37-2.1-147.9-2.1-184.9 0-35.8 1.7-67.6 9.9-93.9 36.1s-34.4 58-36.2 93.9c-2.1 37-2.1 147.9 0 184.9 1.7 35.9 9.9 67.7 36.2 93.9s58 34.4 93.9 36.2c37 2.1 147.9 2.1 184.9 0 35.9-1.7 67.7-9.9 93.9-36.2 26.2-26.2 34.4-58 36.2-93.9 2.1-37 2.1-147.8 0-184.8zM398.8 388c-7.8 19.6-22.9 34.7-42.6 42.6-29.5 11.7-99.5 9-132.1 9s-102.7 2.6-132.1-9c-19.6-7.8-34.7-22.9-42.6-42.6-11.7-29.5-9-99.5-9-132.1s-2.6-102.7 9-132.1c7.8-19.6 22.9-34.7 42.6-42.6 29.5-11.7 99.5-9 132.1-9s102.7-2.6 132.1 9c19.6 7.8 34.7 22.9 42.6 42.6 11.7 29.5 9 99.5 9 132.1s2.7 102.7-9 132.1z\" fill=\"currentColor\"><\/path><\/svg><\/span><\/a>\n\n<\/div>\n\n<div class=\"gb-container gb-container-2f03eff6\"><div class=\"gb-inside-container\">\n\n<p class=\"has-text-align-center\">Siehe unsere Bewertungen auf: <\/p>\n\n\n\n<figure class=\"gb-block-image gb-block-image-0990da93\"><a href=\"https:\/\/www.google.com\/maps\/place\/AutoDeclaro.es+-+Modelo+720,+Renta,+FIFO,+Dividendos,+Modelo+210\/@35.3392253,-15.8095226,5z\/data=!3m1!4b1!4m5!3m4!1s0x8f7b7a9c88ed2599:0x421c5f5b95409684!8m2!3d35.67445!4d-6.8143?shorturl=1\" target=\"_blank\" rel=\"noopener noreferrer\"><img decoding=\"async\" width=\"158\" height=\"64\" class=\"gb-image gb-image-0990da93\" src=\"https:\/\/autodeclaro.es\/wp-content\/uploads\/2021\/11\/google_review.png\" alt=\"\" title=\"google_rezension\" srcset=\"https:\/\/autodeclaro.es\/wp-content\/uploads\/2021\/11\/google_review.png 158w, https:\/\/autodeclaro.es\/wp-content\/uploads\/2021\/11\/google_review-18x7.png 18w, https:\/\/autodeclaro.es\/wp-content\/uploads\/2021\/11\/google_review-100x41.png 100w\" sizes=\"(max-width: 158px) 100vw, 158px\" \/><\/a><\/figure>\n\n\n\n<!-- TrustBox widget - Review Collector -->\n<div class=\"trustpilot-widget\" data-locale=\"en-US\" data-template-id=\"56278e9abfbbba0bdcd568bc\" data-businessunit-id=\"617722afa2f7e91d566495f3\" data-style-height=\"52px\" data-style-width=\"100%\" data-token=\"0cd00547-f94d-4057-ae20-b0d4838bdedb\">\n  <a href=\"https:\/\/www.trustpilot.com\/review\/autodeclaro.es\" target=\"_blank\" rel=\"noopener\">Trustpilot<\/a>\n<\/div>\n<!-- End TrustBox widget -->\n\n<\/div><\/div>\n<\/div><\/div><\/div>\n<\/div>\n<\/div><\/div>\n\n<div class=\"gb-grid-wrapper gb-grid-wrapper-8d2f1c2d\">\n<div class=\"gb-grid-column gb-grid-column-143d0181\"><div class=\"gb-container gb-container-143d0181\"><div class=\"gb-inside-container\">\n\n<p class=\"gb-headline gb-headline-1d654ec7 gb-headline-text\">\u00a9 2021 AUTODECLARO.ES - Alle Rechte vorbehalten<\/p>\n\n<\/div><\/div><\/div>\n\n<div class=\"gb-grid-column gb-grid-column-9df10302\"><div class=\"gb-container gb-container-9df10302\"><div class=\"gb-inside-container\">\n\n<p class=\"gb-headline gb-headline-e92cec68 gb-headline-text\"> IN SPANIEN ENTWICKELTE SOFTWARE<\/p>\n\n<\/div><\/div><\/div>\n<\/div>\n<\/div><\/div>","protected":false},"excerpt":{"rendered":"<p>Warum AutoDeclaro.es w\u00e4hlen? Wir m\u00f6chten Ihnen so viele Informationen wie m\u00f6glich \u00fcber unsere Einkommensteuer-Automatisierungstools, Formular 720, Formular 721 und Formular 210 geben, damit Sie die besten Erfahrungen mit Ihren steuerlichen Verpflichtungen machen. Deshalb machen wir es Ihnen bei AutoDeclaro.es leicht. Anonym und sicher Wie k\u00f6nnen Sie mir versichern, dass niemand Zugang zu den ... <a title=\"Eigenschaften\" class=\"read-more\" href=\"https:\/\/autodeclaro.es\/de\/eigenschaften-3\/\" aria-label=\"Weitere Informationen \u00fcber Merkmale\">Weiterlesen<\/a><\/p>","protected":false},"author":1,"featured_media":0,"parent":0,"menu_order":0,"comment_status":"closed","ping_status":"closed","template":"","meta":{"footnotes":""},"class_list":["post-1399","page","type-page","status-publish"],"_links":{"self":[{"href":"https:\/\/autodeclaro.es\/de\/wp-json\/wp\/v2\/pages\/1399","targetHints":{"allow":["GET"]}}],"collection":[{"href":"https:\/\/autodeclaro.es\/de\/wp-json\/wp\/v2\/pages"}],"about":[{"href":"https:\/\/autodeclaro.es\/de\/wp-json\/wp\/v2\/types\/page"}],"author":[{"embeddable":true,"href":"https:\/\/autodeclaro.es\/de\/wp-json\/wp\/v2\/users\/1"}],"replies":[{"embeddable":true,"href":"https:\/\/autodeclaro.es\/de\/wp-json\/wp\/v2\/comments?post=1399"}],"version-history":[{"count":5,"href":"https:\/\/autodeclaro.es\/de\/wp-json\/wp\/v2\/pages\/1399\/revisions"}],"predecessor-version":[{"id":19342,"href":"https:\/\/autodeclaro.es\/de\/wp-json\/wp\/v2\/pages\/1399\/revisions\/19342"}],"wp:attachment":[{"href":"https:\/\/autodeclaro.es\/de\/wp-json\/wp\/v2\/media?parent=1399"}],"curies":[{"name":"wp","href":"https:\/\/api.w.org\/{rel}","templated":true}]}}